{"id":11185,"date":"2024-05-08T10:50:42","date_gmt":"2024-05-08T09:50:42","guid":{"rendered":"https:\/\/artemis-kautschuk.de\/?page_id=11185"},"modified":"2025-01-09T11:24:41","modified_gmt":"2025-01-09T10:24:41","slug":"stabbaender","status":"publish","type":"page","link":"https:\/\/artemis-kautschuk.de\/de\/produkte\/stabbaender\/","title":{"rendered":"Stabb\u00e4nder"},"content":{"rendered":"\t\t<div data-elementor-type=\"wp-page\" data-elementor-id=\"11185\" class=\"elementor elementor-11185\" data-elementor-post-type=\"page\">\n\t\t\t\t<div class=\"elementor-element elementor-element-3595a49 e-con-full e-flex e-con e-parent\" data-id=\"3595a49\" data-element_type=\"container\" data-e-type=\"container\" data-settings=\"{&quot;background_background&quot;:&quot;classic&quot;,&quot;animation&quot;:&quot;none&quot;,&quot;shape_divider_bottom&quot;:&quot;opacity-tilt&quot;}\">\n\t\t\t\t<div class=\"elementor-shape elementor-shape-bottom\" aria-hidden=\"true\" data-negative=\"false\">\n\t\t\t<svg xmlns=\"http:\/\/www.w3.org\/2000\/svg\" viewBox=\"0 0 2600 131.1\" preserveAspectRatio=\"none\">\n\t<path class=\"elementor-shape-fill\" d=\"M0 0L2600 0 2600 69.1 0 0z\"\/>\n\t<path class=\"elementor-shape-fill\" style=\"opacity:0.5\" d=\"M0 0L2600 0 2600 69.1 0 69.1z\"\/>\n\t<path class=\"elementor-shape-fill\" style=\"opacity:0.25\" d=\"M2600 0L0 0 0 130.1 2600 69.1z\"\/>\n<\/svg>\t\t<\/div>\n\t\t<div class=\"elementor-element elementor-element-1cb3b49 e-con-full e-flex e-con e-child\" data-id=\"1cb3b49\" data-element_type=\"container\" data-e-type=\"container\">\n\t\t\t\t<\/div>\n\t\t\t\t<\/div>\n\t\t<div class=\"elementor-element elementor-element-b1f6653 e-flex e-con-boxed e-con e-parent\" data-id=\"b1f6653\" data-element_type=\"container\" data-e-type=\"container\">\n\t\t\t\t\t<div class=\"e-con-inner\">\n\t\t<div class=\"elementor-element elementor-element-67d8819 e-con-full e-flex e-con e-child\" data-id=\"67d8819\" data-element_type=\"container\" data-e-type=\"container\">\n\t\t\t\t<div class=\"elementor-element elementor-element-049815c elementor-widget elementor-widget-heading\" data-id=\"049815c\" data-element_type=\"widget\" data-e-type=\"widget\" data-widget_type=\"heading.default\">\n\t\t\t\t<div class=\"elementor-widget-container\">\n\t\t\t\t\t<h1 class=\"elementor-heading-title elementor-size-default\">Stabb\u00e4nder<\/h1>\t\t\t\t<\/div>\n\t\t\t\t<\/div>\n\t\t\t\t<div class=\"elementor-element elementor-element-d792920 headlineGreen elementor-widget elementor-widget-heading\" data-id=\"d792920\" data-element_type=\"widget\" data-e-type=\"widget\" data-widget_type=\"heading.default\">\n\t\t\t\t<div class=\"elementor-widget-container\">\n\t\t\t\t\t<p class=\"elementor-heading-title elementor-size-default\">Effiziente Transportl\u00f6sungen f\u00fcr Feldfr\u00fcchte<\/p>\t\t\t\t<\/div>\n\t\t\t\t<\/div>\n\t\t\t\t<div class=\"elementor-element elementor-element-bbd06cd elementor-widget elementor-widget-text-editor\" data-id=\"bbd06cd\" data-element_type=\"widget\" data-e-type=\"widget\" data-widget_type=\"text-editor.default\">\n\t\t\t\t<div class=\"elementor-widget-container\">\n\t\t\t\t\t\t\t\t\t<p>Verbraucher:innen haben hohe Erwartungen an Obst und Gem\u00fcse, sie m\u00f6chten perfekte Waren kaufen. Kartoffeln, deren Haut besch\u00e4digt ist oder \u00c4pfel mit Druckstellen? Sie kommen selten in den Einkaufswagen. Die Optik ist f\u00fcr viele K\u00e4ufer:innen gleichbedeutend mit Qualit\u00e4t und Geschmack. Die Ernte muss daher unbeschadet vom Feld in die L\u00e4den gelangen.<\/p><p>Bisher verwendete Mitnehmer aus Stahl sind zu hart und k\u00f6nnen Druckstellen und Abschabungen beim Erntegut verursachen. Um dies zu vermeiden, haben wir f\u00fcr die Landwirtschaft Siebstabb\u00e4nder mit gummierten Mitnehmern entwickelt, die den sanften Transport der Feldfr\u00fcchte erm\u00f6glichen. Die Mitnehmer kommen zum Beispiel in Kartoffelrodern zum Einsatz.<\/p><p>Wir bieten individuell angepasste Elastomer-Mischungen f\u00fcr gummierte Mitnehmer und Transportb\u00e4nder an, die das Erntegut schonen. Zudem wird durch das leichte Material auch das Gewicht der Erntemaschinen reduziert \u2013 die Maschinen ben\u00f6tigen weniger Kraftstoff und sind daher umweltschonender.<\/p>\t\t\t\t\t\t\t\t<\/div>\n\t\t\t\t<\/div>\n\t\t\t\t<\/div>\n\t\t\t\t<div class=\"elementor-element elementor-element-754f8fe elementor-widget__width-initial elementor-widget-tablet__width-inherit elementor-widget elementor-widget-image\" data-id=\"754f8fe\" data-element_type=\"widget\" data-e-type=\"widget\" data-widget_type=\"image.default\">\n\t\t\t\t<div class=\"elementor-widget-container\">\n\t\t\t\t\t\t\t\t\t\t\t\t\t\t\t<img fetchpriority=\"high\" decoding=\"async\" width=\"800\" height=\"535\" src=\"https:\/\/artemis-kautschuk.de\/wp-content\/uploads\/bilder\/Zuckerrueben_Ernte_in_Bewegung.jpg\" class=\"attachment-large size-large wp-image-12017\" alt=\"\" \/>\t\t\t\t\t\t\t\t\t\t\t\t\t\t\t<\/div>\n\t\t\t\t<\/div>\n\t\t\t\t\t<\/div>\n\t\t\t\t<\/div>\n\t\t<div class=\"elementor-element elementor-element-d930696 centered-columns e-flex e-con-boxed e-con e-parent\" data-id=\"d930696\" data-element_type=\"container\" data-e-type=\"container\" data-settings=\"{&quot;background_background&quot;:&quot;classic&quot;}\">\n\t\t\t\t\t<div class=\"e-con-inner\">\n\t\t\t\t<div class=\"elementor-element elementor-element-b8d4f35 headlineGreen elementor-widget__width-inherit elementor-widget elementor-widget-heading\" data-id=\"b8d4f35\" data-element_type=\"widget\" data-e-type=\"widget\" data-widget_type=\"heading.default\">\n\t\t\t\t<div class=\"elementor-widget-container\">\n\t\t\t\t\t<h2 class=\"elementor-heading-title elementor-size-default\">Erg\u00e4nzen Sie Ihre Stabb\u00e4nder mit den passenden Mitnehmerl\u00f6sungen<\/h2>\t\t\t\t<\/div>\n\t\t\t\t<\/div>\n\t\t\t\t<div class=\"elementor-element elementor-element-451ec20 elementor-cta--skin-cover elementor-cta--valign-bottom elementor-bg-transform elementor-bg-transform-zoom-out elementor-widget__width-initial elementor-widget-mobile__width-inherit elementor-widget elementor-widget-call-to-action\" data-id=\"451ec20\" data-element_type=\"widget\" data-e-type=\"widget\" data-widget_type=\"call-to-action.default\">\n\t\t\t\t<div class=\"elementor-widget-container\">\n\t\t\t\t\t\t\t<div class=\"elementor-cta\">\n\t\t\t\t\t<div class=\"elementor-cta__bg-wrapper\">\n\t\t\t\t<div class=\"elementor-cta__bg elementor-bg\" style=\"background-image: url(https:\/\/artemis-kautschuk.de\/wp-content\/uploads\/produkt\/Mitnehmer-MRF-rotated.jpg);\" role=\"img\" aria-label=\"Mitnehmer MRF\"><\/div>\n\t\t\t\t<div class=\"elementor-cta__bg-overlay\"><\/div>\n\t\t\t<\/div>\n\t\t\t\t\t\t\t<div class=\"elementor-cta__content\">\n\t\t\t\t\n\t\t\t\t\n\t\t\t\t\n\t\t\t\t\t\t\t\t\t<div class=\"elementor-cta__button-wrapper elementor-cta__content-item elementor-content-item \">\n\t\t\t\t\t<a class=\"elementor-cta__button elementor-button elementor-size-\">\n\t\t\t\t\t\tMRF\t\t\t\t\t<\/a>\n\t\t\t\t\t<\/div>\n\t\t\t\t\t\t\t<\/div>\n\t\t\t\t\t\t<\/div>\n\t\t\t\t\t\t<\/div>\n\t\t\t\t<\/div>\n\t\t\t\t<div class=\"elementor-element elementor-element-0dc1a3a elementor-cta--skin-cover elementor-cta--valign-bottom elementor-bg-transform elementor-bg-transform-zoom-out elementor-widget__width-initial elementor-widget-mobile__width-inherit elementor-widget elementor-widget-call-to-action\" data-id=\"0dc1a3a\" data-element_type=\"widget\" data-e-type=\"widget\" data-widget_type=\"call-to-action.default\">\n\t\t\t\t<div class=\"elementor-widget-container\">\n\t\t\t\t\t\t\t<div class=\"elementor-cta\">\n\t\t\t\t\t<div class=\"elementor-cta__bg-wrapper\">\n\t\t\t\t<div class=\"elementor-cta__bg elementor-bg\" style=\"background-image: url(https:\/\/artemis-kautschuk.de\/wp-content\/uploads\/produkt\/Mitnehmer-Stahl.jpg);\" role=\"img\" aria-label=\"Mitnehmer Stahl\"><\/div>\n\t\t\t\t<div class=\"elementor-cta__bg-overlay\"><\/div>\n\t\t\t<\/div>\n\t\t\t\t\t\t\t<div class=\"elementor-cta__content\">\n\t\t\t\t\n\t\t\t\t\n\t\t\t\t\n\t\t\t\t\t\t\t\t\t<div class=\"elementor-cta__button-wrapper elementor-cta__content-item elementor-content-item \">\n\t\t\t\t\t<a class=\"elementor-cta__button elementor-button elementor-size-\">\n\t\t\t\t\t\tStahl\t\t\t\t\t<\/a>\n\t\t\t\t\t<\/div>\n\t\t\t\t\t\t\t<\/div>\n\t\t\t\t\t\t<\/div>\n\t\t\t\t\t\t<\/div>\n\t\t\t\t<\/div>\n\t\t\t\t<div class=\"elementor-element elementor-element-9c7a51b elementor-cta--skin-cover elementor-cta--valign-bottom elementor-bg-transform elementor-bg-transform-zoom-out elementor-widget__width-initial elementor-widget-mobile__width-inherit elementor-widget elementor-widget-call-to-action\" data-id=\"9c7a51b\" data-element_type=\"widget\" data-e-type=\"widget\" data-widget_type=\"call-to-action.default\">\n\t\t\t\t<div class=\"elementor-widget-container\">\n\t\t\t\t\t\t\t<div class=\"elementor-cta\">\n\t\t\t\t\t<div class=\"elementor-cta__bg-wrapper\">\n\t\t\t\t<div class=\"elementor-cta__bg elementor-bg\" style=\"background-image: url(https:\/\/artemis-kautschuk.de\/wp-content\/uploads\/produkt\/RFL.jpg);\" role=\"img\" aria-label=\"RFL\"><\/div>\n\t\t\t\t<div class=\"elementor-cta__bg-overlay\"><\/div>\n\t\t\t<\/div>\n\t\t\t\t\t\t\t<div class=\"elementor-cta__content\">\n\t\t\t\t\n\t\t\t\t\n\t\t\t\t\n\t\t\t\t\t\t\t\t\t<div class=\"elementor-cta__button-wrapper elementor-cta__content-item elementor-content-item \">\n\t\t\t\t\t<a class=\"elementor-cta__button elementor-button elementor-size-\">\n\t\t\t\t\t\tRFL\t\t\t\t\t<\/a>\n\t\t\t\t\t<\/div>\n\t\t\t\t\t\t\t<\/div>\n\t\t\t\t\t\t<\/div>\n\t\t\t\t\t\t<\/div>\n\t\t\t\t<\/div>\n\t\t\t\t<div class=\"elementor-element elementor-element-4138441 elementor-cta--skin-cover elementor-cta--valign-bottom elementor-bg-transform elementor-bg-transform-zoom-out elementor-widget__width-initial elementor-widget-mobile__width-inherit elementor-widget elementor-widget-call-to-action\" data-id=\"4138441\" data-element_type=\"widget\" data-e-type=\"widget\" data-widget_type=\"call-to-action.default\">\n\t\t\t\t<div class=\"elementor-widget-container\">\n\t\t\t\t\t\t\t<div class=\"elementor-cta\">\n\t\t\t\t\t<div class=\"elementor-cta__bg-wrapper\">\n\t\t\t\t<div class=\"elementor-cta__bg elementor-bg\" style=\"background-image: url(https:\/\/artemis-kautschuk.de\/wp-content\/uploads\/produkt\/Mitnehmer-Kunststoff.jpg);\" role=\"img\" aria-label=\"Mitnehmer Kunststoff\"><\/div>\n\t\t\t\t<div class=\"elementor-cta__bg-overlay\"><\/div>\n\t\t\t<\/div>\n\t\t\t\t\t\t\t<div class=\"elementor-cta__content\">\n\t\t\t\t\n\t\t\t\t\n\t\t\t\t\n\t\t\t\t\t\t\t\t\t<div class=\"elementor-cta__button-wrapper elementor-cta__content-item elementor-content-item \">\n\t\t\t\t\t<a class=\"elementor-cta__button elementor-button elementor-size-\">\n\t\t\t\t\t\tKunststoff\t\t\t\t\t<\/a>\n\t\t\t\t\t<\/div>\n\t\t\t\t\t\t\t<\/div>\n\t\t\t\t\t\t<\/div>\n\t\t\t\t\t\t<\/div>\n\t\t\t\t<\/div>\n\t\t\t\t<div class=\"elementor-element elementor-element-9dad43f elementor-widget elementor-widget-button\" data-id=\"9dad43f\" data-element_type=\"widget\" data-e-type=\"widget\" data-widget_type=\"button.default\">\n\t\t\t\t<div class=\"elementor-widget-container\">\n\t\t\t\t\t\t\t\t\t<div class=\"elementor-button-wrapper\">\n\t\t\t\t\t<a class=\"elementor-button elementor-button-link elementor-size-sm\" href=\"https:\/\/artemis-kautschuk.de\/wp-content\/uploads\/dokumente\/Katalog-Agrartechnik.pdf\">\n\t\t\t\t\t\t<span class=\"elementor-button-content-wrapper\">\n\t\t\t\t\t\t<span class=\"elementor-button-icon\">\n\t\t\t\t<i aria-hidden=\"true\" class=\"fas fa-angle-double-right\"><\/i>\t\t\t<\/span>\n\t\t\t\t\t\t\t\t\t<span class=\"elementor-button-text\">Entdecken Sie alle Details zu unseren Mitnehmern und Stabb\u00e4ndern im Katalog<\/span>\n\t\t\t\t\t<\/span>\n\t\t\t\t\t<\/a>\n\t\t\t\t<\/div>\n\t\t\t\t\t\t\t\t<\/div>\n\t\t\t\t<\/div>\n\t\t\t\t\t<\/div>\n\t\t\t\t<\/div>\n\t\t<div class=\"elementor-element elementor-element-f13b5fe e-flex e-con-boxed e-con e-parent\" data-id=\"f13b5fe\" data-element_type=\"container\" data-e-type=\"container\" data-settings=\"{&quot;background_background&quot;:&quot;classic&quot;,&quot;shape_divider_top&quot;:&quot;opacity-tilt&quot;}\">\n\t\t\t\t\t<div class=\"e-con-inner\">\n\t\t\t\t<div class=\"elementor-shape elementor-shape-top\" aria-hidden=\"true\" data-negative=\"false\">\n\t\t\t<svg xmlns=\"http:\/\/www.w3.org\/2000\/svg\" viewBox=\"0 0 2600 131.1\" preserveAspectRatio=\"none\">\n\t<path class=\"elementor-shape-fill\" d=\"M0 0L2600 0 2600 69.1 0 0z\"\/>\n\t<path class=\"elementor-shape-fill\" style=\"opacity:0.5\" d=\"M0 0L2600 0 2600 69.1 0 69.1z\"\/>\n\t<path class=\"elementor-shape-fill\" style=\"opacity:0.25\" d=\"M2600 0L0 0 0 130.1 2600 69.1z\"\/>\n<\/svg>\t\t<\/div>\n\t\t<div class=\"elementor-element elementor-element-99ed283 e-con-full e-flex e-con e-child\" data-id=\"99ed283\" data-element_type=\"container\" data-e-type=\"container\" data-settings=\"{&quot;background_background&quot;:&quot;classic&quot;}\">\n\t\t\t\t<div class=\"elementor-element elementor-element-ab86cbd elementor-widget elementor-widget-heading\" data-id=\"ab86cbd\" data-element_type=\"widget\" data-e-type=\"widget\" data-widget_type=\"heading.default\">\n\t\t\t\t<div class=\"elementor-widget-container\">\n\t\t\t\t\t<h2 class=\"elementor-heading-title elementor-size-default\">Ihre Fragen, unsere Antworten \u2013 Kontaktieren Sie uns!<\/h2>\t\t\t\t<\/div>\n\t\t\t\t<\/div>\n\t\t\t\t<div class=\"elementor-element elementor-element-a409e16 elementor-widget elementor-widget-formidable\" data-id=\"a409e16\" data-element_type=\"widget\" data-e-type=\"widget\" data-widget_type=\"formidable.default\">\n\t\t\t\t<div class=\"elementor-widget-container\">\n\t\t\t\t\t<div class=\"frm_forms  with_frm_style frm_style_formidable-style\" id=\"frm_form_22_container\" >\n<form enctype=\"multipart\/form-data\" method=\"post\" class=\"frm-show-form  frm_js_validate  frm_ajax_submit  frm_pro_form \" id=\"form_kontakt_produkte\" >\n<div class=\"frm_form_fields \">\n<fieldset>\n<legend class=\"frm_screen_reader\">Produkte Kontakformular <\/legend>\r\n\r\n<div class=\"frm_fields_container\">\n<input type=\"hidden\" name=\"frm_action\" value=\"create\" \/>\n<input type=\"hidden\" name=\"form_id\" value=\"22\" \/>\n<input type=\"hidden\" name=\"frm_hide_fields_22\" id=\"frm_hide_fields_22\" value=\"\" \/>\n<input type=\"hidden\" name=\"form_key\" value=\"kontakt_produkte\" \/>\n<input type=\"hidden\" name=\"item_meta[0]\" value=\"\" \/>\n<input type=\"hidden\" id=\"frm_submit_entry_22\" name=\"frm_submit_entry_22\" value=\"fc8ff5ae14\" \/><input type=\"hidden\" name=\"_wp_http_referer\" value=\"\/de\/wp-json\/wp\/v2\/pages\/11185\" \/><div id=\"frm_field_416_container\" class=\"frm_form_field frm_section_heading form-field  frm12 frm_first frm_hide_section\">\r\n<h3 class=\"frm_pos_none frm_section_spacing\">Bereich<\/h3>\r\n\r\n\r\n<div id=\"frm_field_417_container\" class=\"frm_form_field form-field  frm_required_field frm_top_container frm4 frm_first\">\r\n    <label for=\"field_vg1g92\" id=\"field_vg1g92_label\" class=\"frm_primary_label\">Anrede\r\n        <span class=\"frm_required\" aria-hidden=\"true\">*<\/span>\r\n    <\/label>\r\n    \t\t<select name=\"item_meta[417]\" id=\"field_vg1g92\"  data-reqmsg=\"Anrede cannot be blank.\" aria-required=\"true\" data-invmsg=\"Anrede ist ung\u00fcltig\" aria-invalid=\"false\"  >\n\t\t<option  value=\"Herr\">Herr<\/option><option  value=\"Frau\">Frau<\/option><option  value=\"Divers\">Divers<\/option>\t<\/select>\n\t\r\n    \r\n    \r\n<\/div>\n<div id=\"frm_field_419_container\" class=\"frm_form_field form-field  frm_required_field frm_top_container frm4\">\r\n    <label for=\"field_hz4mn\" id=\"field_hz4mn_label\" class=\"frm_primary_label\">Nachname\r\n        <span class=\"frm_required\">*<\/span>\r\n    <\/label>\r\n    <input  type=\"text\" id=\"field_hz4mn\" name=\"item_meta[419]\" value=\"\"  data-sectionid=\"416\"  data-reqmsg=\"Nachname cannot be blank.\" aria-required=\"true\" data-invmsg=\"Text ist ung\u00fcltig\" aria-invalid=\"false\"   \/>\r\n    \r\n    \r\n<\/div>\n<div id=\"frm_field_422_container\" class=\"frm_form_field form-field  frm_required_field frm_top_container frm4\">\r\n    <label for=\"field_x977h462\" id=\"field_x977h462_label\" class=\"frm_primary_label\">Unternehmen\r\n        <span class=\"frm_required\">*<\/span>\r\n    <\/label>\r\n    <input  type=\"text\" id=\"field_x977h462\" name=\"item_meta[422]\" value=\"\"  data-sectionid=\"416\"  data-reqmsg=\"Unternehmen cannot be blank.\" aria-required=\"true\" data-invmsg=\"Text ist ung\u00fcltig\" aria-invalid=\"false\"   \/>\r\n    \r\n    \r\n<\/div>\n<div id=\"frm_field_421_container\" class=\"frm_form_field form-field  frm_required_field frm_top_container frm4 frm_first\">\r\n    <label for=\"field_2jt76462\" id=\"field_2jt76462_label\" class=\"frm_primary_label\">E-Mail\r\n        <span class=\"frm_required\">*<\/span>\r\n    <\/label>\r\n    <input type=\"email\" id=\"field_2jt76462\" name=\"item_meta[421]\" value=\"\"  data-sectionid=\"416\"  data-reqmsg=\"E-Mail cannot be blank.\" aria-required=\"true\" data-invmsg=\"E-Mail ist ung\u00fcltig\" aria-invalid=\"false\"  \/>\r\n    \r\n    \r\n<\/div>\n<div id=\"frm_field_420_container\" class=\"frm_form_field form-field  frm_top_container frm4\">\r\n    <label for=\"field_bdfmy362\" id=\"field_bdfmy362_label\" class=\"frm_primary_label\">Telefon\r\n        <span class=\"frm_required\"><\/span>\r\n    <\/label>\r\n    <input  type=\"text\" id=\"field_bdfmy362\" name=\"item_meta[420]\" value=\"\"  data-sectionid=\"416\"  data-invmsg=\"Text ist ung\u00fcltig\" aria-invalid=\"false\"   \/>\r\n    \r\n    \r\n<\/div>\n<div id=\"frm_field_423_container\" class=\"frm_form_field form-field  frm_required_field frm_top_container frm4\">\r\n    <label for=\"field_wqu30\" id=\"field_wqu30_label\" class=\"frm_primary_label\">PLZ\r\n        <span class=\"frm_required\">*<\/span>\r\n    <\/label>\r\n    <input  type=\"text\" id=\"field_wqu30\" name=\"item_meta[423]\" value=\"\"  data-sectionid=\"416\"  placeholder=\"30419\" data-reqmsg=\"PLZ cannot be blank.\" aria-required=\"true\" data-invmsg=\"Text ist ung\u00fcltig\" aria-invalid=\"false\"   \/>\r\n    \r\n    \r\n<\/div>\n<div id=\"frm_field_426_container\" class=\"frm_form_field form-field  frm_required_field frm_top_container\">\r\n    <label for=\"field_kcamo462\" id=\"field_kcamo462_label\" class=\"frm_primary_label\">Ihre Nachricht\r\n        <span class=\"frm_required\">*<\/span>\r\n    <\/label>\r\n    <textarea data-auto-grow=\"1\"  name=\"item_meta[426]\" id=\"field_kcamo462\" rows=\"1\"  data-sectionid=\"416\"  data-reqmsg=\"Ihre Nachricht cannot be blank.\" aria-required=\"true\" data-invmsg=\"Ihre Nachricht ist ung\u00fcltig\" aria-invalid=\"false\"  ><\/textarea>\r\n    \r\n    \r\n<\/div>\n<div id=\"frm_field_427_container\" class=\"frm_form_field form-field  frm_required_field frm_none_container frm_first frm_three_fourths vertical_radio\">\r\n    <div  id=\"field_nckr8462_label\" class=\"frm_primary_label\">Checkboxen\r\n        <span class=\"frm_required\">*<\/span>\r\n    <\/div>\r\n    <div class=\"frm_opt_container\" aria-labelledby=\"field_nckr8462_label\" role=\"group\">\t\t<div class=\"frm_checkbox\" id=\"frm_checkbox_427-416-0\">\t\t\t<label  for=\"field_nckr8462-0\">\n\t\t\t<input type=\"checkbox\" name=\"item_meta[427][]\" id=\"field_nckr8462-0\" value=\"Hiermit akzeptiere ich die &lt;a href=&quot;https:\/\/artemis-kautschuk.de\/de\/&quot;&gt;Datenschutzbestimmungen&lt;\/a&gt;.\"  data-sectionid=\"416\"  data-reqmsg=\"Bitte anw\u00e4hlen.\" data-invmsg=\"Checkboxen ist ung\u00fcltig\"   aria-required=\"true\"  \/> Hiermit akzeptiere ich die <a href=\"https:\/\/artemis-kautschuk.de\/de\/\">Datenschutzbestimmungen<\/a>.<\/label><\/div>\n<\/div>\r\n    \r\n    \r\n<\/div>\n<div id=\"frm_field_428_container\" class=\"frm_form_field  frm_fourth frm_html_container form-field\">\n<div style=\"color: #35ad71; text-align: right;\"><span style=\"color: #35ad71;\">*<\/span> = Pflichtfeld<\/div>\n<\/div>\n<input type=\"hidden\" name=\"item_meta[429]\" id=\"field_99t3x362\" value=\"https:\/\/www.jaegergroup.com\/de\/wp-json\/wp\/v2\/pages\/11185\"  data-sectionid=\"416\"  data-frmval=\"https:\/\/www.jaegergroup.com\/de\/wp-json\/wp\/v2\/pages\/11185\"   \/>\n<\/div>\n<div id=\"frm_field_431_container\" class=\"frm_form_field form-field  frm_none_container\">\r\n    <label for=\"g-recaptcha-response\" id=\"field_lkqpk_label\" class=\"frm_primary_label\">Captcha\r\n        <span class=\"frm_required\"><\/span>\r\n    <\/label>\r\n    <div  id=\"field_lkqpk\" class=\"frm-g-recaptcha\" data-sitekey=\"6LdTkMAqAAAAAAhbp8Nuhq1DJS46nX0mYJ1Dbz3V\" data-size=\"invisible\" data-theme=\"light\"><\/div>\r\n    \r\n    \r\n<\/div>\n<div id=\"frm_field_433_container\" class=\"frm_form_field form-field \">\n\t<div class=\"frm_submit\">\r\n\r\n<button class=\"frm_button_submit frm_final_submit\" type=\"submit\"   formnovalidate=\"formnovalidate\">Senden<\/button>\r\n\r\n<\/div>\n<\/div>\n\t<input type=\"hidden\" name=\"item_key\" value=\"\" \/>\n\t\t\t<div id=\"frm_field_483_container\">\n\t\t\t<label for=\"field_opx2r\" >\n\t\t\t\tFalls Du menschlich bist, lasse dieses Feld leer.\t\t\t<\/label>\n\t\t\t<input  id=\"field_opx2r\" type=\"text\" class=\"frm_form_field form-field frm_verify\" name=\"item_meta[483]\" value=\"\"  \/>\n\t\t<\/div>\n\t\t<input name=\"frm_state\" type=\"hidden\" value=\"M4kAo45WGQpmnXQWVMk97mnBmRG9dus6ObzNNa5ns5M6bBITdKsU1kYd3qxjchLd\" \/><\/div>\n<\/fieldset>\n<\/div>\n\n<\/form>\n<\/div>\n\t\t\t\t<\/div>\n\t\t\t\t<\/div>\n\t\t\t\t<\/div>\n\t\t\t\t\t<\/div>\n\t\t\t\t<\/div>\n\t\t\t\t<\/div>\n\t\t","protected":false},"excerpt":{"rendered":"<p>Stabb\u00e4nder Effiziente Transportl\u00f6sungen f\u00fcr Feldfr\u00fcchte Verbraucher:innen haben hohe Erwartungen an Obst und Gem\u00fcse, sie m\u00f6chten perfekte Waren kaufen. Kartoffeln, deren Haut besch\u00e4digt ist oder \u00c4pfel mit Druckstellen? Sie kommen selten in den Einkaufswagen. Die Optik ist f\u00fcr viele K\u00e4ufer:innen gleichbedeutend mit Qualit\u00e4t und Geschmack. Die Ernte muss daher unbeschadet vom Feld in die L\u00e4den gelangen. [&hellip;]<\/p>\n","protected":false},"author":2,"featured_media":0,"parent":12806,"menu_order":0,"comment_status":"closed","ping_status":"closed","template":"elementor_header_footer","meta":{"_acf_changed":false,"inline_featured_image":false,"footnotes":""},"class_list":["post-11185","page","type-page","status-publish","hentry"],"acf":[],"_links":{"self":[{"href":"https:\/\/artemis-kautschuk.de\/de\/wp-json\/wp\/v2\/pages\/11185","targetHints":{"allow":["GET"]}}],"collection":[{"href":"https:\/\/artemis-kautschuk.de\/de\/wp-json\/wp\/v2\/pages"}],"about":[{"href":"https:\/\/artemis-kautschuk.de\/de\/wp-json\/wp\/v2\/types\/page"}],"author":[{"embeddable":true,"href":"https:\/\/artemis-kautschuk.de\/de\/wp-json\/wp\/v2\/users\/2"}],"replies":[{"embeddable":true,"href":"https:\/\/artemis-kautschuk.de\/de\/wp-json\/wp\/v2\/comments?post=11185"}],"version-history":[{"count":109,"href":"https:\/\/artemis-kautschuk.de\/de\/wp-json\/wp\/v2\/pages\/11185\/revisions"}],"predecessor-version":[{"id":13135,"href":"https:\/\/artemis-kautschuk.de\/de\/wp-json\/wp\/v2\/pages\/11185\/revisions\/13135"}],"up":[{"embeddable":true,"href":"https:\/\/artemis-kautschuk.de\/de\/wp-json\/wp\/v2\/pages\/12806"}],"wp:attachment":[{"href":"https:\/\/artemis-kautschuk.de\/de\/wp-json\/wp\/v2\/media?parent=11185"}],"curies":[{"name":"wp","href":"https:\/\/api.w.org\/{rel}","templated":true}]}}