{"id":11280,"date":"2024-05-15T09:46:26","date_gmt":"2024-05-15T08:46:26","guid":{"rendered":"https:\/\/artemis-kautschuk.de\/?page_id=11280"},"modified":"2025-01-16T15:07:15","modified_gmt":"2025-01-16T14:07:15","slug":"formartikel","status":"publish","type":"page","link":"https:\/\/artemis-kautschuk.de\/de\/produkte\/formartikel\/","title":{"rendered":"Formartikel"},"content":{"rendered":"\t\t<div data-elementor-type=\"wp-page\" data-elementor-id=\"11280\" class=\"elementor elementor-11280\" data-elementor-post-type=\"page\">\n\t\t\t\t<div class=\"elementor-element elementor-element-3595a49 e-con-full e-flex e-con e-parent\" data-id=\"3595a49\" data-element_type=\"container\" data-e-type=\"container\" data-settings=\"{&quot;background_background&quot;:&quot;classic&quot;,&quot;animation&quot;:&quot;none&quot;,&quot;shape_divider_bottom&quot;:&quot;opacity-tilt&quot;}\">\n\t\t\t\t<div class=\"elementor-shape elementor-shape-bottom\" aria-hidden=\"true\" data-negative=\"false\">\n\t\t\t<svg xmlns=\"http:\/\/www.w3.org\/2000\/svg\" viewBox=\"0 0 2600 131.1\" preserveAspectRatio=\"none\">\n\t<path class=\"elementor-shape-fill\" d=\"M0 0L2600 0 2600 69.1 0 0z\"\/>\n\t<path class=\"elementor-shape-fill\" style=\"opacity:0.5\" d=\"M0 0L2600 0 2600 69.1 0 69.1z\"\/>\n\t<path class=\"elementor-shape-fill\" style=\"opacity:0.25\" d=\"M2600 0L0 0 0 130.1 2600 69.1z\"\/>\n<\/svg>\t\t<\/div>\n\t\t<div class=\"elementor-element elementor-element-1cb3b49 e-con-full e-flex e-con e-child\" data-id=\"1cb3b49\" data-element_type=\"container\" data-e-type=\"container\">\n\t\t\t\t<\/div>\n\t\t\t\t<\/div>\n\t\t<div class=\"elementor-element elementor-element-b1f6653 e-flex e-con-boxed e-con e-parent\" data-id=\"b1f6653\" data-element_type=\"container\" data-e-type=\"container\">\n\t\t\t\t\t<div class=\"e-con-inner\">\n\t\t<div class=\"elementor-element elementor-element-67d8819 e-con-full e-flex e-con e-child\" data-id=\"67d8819\" data-element_type=\"container\" data-e-type=\"container\">\n\t\t\t\t<div class=\"elementor-element elementor-element-049815c elementor-widget elementor-widget-heading\" data-id=\"049815c\" data-element_type=\"widget\" data-e-type=\"widget\" data-widget_type=\"heading.default\">\n\t\t\t\t<div class=\"elementor-widget-container\">\n\t\t\t\t\t<h1 class=\"elementor-heading-title elementor-size-default\">Formartikel <\/h1>\t\t\t\t<\/div>\n\t\t\t\t<\/div>\n\t\t\t\t<div class=\"elementor-element elementor-element-d792920 elementor-widget elementor-widget-heading\" data-id=\"d792920\" data-element_type=\"widget\" data-e-type=\"widget\" data-widget_type=\"heading.default\">\n\t\t\t\t<div class=\"elementor-widget-container\">\n\t\t\t\t\t<p class=\"elementor-heading-title elementor-size-default\">Pr\u00e4zision und Effizienz in Konstruktion und Produktion<\/p>\t\t\t\t<\/div>\n\t\t\t\t<\/div>\n\t\t\t\t<div class=\"elementor-element elementor-element-bbd06cd elementor-widget elementor-widget-text-editor\" data-id=\"bbd06cd\" data-element_type=\"widget\" data-e-type=\"widget\" data-widget_type=\"text-editor.default\">\n\t\t\t\t<div class=\"elementor-widget-container\">\n\t\t\t\t\t\t\t\t\t<p>Unsere Formartikel zeichnen sich durch ihre pr\u00e4zise Konstruktion und effiziente Produktion aus. Dank einer gro\u00dfen Auswahl an Fertigungsmaschinen k\u00f6nnen wir Serien in jeder Gr\u00f6\u00dfe, von Klein- bis Gro\u00dfserien, zu optimalen Teilekosten fertigen.<\/p><p>Sie sind zudem eine wertvolle Erg\u00e4nzung zu unseren Transportsysteml\u00f6sungen und finden vielf\u00e4ltige Einsatzm\u00f6glichkeiten, wie beispielsweise in gummierten Walzen, Rollen aus Metallen und Kunststoffen sowie in Spezialmitnehmern. Diese Formartikel dienen als zuverl\u00e4ssige Zubeh\u00f6rteile f\u00fcr eine breite Palette industrieller Anwendungen.<\/p><p>Damit bieten sie maximale Flexibilit\u00e4t und Anpassungsf\u00e4higkeit in verschiedensten Bereichen.<\/p>\t\t\t\t\t\t\t\t<\/div>\n\t\t\t\t<\/div>\n\t\t\t\t<\/div>\n\t\t\t\t<div class=\"elementor-element elementor-element-c5fbd43 elementor-widget__width-initial elementor-widget-tablet__width-inherit elementor-widget elementor-widget-image\" data-id=\"c5fbd43\" data-element_type=\"widget\" data-e-type=\"widget\" data-widget_type=\"image.default\">\n\t\t\t\t<div class=\"elementor-widget-container\">\n\t\t\t\t\t\t\t\t\t\t\t\t\t\t\t<img fetchpriority=\"high\" decoding=\"async\" width=\"768\" height=\"840\" src=\"https:\/\/artemis-kautschuk.de\/wp-content\/uploads\/produkt\/automatische-dosiereinheit-zur-saatgutablage.jpg\" class=\"attachment-medium_large size-medium_large wp-image-12769\" alt=\"automatische dosiereinheit zur saatgutablage\" \/>\t\t\t\t\t\t\t\t\t\t\t\t\t\t\t<\/div>\n\t\t\t\t<\/div>\n\t\t\t\t\t<\/div>\n\t\t\t\t<\/div>\n\t\t<div class=\"elementor-element elementor-element-4f3cf5c e-con-full e-flex e-con e-parent\" data-id=\"4f3cf5c\" data-element_type=\"container\" data-e-type=\"container\">\n\t\t\t\t<div class=\"elementor-element elementor-element-afdf050 elementor-widget-divider--view-line elementor-invisible elementor-widget elementor-widget-divider\" data-id=\"afdf050\" data-element_type=\"widget\" data-e-type=\"widget\" data-settings=\"{&quot;_animation&quot;:&quot;slideInLeft&quot;}\" data-widget_type=\"divider.default\">\n\t\t\t\t<div class=\"elementor-widget-container\">\n\t\t\t\t\t\t\t<div class=\"elementor-divider\">\n\t\t\t<span class=\"elementor-divider-separator\">\n\t\t\t\t\t\t<\/span>\n\t\t<\/div>\n\t\t\t\t\t\t<\/div>\n\t\t\t\t<\/div>\n\t\t\t\t<\/div>\n\t\t<div class=\"elementor-element elementor-element-1a41818 e-flex e-con-boxed e-con e-parent\" data-id=\"1a41818\" data-element_type=\"container\" data-e-type=\"container\">\n\t\t\t\t\t<div class=\"e-con-inner\">\n\t\t\t\t<div class=\"elementor-element elementor-element-c5ed3f1 elementor-widget__width-initial elementor-widget-tablet__width-inherit elementor-widget elementor-widget-image\" data-id=\"c5ed3f1\" data-element_type=\"widget\" data-e-type=\"widget\" data-widget_type=\"image.default\">\n\t\t\t\t<div class=\"elementor-widget-container\">\n\t\t\t\t\t\t\t\t\t\t\t\t\t\t\t<img decoding=\"async\" width=\"768\" height=\"512\" src=\"https:\/\/artemis-kautschuk.de\/wp-content\/uploads\/bilder\/Produktion-1.jpg\" class=\"attachment-medium_large size-medium_large wp-image-12837\" alt=\"Produktion 1\" \/>\t\t\t\t\t\t\t\t\t\t\t\t\t\t\t<\/div>\n\t\t\t\t<\/div>\n\t\t<div class=\"elementor-element elementor-element-2ab6420 e-con-full e-flex e-con e-child\" data-id=\"2ab6420\" data-element_type=\"container\" data-e-type=\"container\">\n\t\t\t\t<div class=\"elementor-element elementor-element-39f5f44 elementor-widget__width-inherit elementor-widget elementor-widget-heading\" data-id=\"39f5f44\" data-element_type=\"widget\" data-e-type=\"widget\" data-widget_type=\"heading.default\">\n\t\t\t\t<div class=\"elementor-widget-container\">\n\t\t\t\t\t<h2 class=\"elementor-heading-title elementor-size-default\">Leistungsstarke Produktion durch Inhouse-Expertise<\/h2>\t\t\t\t<\/div>\n\t\t\t\t<\/div>\n\t\t\t\t<div class=\"elementor-element elementor-element-2517017 elementor-widget elementor-widget-text-editor\" data-id=\"2517017\" data-element_type=\"widget\" data-e-type=\"widget\" data-widget_type=\"text-editor.default\">\n\t\t\t\t<div class=\"elementor-widget-container\">\n\t\t\t\t\t\t\t\t\t<p>Unsere leistungsstarke Produktion basiert auf unserer Inhouse-Expertise in der Werkzeugauslegung und -produktion, wodurch wir f\u00fcr jede spezifische Anforderung schnell die passenden L\u00f6sungen entwickeln. Dabei unterst\u00fctzen unsere Expertenteams aus Ingenieur und Mischungsspezialist Sie aktiv bei der Konstruktion optimaler Produktgeometrien.<\/p><p>Gleichzeitig sorgen sie f\u00fcr die Auswahl der besten Materialmischungen, die exakt auf Ihre Einsatzbedingungen abgestimmt sind. Dieser individuelle Ansatz gew\u00e4hrleistet pr\u00e4zise und effiziente Ergebnisse. So schaffen wir f\u00fcr jede Anwendung die ideale Kombination aus Form und Funktion.<\/p>\t\t\t\t\t\t\t\t<\/div>\n\t\t\t\t<\/div>\n\t\t\t\t<\/div>\n\t\t\t\t\t<\/div>\n\t\t\t\t<\/div>\n\t\t<div class=\"elementor-element elementor-element-65bff61 e-con-full e-flex e-con e-parent\" data-id=\"65bff61\" data-element_type=\"container\" data-e-type=\"container\">\n\t\t\t\t<div class=\"elementor-element elementor-element-fa30b44 elementor-widget-divider--view-line elementor-invisible elementor-widget elementor-widget-divider\" data-id=\"fa30b44\" data-element_type=\"widget\" data-e-type=\"widget\" data-settings=\"{&quot;_animation&quot;:&quot;slideInRight&quot;}\" data-widget_type=\"divider.default\">\n\t\t\t\t<div class=\"elementor-widget-container\">\n\t\t\t\t\t\t\t<div class=\"elementor-divider\">\n\t\t\t<span class=\"elementor-divider-separator\">\n\t\t\t\t\t\t<\/span>\n\t\t<\/div>\n\t\t\t\t\t\t<\/div>\n\t\t\t\t<\/div>\n\t\t\t\t<\/div>\n\t\t<div class=\"elementor-element elementor-element-ffa981a e-flex e-con-boxed e-con e-parent\" data-id=\"ffa981a\" data-element_type=\"container\" data-e-type=\"container\">\n\t\t\t\t\t<div class=\"e-con-inner\">\n\t\t<div class=\"elementor-element elementor-element-750874c e-con-full e-flex e-con e-child\" data-id=\"750874c\" data-element_type=\"container\" data-e-type=\"container\">\n\t\t\t\t<div class=\"elementor-element elementor-element-f8570a4 elementor-widget__width-inherit elementor-widget elementor-widget-heading\" data-id=\"f8570a4\" data-element_type=\"widget\" data-e-type=\"widget\" data-widget_type=\"heading.default\">\n\t\t\t\t<div class=\"elementor-widget-container\">\n\t\t\t\t\t<h2 class=\"elementor-heading-title elementor-size-default\">Gummi-Metall- und Gummi-Kunststoffverbindungen<\/h2>\t\t\t\t<\/div>\n\t\t\t\t<\/div>\n\t\t\t\t<div class=\"elementor-element elementor-element-86de6e0 elementor-widget elementor-widget-text-editor\" data-id=\"86de6e0\" data-element_type=\"widget\" data-e-type=\"widget\" data-widget_type=\"text-editor.default\">\n\t\t\t\t<div class=\"elementor-widget-container\">\n\t\t\t\t\t\t\t\t\t<p>Die Gummi-Metall- und Gummi-Kunststoffverbindungen \u00fcberzeugen durch \u00fcberdurchschnittliche Bindungswerte, die eine au\u00dfergew\u00f6hnlich starke Haftung zwischen den Materialien sicherstellen. Dank dieser hohen Qualit\u00e4t bieten die Verbindungen eine besonders lange Lebensdauer, selbst unter anspruchsvollen Bedingungen. Dadurch eignen sich unsere Produkte ideal f\u00fcr Anwendungen, bei denen eine dauerhafte und zuverl\u00e4ssige Verbindung entscheidend ist. Die Kombination aus robusten Materialien und pr\u00e4ziser Verarbeitung garantiert eine best\u00e4ndige Performance. So sorgen wir f\u00fcr langlebige und hochbelastbare L\u00f6sungen.<\/p>\t\t\t\t\t\t\t\t<\/div>\n\t\t\t\t<\/div>\n\t\t\t\t<\/div>\n\t\t\t\t<div class=\"elementor-element elementor-element-e8ff0f8 elementor-widget__width-initial elementor-widget-tablet__width-inherit elementor-widget elementor-widget-image\" data-id=\"e8ff0f8\" data-element_type=\"widget\" data-e-type=\"widget\" data-widget_type=\"image.default\">\n\t\t\t\t<div class=\"elementor-widget-container\">\n\t\t\t\t\t\t\t\t\t\t\t\t\t\t\t<img decoding=\"async\" width=\"768\" height=\"512\" src=\"https:\/\/artemis-kautschuk.de\/wp-content\/uploads\/produkt\/Rolle-Walze-mit-Gummi-quer.jpg\" class=\"attachment-medium_large size-medium_large wp-image-11021\" alt=\"\" \/>\t\t\t\t\t\t\t\t\t\t\t\t\t\t\t<\/div>\n\t\t\t\t<\/div>\n\t\t\t\t\t<\/div>\n\t\t\t\t<\/div>\n\t\t<div class=\"elementor-element elementor-element-8566c70 e-con-full e-flex e-con e-parent\" data-id=\"8566c70\" data-element_type=\"container\" data-e-type=\"container\" data-settings=\"{&quot;background_background&quot;:&quot;classic&quot;,&quot;shape_divider_top&quot;:&quot;opacity-tilt&quot;}\">\n\t\t\t\t<div class=\"elementor-shape elementor-shape-top\" aria-hidden=\"true\" data-negative=\"false\">\n\t\t\t<svg xmlns=\"http:\/\/www.w3.org\/2000\/svg\" viewBox=\"0 0 2600 131.1\" preserveAspectRatio=\"none\">\n\t<path class=\"elementor-shape-fill\" d=\"M0 0L2600 0 2600 69.1 0 0z\"\/>\n\t<path class=\"elementor-shape-fill\" style=\"opacity:0.5\" d=\"M0 0L2600 0 2600 69.1 0 69.1z\"\/>\n\t<path class=\"elementor-shape-fill\" style=\"opacity:0.25\" d=\"M2600 0L0 0 0 130.1 2600 69.1z\"\/>\n<\/svg>\t\t<\/div>\n\t\t<div class=\"elementor-element elementor-element-aabf62c e-con-full e-flex e-con e-child\" data-id=\"aabf62c\" data-element_type=\"container\" data-e-type=\"container\" data-settings=\"{&quot;background_background&quot;:&quot;classic&quot;}\">\n\t\t\t\t<div class=\"elementor-element elementor-element-8d4124b elementor-widget elementor-widget-heading\" data-id=\"8d4124b\" data-element_type=\"widget\" data-e-type=\"widget\" data-widget_type=\"heading.default\">\n\t\t\t\t<div class=\"elementor-widget-container\">\n\t\t\t\t\t<h2 class=\"elementor-heading-title elementor-size-default\">Ihre Fragen, unsere Antworten \u2013 Kontaktieren Sie uns!<\/h2>\t\t\t\t<\/div>\n\t\t\t\t<\/div>\n\t\t\t\t<div class=\"elementor-element elementor-element-192e89b elementor-widget elementor-widget-formidable\" data-id=\"192e89b\" data-element_type=\"widget\" data-e-type=\"widget\" data-widget_type=\"formidable.default\">\n\t\t\t\t<div class=\"elementor-widget-container\">\n\t\t\t\t\t<div class=\"frm_forms  with_frm_style frm_style_formidable-style\" id=\"frm_form_22_container\" >\n<form enctype=\"multipart\/form-data\" method=\"post\" class=\"frm-show-form  frm_js_validate  frm_ajax_submit  frm_pro_form \" id=\"form_kontakt_produkte\" >\n<div class=\"frm_form_fields \">\n<fieldset>\n<legend class=\"frm_screen_reader\">Produkte Kontakformular <\/legend>\r\n\r\n<div class=\"frm_fields_container\">\n<input type=\"hidden\" name=\"frm_action\" value=\"create\" \/>\n<input type=\"hidden\" name=\"form_id\" value=\"22\" \/>\n<input type=\"hidden\" name=\"frm_hide_fields_22\" id=\"frm_hide_fields_22\" value=\"\" \/>\n<input type=\"hidden\" name=\"form_key\" value=\"kontakt_produkte\" \/>\n<input type=\"hidden\" name=\"item_meta[0]\" value=\"\" \/>\n<input type=\"hidden\" id=\"frm_submit_entry_22\" name=\"frm_submit_entry_22\" value=\"b2d7d29975\" \/><input type=\"hidden\" name=\"_wp_http_referer\" value=\"\/de\/wp-json\/wp\/v2\/pages\/11280\" \/><div id=\"frm_field_416_container\" class=\"frm_form_field frm_section_heading form-field  frm12 frm_first frm_hide_section\">\r\n<h3 class=\"frm_pos_none frm_section_spacing\">Bereich<\/h3>\r\n\r\n\r\n<div id=\"frm_field_417_container\" class=\"frm_form_field form-field  frm_required_field frm_top_container frm4 frm_first\">\r\n    <label for=\"field_vg1g92\" id=\"field_vg1g92_label\" class=\"frm_primary_label\">Anrede\r\n        <span class=\"frm_required\" aria-hidden=\"true\">*<\/span>\r\n    <\/label>\r\n    \t\t<select name=\"item_meta[417]\" id=\"field_vg1g92\"  data-reqmsg=\"Anrede cannot be blank.\" aria-required=\"true\" data-invmsg=\"Anrede ist ung\u00fcltig\" aria-invalid=\"false\"  >\n\t\t<option  value=\"Herr\">Herr<\/option><option  value=\"Frau\">Frau<\/option><option  value=\"Divers\">Divers<\/option>\t<\/select>\n\t\r\n    \r\n    \r\n<\/div>\n<div id=\"frm_field_419_container\" class=\"frm_form_field form-field  frm_required_field frm_top_container frm4\">\r\n    <label for=\"field_hz4mn\" id=\"field_hz4mn_label\" class=\"frm_primary_label\">Nachname\r\n        <span class=\"frm_required\">*<\/span>\r\n    <\/label>\r\n    <input  type=\"text\" id=\"field_hz4mn\" name=\"item_meta[419]\" value=\"\"  data-sectionid=\"416\"  data-reqmsg=\"Nachname cannot be blank.\" aria-required=\"true\" data-invmsg=\"Text ist ung\u00fcltig\" aria-invalid=\"false\"   \/>\r\n    \r\n    \r\n<\/div>\n<div id=\"frm_field_422_container\" class=\"frm_form_field form-field  frm_required_field frm_top_container frm4\">\r\n    <label for=\"field_x977h462\" id=\"field_x977h462_label\" class=\"frm_primary_label\">Unternehmen\r\n        <span class=\"frm_required\">*<\/span>\r\n    <\/label>\r\n    <input  type=\"text\" id=\"field_x977h462\" name=\"item_meta[422]\" value=\"\"  data-sectionid=\"416\"  data-reqmsg=\"Unternehmen cannot be blank.\" aria-required=\"true\" data-invmsg=\"Text ist ung\u00fcltig\" aria-invalid=\"false\"   \/>\r\n    \r\n    \r\n<\/div>\n<div id=\"frm_field_421_container\" class=\"frm_form_field form-field  frm_required_field frm_top_container frm4 frm_first\">\r\n    <label for=\"field_2jt76462\" id=\"field_2jt76462_label\" class=\"frm_primary_label\">E-Mail\r\n        <span class=\"frm_required\">*<\/span>\r\n    <\/label>\r\n    <input type=\"email\" id=\"field_2jt76462\" name=\"item_meta[421]\" value=\"\"  data-sectionid=\"416\"  data-reqmsg=\"E-Mail cannot be blank.\" aria-required=\"true\" data-invmsg=\"E-Mail ist ung\u00fcltig\" aria-invalid=\"false\"  \/>\r\n    \r\n    \r\n<\/div>\n<div id=\"frm_field_420_container\" class=\"frm_form_field form-field  frm_top_container frm4\">\r\n    <label for=\"field_bdfmy362\" id=\"field_bdfmy362_label\" class=\"frm_primary_label\">Telefon\r\n        <span class=\"frm_required\"><\/span>\r\n    <\/label>\r\n    <input  type=\"text\" id=\"field_bdfmy362\" name=\"item_meta[420]\" value=\"\"  data-sectionid=\"416\"  data-invmsg=\"Text ist ung\u00fcltig\" aria-invalid=\"false\"   \/>\r\n    \r\n    \r\n<\/div>\n<div id=\"frm_field_423_container\" class=\"frm_form_field form-field  frm_required_field frm_top_container frm4\">\r\n    <label for=\"field_wqu30\" id=\"field_wqu30_label\" class=\"frm_primary_label\">PLZ\r\n        <span class=\"frm_required\">*<\/span>\r\n    <\/label>\r\n    <input  type=\"text\" id=\"field_wqu30\" name=\"item_meta[423]\" value=\"\"  data-sectionid=\"416\"  placeholder=\"30419\" data-reqmsg=\"PLZ cannot be blank.\" aria-required=\"true\" data-invmsg=\"Text ist ung\u00fcltig\" aria-invalid=\"false\"   \/>\r\n    \r\n    \r\n<\/div>\n<div id=\"frm_field_426_container\" class=\"frm_form_field form-field  frm_required_field frm_top_container\">\r\n    <label for=\"field_kcamo462\" id=\"field_kcamo462_label\" class=\"frm_primary_label\">Ihre Nachricht\r\n        <span class=\"frm_required\">*<\/span>\r\n    <\/label>\r\n    <textarea data-auto-grow=\"1\"  name=\"item_meta[426]\" id=\"field_kcamo462\" rows=\"1\"  data-sectionid=\"416\"  data-reqmsg=\"Ihre Nachricht cannot be blank.\" aria-required=\"true\" data-invmsg=\"Ihre Nachricht ist ung\u00fcltig\" aria-invalid=\"false\"  ><\/textarea>\r\n    \r\n    \r\n<\/div>\n<div id=\"frm_field_427_container\" class=\"frm_form_field form-field  frm_required_field frm_none_container frm_first frm_three_fourths vertical_radio\">\r\n    <div  id=\"field_nckr8462_label\" class=\"frm_primary_label\">Checkboxen\r\n        <span class=\"frm_required\">*<\/span>\r\n    <\/div>\r\n    <div class=\"frm_opt_container\" aria-labelledby=\"field_nckr8462_label\" role=\"group\">\t\t<div class=\"frm_checkbox\" id=\"frm_checkbox_427-416-0\">\t\t\t<label  for=\"field_nckr8462-0\">\n\t\t\t<input type=\"checkbox\" name=\"item_meta[427][]\" id=\"field_nckr8462-0\" value=\"Hiermit akzeptiere ich die &lt;a href=&quot;https:\/\/artemis-kautschuk.de\/de\/&quot;&gt;Datenschutzbestimmungen&lt;\/a&gt;.\"  data-sectionid=\"416\"  data-reqmsg=\"Bitte anw\u00e4hlen.\" data-invmsg=\"Checkboxen ist ung\u00fcltig\"   aria-required=\"true\"  \/> Hiermit akzeptiere ich die <a href=\"https:\/\/artemis-kautschuk.de\/de\/\">Datenschutzbestimmungen<\/a>.<\/label><\/div>\n<\/div>\r\n    \r\n    \r\n<\/div>\n<div id=\"frm_field_428_container\" class=\"frm_form_field  frm_fourth frm_html_container form-field\">\n<div style=\"color: #35ad71; text-align: right;\"><span style=\"color: #35ad71;\">*<\/span> = Pflichtfeld<\/div>\n<\/div>\n<input type=\"hidden\" name=\"item_meta[429]\" id=\"field_99t3x362\" value=\"https:\/\/www.jaegergroup.com\/de\/wp-json\/wp\/v2\/pages\/11280\"  data-sectionid=\"416\"  data-frmval=\"https:\/\/www.jaegergroup.com\/de\/wp-json\/wp\/v2\/pages\/11280\"   \/>\n<\/div>\n<div id=\"frm_field_431_container\" class=\"frm_form_field form-field  frm_none_container\">\r\n    <label for=\"g-recaptcha-response\" id=\"field_lkqpk_label\" class=\"frm_primary_label\">Captcha\r\n        <span class=\"frm_required\"><\/span>\r\n    <\/label>\r\n    <div  id=\"field_lkqpk\" class=\"frm-g-recaptcha\" data-sitekey=\"6LdTkMAqAAAAAAhbp8Nuhq1DJS46nX0mYJ1Dbz3V\" data-size=\"invisible\" data-theme=\"light\"><\/div>\r\n    \r\n    \r\n<\/div>\n<div id=\"frm_field_433_container\" class=\"frm_form_field form-field \">\n\t<div class=\"frm_submit\">\r\n\r\n<button class=\"frm_button_submit frm_final_submit\" type=\"submit\"   formnovalidate=\"formnovalidate\">Senden<\/button>\r\n\r\n<\/div>\n<\/div>\n\t<input type=\"hidden\" name=\"item_key\" value=\"\" \/>\n\t\t\t<div id=\"frm_field_483_container\">\n\t\t\t<label for=\"field_p9jca\" >\n\t\t\t\tFalls Du menschlich bist, lasse dieses Feld leer.\t\t\t<\/label>\n\t\t\t<input  id=\"field_p9jca\" type=\"text\" class=\"frm_form_field form-field frm_verify\" name=\"item_meta[483]\" value=\"\"  \/>\n\t\t<\/div>\n\t\t<input name=\"frm_state\" type=\"hidden\" value=\"M4kAo45WGQpmnXQWVMk97h03kr\/e4e5HI\/IPRRnhEIc6bBITdKsU1kYd3qxjchLd\" \/><\/div>\n<\/fieldset>\n<\/div>\n\n<\/form>\n<\/div>\n\t\t\t\t<\/div>\n\t\t\t\t<\/div>\n\t\t\t\t<\/div>\n\t\t\t\t<\/div>\n\t\t\t\t<\/div>\n\t\t","protected":false},"excerpt":{"rendered":"<p>Formartikel Pr\u00e4zision und Effizienz in Konstruktion und Produktion Unsere Formartikel zeichnen sich durch ihre pr\u00e4zise Konstruktion und effiziente Produktion aus. Dank einer gro\u00dfen Auswahl an Fertigungsmaschinen k\u00f6nnen wir Serien in jeder Gr\u00f6\u00dfe, von Klein- bis Gro\u00dfserien, zu optimalen Teilekosten fertigen. Sie sind zudem eine wertvolle Erg\u00e4nzung zu unseren Transportsysteml\u00f6sungen und finden vielf\u00e4ltige Einsatzm\u00f6glichkeiten, wie beispielsweise [&hellip;]<\/p>\n","protected":false},"author":2,"featured_media":0,"parent":12806,"menu_order":0,"comment_status":"closed","ping_status":"closed","template":"elementor_header_footer","meta":{"_acf_changed":false,"inline_featured_image":false,"footnotes":""},"class_list":["post-11280","page","type-page","status-publish","hentry"],"acf":[],"_links":{"self":[{"href":"https:\/\/artemis-kautschuk.de\/de\/wp-json\/wp\/v2\/pages\/11280","targetHints":{"allow":["GET"]}}],"collection":[{"href":"https:\/\/artemis-kautschuk.de\/de\/wp-json\/wp\/v2\/pages"}],"about":[{"href":"https:\/\/artemis-kautschuk.de\/de\/wp-json\/wp\/v2\/types\/page"}],"author":[{"embeddable":true,"href":"https:\/\/artemis-kautschuk.de\/de\/wp-json\/wp\/v2\/users\/2"}],"replies":[{"embeddable":true,"href":"https:\/\/artemis-kautschuk.de\/de\/wp-json\/wp\/v2\/comments?post=11280"}],"version-history":[{"count":45,"href":"https:\/\/artemis-kautschuk.de\/de\/wp-json\/wp\/v2\/pages\/11280\/revisions"}],"predecessor-version":[{"id":13278,"href":"https:\/\/artemis-kautschuk.de\/de\/wp-json\/wp\/v2\/pages\/11280\/revisions\/13278"}],"up":[{"embeddable":true,"href":"https:\/\/artemis-kautschuk.de\/de\/wp-json\/wp\/v2\/pages\/12806"}],"wp:attachment":[{"href":"https:\/\/artemis-kautschuk.de\/de\/wp-json\/wp\/v2\/media?parent=11280"}],"curies":[{"name":"wp","href":"https:\/\/api.w.org\/{rel}","templated":true}]}}