{"id":11288,"date":"2024-05-15T10:04:35","date_gmt":"2024-05-15T09:04:35","guid":{"rendered":"https:\/\/artemis-kautschuk.de\/?page_id=11288"},"modified":"2025-01-27T08:48:15","modified_gmt":"2025-01-27T07:48:15","slug":"turnier-billardbanden","status":"publish","type":"page","link":"https:\/\/artemis-kautschuk.de\/de\/produkte\/turnier-billardbanden\/","title":{"rendered":"Turnier-Billardbanden"},"content":{"rendered":"\t\t<div data-elementor-type=\"wp-page\" data-elementor-id=\"11288\" class=\"elementor elementor-11288\" data-elementor-post-type=\"page\">\n\t\t\t\t<div class=\"elementor-element elementor-element-3595a49 e-con-full e-flex e-con e-parent\" data-id=\"3595a49\" data-element_type=\"container\" data-e-type=\"container\" data-settings=\"{&quot;background_background&quot;:&quot;classic&quot;,&quot;animation&quot;:&quot;none&quot;}\">\n\t\t<div class=\"elementor-element elementor-element-1cb3b49 e-con-full e-flex e-con e-child\" data-id=\"1cb3b49\" data-element_type=\"container\" data-e-type=\"container\" data-settings=\"{&quot;background_background&quot;:&quot;classic&quot;,&quot;shape_divider_bottom&quot;:&quot;opacity-tilt&quot;,&quot;animation&quot;:&quot;none&quot;}\">\n\t\t\t\t<div class=\"elementor-shape elementor-shape-bottom\" aria-hidden=\"true\" data-negative=\"false\">\n\t\t\t<svg xmlns=\"http:\/\/www.w3.org\/2000\/svg\" viewBox=\"0 0 2600 131.1\" preserveAspectRatio=\"none\">\n\t<path class=\"elementor-shape-fill\" d=\"M0 0L2600 0 2600 69.1 0 0z\"\/>\n\t<path class=\"elementor-shape-fill\" style=\"opacity:0.5\" d=\"M0 0L2600 0 2600 69.1 0 69.1z\"\/>\n\t<path class=\"elementor-shape-fill\" style=\"opacity:0.25\" d=\"M2600 0L0 0 0 130.1 2600 69.1z\"\/>\n<\/svg>\t\t<\/div>\n\t\t\t\t<\/div>\n\t\t\t\t<\/div>\n\t\t<div class=\"elementor-element elementor-element-0b53463 e-flex e-con-boxed e-con e-parent\" data-id=\"0b53463\" data-element_type=\"container\" data-e-type=\"container\">\n\t\t\t\t\t<div class=\"e-con-inner\">\n\t\t<div class=\"elementor-element elementor-element-fcb46f7 e-con-full e-flex e-con e-child\" data-id=\"fcb46f7\" data-element_type=\"container\" data-e-type=\"container\">\n\t\t\t\t<div class=\"elementor-element elementor-element-9668c6c elementor-widget elementor-widget-heading\" data-id=\"9668c6c\" data-element_type=\"widget\" data-e-type=\"widget\" data-widget_type=\"heading.default\">\n\t\t\t\t<div class=\"elementor-widget-container\">\n\t\t\t\t\t<h1 class=\"elementor-heading-title elementor-size-default\">Turnier-Billardbanden<\/h1>\t\t\t\t<\/div>\n\t\t\t\t<\/div>\n\t\t\t\t<div class=\"elementor-element elementor-element-9c58e5e headlineGreen elementor-widget elementor-widget-heading\" data-id=\"9c58e5e\" data-element_type=\"widget\" data-e-type=\"widget\" data-widget_type=\"heading.default\">\n\t\t\t\t<div class=\"elementor-widget-container\">\n\t\t\t\t\t<p class=\"elementor-heading-title elementor-size-default\">Hochwertige L\u00f6sungen f\u00fcr ein perfektes Spiel<\/p>\t\t\t\t<\/div>\n\t\t\t\t<\/div>\n\t\t\t\t<div class=\"elementor-element elementor-element-d22893b elementor-widget elementor-widget-text-editor\" data-id=\"d22893b\" data-element_type=\"widget\" data-e-type=\"widget\" data-widget_type=\"text-editor.default\">\n\t\t\t\t<div class=\"elementor-widget-container\">\n\t\t\t\t\t\t\t\t\t<p>Im Billard-Sport gibt es zahlreiche Spielarten, die auf Tischen unterschiedlicher Gr\u00f6\u00dfen gespielt werden. Die Auswahl der richtigen Ausstattung ist entscheidend f\u00fcr ein gelungenes Spiel.<\/p><p>Besonders neben der Wahl der Billardkugeln und des Tuchs ist die Qualit\u00e4t der Billardbanden aus Gummi von gro\u00dfer Bedeutung f\u00fcr den Spielverlauf. Hochwertige Billardbanden beeinflussen nicht nur die Spielpr\u00e4zision, sondern auch das gesamte Spielerlebnis.<\/p><p>Unsere Produkte werden von Herstellern von Billardtischen und renommierten Gro\u00dfh\u00e4ndlern gesch\u00e4tzt, was unterstreicht, dass sie sowohl bei Spielern als auch bei Experten der Branche anerkannt sind. Im Folgenden stellen wir Ihnen die Vorteile unserer Turnier Billardbanden vor, die speziell f\u00fcr h\u00f6chste Anspr\u00fcche und optimale Leistung entwickelt wurden.<\/p>\t\t\t\t\t\t\t\t<\/div>\n\t\t\t\t<\/div>\n\t\t\t\t<\/div>\n\t\t\t\t<div class=\"elementor-element elementor-element-b6445bf elementor-widget__width-initial elementor-widget-tablet__width-inherit elementor-widget elementor-widget-image\" data-id=\"b6445bf\" data-element_type=\"widget\" data-e-type=\"widget\" data-widget_type=\"image.default\">\n\t\t\t\t<div class=\"elementor-widget-container\">\n\t\t\t\t\t\t\t\t\t\t\t\t\t\t\t<img fetchpriority=\"high\" decoding=\"async\" width=\"1500\" height=\"1001\" src=\"https:\/\/artemis-kautschuk.de\/wp-content\/uploads\/Billardspiel-1.jpg\" class=\"attachment-large size-large wp-image-13666\" alt=\"pool or billiards balls on light blue table , focus on number 8\" srcset=\"https:\/\/artemis-kautschuk.de\/wp-content\/uploads\/Billardspiel-1.jpg 1500w, https:\/\/artemis-kautschuk.de\/wp-content\/uploads\/Billardspiel-1-768x513.jpg 768w\" sizes=\"(max-width: 1500px) 100vw, 1500px\" \/>\t\t\t\t\t\t\t\t\t\t\t\t\t\t\t<\/div>\n\t\t\t\t<\/div>\n\t\t\t\t\t<\/div>\n\t\t\t\t<\/div>\n\t\t<div class=\"elementor-element elementor-element-4f3cf5c e-con-full e-flex e-con e-parent\" data-id=\"4f3cf5c\" data-element_type=\"container\" data-e-type=\"container\">\n\t\t\t\t<div class=\"elementor-element elementor-element-afdf050 elementor-widget-divider--view-line elementor-invisible elementor-widget elementor-widget-divider\" data-id=\"afdf050\" data-element_type=\"widget\" data-e-type=\"widget\" data-settings=\"{&quot;_animation&quot;:&quot;slideInLeft&quot;}\" data-widget_type=\"divider.default\">\n\t\t\t\t<div class=\"elementor-widget-container\">\n\t\t\t\t\t\t\t<div class=\"elementor-divider\">\n\t\t\t<span class=\"elementor-divider-separator\">\n\t\t\t\t\t\t<\/span>\n\t\t<\/div>\n\t\t\t\t\t\t<\/div>\n\t\t\t\t<\/div>\n\t\t\t\t<\/div>\n\t\t<div class=\"elementor-element elementor-element-385b495 e-flex e-con-boxed e-con e-parent\" data-id=\"385b495\" data-element_type=\"container\" data-e-type=\"container\">\n\t\t\t\t\t<div class=\"e-con-inner\">\n\t\t<div class=\"elementor-element elementor-element-4a021e7 e-con-full e-flex e-con e-child\" data-id=\"4a021e7\" data-element_type=\"container\" data-e-type=\"container\">\n\t\t\t\t<div class=\"elementor-element elementor-element-50f15e6 elementor-widget__width-initial elementor-widget elementor-widget-image\" data-id=\"50f15e6\" data-element_type=\"widget\" data-e-type=\"widget\" data-widget_type=\"image.default\">\n\t\t\t\t<div class=\"elementor-widget-container\">\n\t\t\t\t\t\t\t\t\t\t\t\t<figure class=\"wp-caption\">\n\t\t\t\t\t\t\t\t\t\t<img decoding=\"async\" width=\"190\" height=\"165\" src=\"https:\/\/artemis-kautschuk.de\/wp-content\/uploads\/grafik\/Intercontinental-No.-79.jpg\" class=\"attachment-large size-large wp-image-11774\" alt=\"Intercontinental No. 79\" \/>\t\t\t\t\t\t\t\t\t\t\t<figcaption class=\"widget-image-caption wp-caption-text\">Intercontinental No. 79<\/figcaption>\n\t\t\t\t\t\t\t\t\t\t<\/figure>\n\t\t\t\t\t\t\t\t\t<\/div>\n\t\t\t\t<\/div>\n\t\t\t\t<div class=\"elementor-element elementor-element-1d06acb elementor-widget__width-initial elementor-widget elementor-widget-image\" data-id=\"1d06acb\" data-element_type=\"widget\" data-e-type=\"widget\" data-widget_type=\"image.default\">\n\t\t\t\t<div class=\"elementor-widget-container\">\n\t\t\t\t\t\t\t\t\t\t\t\t<figure class=\"wp-caption\">\n\t\t\t\t\t\t\t\t\t\t<img decoding=\"async\" width=\"191\" height=\"165\" src=\"https:\/\/artemis-kautschuk.de\/wp-content\/uploads\/grafik\/Intercontinental-No.-66.jpg\" class=\"attachment-large size-large wp-image-11773\" alt=\"Intercontinental No. 66\" \/>\t\t\t\t\t\t\t\t\t\t\t<figcaption class=\"widget-image-caption wp-caption-text\">Intercontinental No. 66<\/figcaption>\n\t\t\t\t\t\t\t\t\t\t<\/figure>\n\t\t\t\t\t\t\t\t\t<\/div>\n\t\t\t\t<\/div>\n\t\t\t\t<div class=\"elementor-element elementor-element-4df9152 elementor-widget__width-initial elementor-widget elementor-widget-image\" data-id=\"4df9152\" data-element_type=\"widget\" data-e-type=\"widget\" data-widget_type=\"image.default\">\n\t\t\t\t<div class=\"elementor-widget-container\">\n\t\t\t\t\t\t\t\t\t\t\t\t<figure class=\"wp-caption\">\n\t\t\t\t\t\t\t\t\t\t<img loading=\"lazy\" decoding=\"async\" width=\"190\" height=\"165\" src=\"https:\/\/artemis-kautschuk.de\/wp-content\/uploads\/grafik\/Intercontinental-No.-37.jpg\" class=\"attachment-large size-large wp-image-11771\" alt=\"Intercontinental No. 37\" \/>\t\t\t\t\t\t\t\t\t\t\t<figcaption class=\"widget-image-caption wp-caption-text\">Intercontinental No. 37<\/figcaption>\n\t\t\t\t\t\t\t\t\t\t<\/figure>\n\t\t\t\t\t\t\t\t\t<\/div>\n\t\t\t\t<\/div>\n\t\t\t\t<div class=\"elementor-element elementor-element-4bf9a6a elementor-widget__width-initial elementor-widget elementor-widget-image\" data-id=\"4bf9a6a\" data-element_type=\"widget\" data-e-type=\"widget\" data-widget_type=\"image.default\">\n\t\t\t\t<div class=\"elementor-widget-container\">\n\t\t\t\t\t\t\t\t\t\t\t\t<figure class=\"wp-caption\">\n\t\t\t\t\t\t\t\t\t\t<img loading=\"lazy\" decoding=\"async\" width=\"181\" height=\"165\" src=\"https:\/\/artemis-kautschuk.de\/wp-content\/uploads\/grafik\/Pool-No.-66.jpg\" class=\"attachment-large size-large wp-image-11776\" alt=\"Pool No. 66\" \/>\t\t\t\t\t\t\t\t\t\t\t<figcaption class=\"widget-image-caption wp-caption-text\">Pool No. 66<\/figcaption>\n\t\t\t\t\t\t\t\t\t\t<\/figure>\n\t\t\t\t\t\t\t\t\t<\/div>\n\t\t\t\t<\/div>\n\t\t\t\t<\/div>\n\t\t<div class=\"elementor-element elementor-element-ed36700 e-con-full e-flex e-con e-child\" data-id=\"ed36700\" data-element_type=\"container\" data-e-type=\"container\">\n\t\t\t\t<div class=\"elementor-element elementor-element-a3ec80e elementor-widget elementor-widget-heading\" data-id=\"a3ec80e\" data-element_type=\"widget\" data-e-type=\"widget\" data-widget_type=\"heading.default\">\n\t\t\t\t<div class=\"elementor-widget-container\">\n\t\t\t\t\t<h2 class=\"elementor-heading-title elementor-size-default\">Billardbanden f\u00fcr Turniertische<\/h2>\t\t\t\t<\/div>\n\t\t\t\t<\/div>\n\t\t\t\t<div class=\"elementor-element elementor-element-d2cdf73 elementor-widget elementor-widget-text-editor\" data-id=\"d2cdf73\" data-element_type=\"widget\" data-e-type=\"widget\" data-widget_type=\"text-editor.default\">\n\t\t\t\t<div class=\"elementor-widget-container\">\n\t\t\t\t\t\t\t\t\t<p>Unsere drei Ausf\u00fchrungen \u201eIntercontinental No.37\u201c, \u201eIntercontinental No.66\u201c, \u201eIntercontinental No.79\u201d stellen wir f\u00fcr sie in L\u00e4ngen von 1500 mm bis 3500 mm her.<\/p><p>Die Ausf\u00fchrung \u201cPool No.66\u201d fertigen wir in einer L\u00e4nge von 1220 mm.<\/p><p>Zur Verf\u00fcgung stehen die zwei Gummi-Mischungen aus hochwertigem Naturkautschuk, \u201eBIBA ROT\u201c mit einer H\u00e4rte von 40 Shore A und \u201eKHF GRAU\u201c mit einer H\u00e4rte von 45 Shore A.<\/p><p>Zuschlagstoffe nach unserer Rezeptur verleihen den Gummimischungen die besondere Eignung f\u00fcr das Billardspiel und eine hervorragende Alterungsbest\u00e4ndigkeit.<\/p>\t\t\t\t\t\t\t\t<\/div>\n\t\t\t\t<\/div>\n\t\t\t\t<\/div>\n\t\t\t\t\t<\/div>\n\t\t\t\t<\/div>\n\t\t<div class=\"elementor-element elementor-element-90ac0c7 e-con-full e-flex e-con e-parent\" data-id=\"90ac0c7\" data-element_type=\"container\" data-e-type=\"container\" data-settings=\"{&quot;background_background&quot;:&quot;classic&quot;,&quot;shape_divider_top&quot;:&quot;opacity-tilt&quot;}\">\n\t\t\t\t<div class=\"elementor-shape elementor-shape-top\" aria-hidden=\"true\" data-negative=\"false\">\n\t\t\t<svg xmlns=\"http:\/\/www.w3.org\/2000\/svg\" viewBox=\"0 0 2600 131.1\" preserveAspectRatio=\"none\">\n\t<path class=\"elementor-shape-fill\" d=\"M0 0L2600 0 2600 69.1 0 0z\"\/>\n\t<path class=\"elementor-shape-fill\" style=\"opacity:0.5\" d=\"M0 0L2600 0 2600 69.1 0 69.1z\"\/>\n\t<path class=\"elementor-shape-fill\" style=\"opacity:0.25\" d=\"M2600 0L0 0 0 130.1 2600 69.1z\"\/>\n<\/svg>\t\t<\/div>\n\t\t<div class=\"elementor-element elementor-element-9b42252 e-con-full e-flex e-con e-child\" data-id=\"9b42252\" data-element_type=\"container\" data-e-type=\"container\" data-settings=\"{&quot;background_background&quot;:&quot;classic&quot;}\">\n\t\t\t\t<div class=\"elementor-element elementor-element-d89104e elementor-widget elementor-widget-heading\" data-id=\"d89104e\" data-element_type=\"widget\" data-e-type=\"widget\" data-widget_type=\"heading.default\">\n\t\t\t\t<div class=\"elementor-widget-container\">\n\t\t\t\t\t<h2 class=\"elementor-heading-title elementor-size-default\">Ihre Fragen, unsere Antworten \u2013 Kontaktieren Sie uns!<\/h2>\t\t\t\t<\/div>\n\t\t\t\t<\/div>\n\t\t\t\t<div class=\"elementor-element elementor-element-517d8b3 elementor-widget elementor-widget-formidable\" data-id=\"517d8b3\" data-element_type=\"widget\" data-e-type=\"widget\" data-widget_type=\"formidable.default\">\n\t\t\t\t<div class=\"elementor-widget-container\">\n\t\t\t\t\t<div class=\"frm_forms  with_frm_style frm_style_formidable-style\" id=\"frm_form_22_container\" >\n<form enctype=\"multipart\/form-data\" method=\"post\" class=\"frm-show-form  frm_js_validate  frm_ajax_submit  frm_pro_form \" id=\"form_kontakt_produkte\" >\n<div class=\"frm_form_fields \">\n<fieldset>\n<legend class=\"frm_screen_reader\">Produkte Kontakformular <\/legend>\r\n\r\n<div class=\"frm_fields_container\">\n<input type=\"hidden\" name=\"frm_action\" value=\"create\" \/>\n<input type=\"hidden\" name=\"form_id\" value=\"22\" \/>\n<input type=\"hidden\" name=\"frm_hide_fields_22\" id=\"frm_hide_fields_22\" value=\"\" \/>\n<input type=\"hidden\" name=\"form_key\" value=\"kontakt_produkte\" \/>\n<input type=\"hidden\" name=\"item_meta[0]\" value=\"\" \/>\n<input type=\"hidden\" id=\"frm_submit_entry_22\" name=\"frm_submit_entry_22\" value=\"fc8ff5ae14\" \/><input type=\"hidden\" name=\"_wp_http_referer\" value=\"\/de\/wp-json\/wp\/v2\/pages\/11288\" \/><div id=\"frm_field_416_container\" class=\"frm_form_field frm_section_heading form-field  frm12 frm_first frm_hide_section\">\r\n<h3 class=\"frm_pos_none frm_section_spacing\">Bereich<\/h3>\r\n\r\n\r\n<div id=\"frm_field_417_container\" class=\"frm_form_field form-field  frm_required_field frm_top_container frm4 frm_first\">\r\n    <label for=\"field_vg1g92\" id=\"field_vg1g92_label\" class=\"frm_primary_label\">Anrede\r\n        <span class=\"frm_required\" aria-hidden=\"true\">*<\/span>\r\n    <\/label>\r\n    \t\t<select name=\"item_meta[417]\" id=\"field_vg1g92\"  data-reqmsg=\"Anrede cannot be blank.\" aria-required=\"true\" data-invmsg=\"Anrede ist ung\u00fcltig\" aria-invalid=\"false\"  >\n\t\t<option  value=\"Herr\">Herr<\/option><option  value=\"Frau\">Frau<\/option><option  value=\"Divers\">Divers<\/option>\t<\/select>\n\t\r\n    \r\n    \r\n<\/div>\n<div id=\"frm_field_419_container\" class=\"frm_form_field form-field  frm_required_field frm_top_container frm4\">\r\n    <label for=\"field_hz4mn\" id=\"field_hz4mn_label\" class=\"frm_primary_label\">Nachname\r\n        <span class=\"frm_required\">*<\/span>\r\n    <\/label>\r\n    <input  type=\"text\" id=\"field_hz4mn\" name=\"item_meta[419]\" value=\"\"  data-sectionid=\"416\"  data-reqmsg=\"Nachname cannot be blank.\" aria-required=\"true\" data-invmsg=\"Text ist ung\u00fcltig\" aria-invalid=\"false\"   \/>\r\n    \r\n    \r\n<\/div>\n<div id=\"frm_field_422_container\" class=\"frm_form_field form-field  frm_required_field frm_top_container frm4\">\r\n    <label for=\"field_x977h462\" id=\"field_x977h462_label\" class=\"frm_primary_label\">Unternehmen\r\n        <span class=\"frm_required\">*<\/span>\r\n    <\/label>\r\n    <input  type=\"text\" id=\"field_x977h462\" name=\"item_meta[422]\" value=\"\"  data-sectionid=\"416\"  data-reqmsg=\"Unternehmen cannot be blank.\" aria-required=\"true\" data-invmsg=\"Text ist ung\u00fcltig\" aria-invalid=\"false\"   \/>\r\n    \r\n    \r\n<\/div>\n<div id=\"frm_field_421_container\" class=\"frm_form_field form-field  frm_required_field frm_top_container frm4 frm_first\">\r\n    <label for=\"field_2jt76462\" id=\"field_2jt76462_label\" class=\"frm_primary_label\">E-Mail\r\n        <span class=\"frm_required\">*<\/span>\r\n    <\/label>\r\n    <input type=\"email\" id=\"field_2jt76462\" name=\"item_meta[421]\" value=\"\"  data-sectionid=\"416\"  data-reqmsg=\"E-Mail cannot be blank.\" aria-required=\"true\" data-invmsg=\"E-Mail ist ung\u00fcltig\" aria-invalid=\"false\"  \/>\r\n    \r\n    \r\n<\/div>\n<div id=\"frm_field_420_container\" class=\"frm_form_field form-field  frm_top_container frm4\">\r\n    <label for=\"field_bdfmy362\" id=\"field_bdfmy362_label\" class=\"frm_primary_label\">Telefon\r\n        <span class=\"frm_required\"><\/span>\r\n    <\/label>\r\n    <input  type=\"text\" id=\"field_bdfmy362\" name=\"item_meta[420]\" value=\"\"  data-sectionid=\"416\"  data-invmsg=\"Text ist ung\u00fcltig\" aria-invalid=\"false\"   \/>\r\n    \r\n    \r\n<\/div>\n<div id=\"frm_field_423_container\" class=\"frm_form_field form-field  frm_required_field frm_top_container frm4\">\r\n    <label for=\"field_wqu30\" id=\"field_wqu30_label\" class=\"frm_primary_label\">PLZ\r\n        <span class=\"frm_required\">*<\/span>\r\n    <\/label>\r\n    <input  type=\"text\" id=\"field_wqu30\" name=\"item_meta[423]\" value=\"\"  data-sectionid=\"416\"  placeholder=\"30419\" data-reqmsg=\"PLZ cannot be blank.\" aria-required=\"true\" data-invmsg=\"Text ist ung\u00fcltig\" aria-invalid=\"false\"   \/>\r\n    \r\n    \r\n<\/div>\n<div id=\"frm_field_426_container\" class=\"frm_form_field form-field  frm_required_field frm_top_container\">\r\n    <label for=\"field_kcamo462\" id=\"field_kcamo462_label\" class=\"frm_primary_label\">Ihre Nachricht\r\n        <span class=\"frm_required\">*<\/span>\r\n    <\/label>\r\n    <textarea data-auto-grow=\"1\"  name=\"item_meta[426]\" id=\"field_kcamo462\" rows=\"1\"  data-sectionid=\"416\"  data-reqmsg=\"Ihre Nachricht cannot be blank.\" aria-required=\"true\" data-invmsg=\"Ihre Nachricht ist ung\u00fcltig\" aria-invalid=\"false\"  ><\/textarea>\r\n    \r\n    \r\n<\/div>\n<div id=\"frm_field_427_container\" class=\"frm_form_field form-field  frm_required_field frm_none_container frm_first frm_three_fourths vertical_radio\">\r\n    <div  id=\"field_nckr8462_label\" class=\"frm_primary_label\">Checkboxen\r\n        <span class=\"frm_required\">*<\/span>\r\n    <\/div>\r\n    <div class=\"frm_opt_container\" aria-labelledby=\"field_nckr8462_label\" role=\"group\">\t\t<div class=\"frm_checkbox\" id=\"frm_checkbox_427-416-0\">\t\t\t<label  for=\"field_nckr8462-0\">\n\t\t\t<input type=\"checkbox\" name=\"item_meta[427][]\" id=\"field_nckr8462-0\" value=\"Hiermit akzeptiere ich die &lt;a href=&quot;https:\/\/artemis-kautschuk.de\/de\/&quot;&gt;Datenschutzbestimmungen&lt;\/a&gt;.\"  data-sectionid=\"416\"  data-reqmsg=\"Bitte anw\u00e4hlen.\" data-invmsg=\"Checkboxen ist ung\u00fcltig\"   aria-required=\"true\"  \/> Hiermit akzeptiere ich die <a href=\"https:\/\/artemis-kautschuk.de\/de\/\">Datenschutzbestimmungen<\/a>.<\/label><\/div>\n<\/div>\r\n    \r\n    \r\n<\/div>\n<div id=\"frm_field_428_container\" class=\"frm_form_field  frm_fourth frm_html_container form-field\">\n<div style=\"color: #35ad71; text-align: right;\"><span style=\"color: #35ad71;\">*<\/span> = Pflichtfeld<\/div>\n<\/div>\n<input type=\"hidden\" name=\"item_meta[429]\" id=\"field_99t3x362\" value=\"https:\/\/www.jaegergroup.com\/de\/wp-json\/wp\/v2\/pages\/11288\"  data-sectionid=\"416\"  data-frmval=\"https:\/\/www.jaegergroup.com\/de\/wp-json\/wp\/v2\/pages\/11288\"   \/>\n<\/div>\n<div id=\"frm_field_431_container\" class=\"frm_form_field form-field  frm_none_container\">\r\n    <label for=\"g-recaptcha-response\" id=\"field_lkqpk_label\" class=\"frm_primary_label\">Captcha\r\n        <span class=\"frm_required\"><\/span>\r\n    <\/label>\r\n    <div  id=\"field_lkqpk\" class=\"frm-g-recaptcha\" data-sitekey=\"6LdTkMAqAAAAAAhbp8Nuhq1DJS46nX0mYJ1Dbz3V\" data-size=\"invisible\" data-theme=\"light\"><\/div>\r\n    \r\n    \r\n<\/div>\n<div id=\"frm_field_433_container\" class=\"frm_form_field form-field \">\n\t<div class=\"frm_submit\">\r\n\r\n<button class=\"frm_button_submit frm_final_submit\" type=\"submit\"   formnovalidate=\"formnovalidate\">Senden<\/button>\r\n\r\n<\/div>\n<\/div>\n\t<input type=\"hidden\" name=\"item_key\" value=\"\" \/>\n\t\t\t<div id=\"frm_field_483_container\">\n\t\t\t<label for=\"field_9yqc4\" >\n\t\t\t\tFalls Du menschlich bist, lasse dieses Feld leer.\t\t\t<\/label>\n\t\t\t<input  id=\"field_9yqc4\" type=\"text\" class=\"frm_form_field form-field frm_verify\" name=\"item_meta[483]\" value=\"\"  \/>\n\t\t<\/div>\n\t\t<input name=\"frm_state\" type=\"hidden\" value=\"M4kAo45WGQpmnXQWVMk97rH2x1+3sxM07RK9Gm9IJdA6bBITdKsU1kYd3qxjchLd\" \/><\/div>\n<\/fieldset>\n<\/div>\n\n<\/form>\n<\/div>\n\t\t\t\t<\/div>\n\t\t\t\t<\/div>\n\t\t\t\t<\/div>\n\t\t\t\t<\/div>\n\t\t\t\t<\/div>\n\t\t","protected":false},"excerpt":{"rendered":"<p>Turnier-Billardbanden Hochwertige L\u00f6sungen f\u00fcr ein perfektes Spiel Im Billard-Sport gibt es zahlreiche Spielarten, die auf Tischen unterschiedlicher Gr\u00f6\u00dfen gespielt werden. Die Auswahl der richtigen Ausstattung ist entscheidend f\u00fcr ein gelungenes Spiel. Besonders neben der Wahl der Billardkugeln und des Tuchs ist die Qualit\u00e4t der Billardbanden aus Gummi von gro\u00dfer Bedeutung f\u00fcr den Spielverlauf. Hochwertige Billardbanden [&hellip;]<\/p>\n","protected":false},"author":2,"featured_media":0,"parent":12806,"menu_order":0,"comment_status":"closed","ping_status":"closed","template":"elementor_header_footer","meta":{"_acf_changed":false,"inline_featured_image":false,"footnotes":""},"class_list":["post-11288","page","type-page","status-publish","hentry"],"acf":[],"_links":{"self":[{"href":"https:\/\/artemis-kautschuk.de\/de\/wp-json\/wp\/v2\/pages\/11288","targetHints":{"allow":["GET"]}}],"collection":[{"href":"https:\/\/artemis-kautschuk.de\/de\/wp-json\/wp\/v2\/pages"}],"about":[{"href":"https:\/\/artemis-kautschuk.de\/de\/wp-json\/wp\/v2\/types\/page"}],"author":[{"embeddable":true,"href":"https:\/\/artemis-kautschuk.de\/de\/wp-json\/wp\/v2\/users\/2"}],"replies":[{"embeddable":true,"href":"https:\/\/artemis-kautschuk.de\/de\/wp-json\/wp\/v2\/comments?post=11288"}],"version-history":[{"count":42,"href":"https:\/\/artemis-kautschuk.de\/de\/wp-json\/wp\/v2\/pages\/11288\/revisions"}],"predecessor-version":[{"id":13673,"href":"https:\/\/artemis-kautschuk.de\/de\/wp-json\/wp\/v2\/pages\/11288\/revisions\/13673"}],"up":[{"embeddable":true,"href":"https:\/\/artemis-kautschuk.de\/de\/wp-json\/wp\/v2\/pages\/12806"}],"wp:attachment":[{"href":"https:\/\/artemis-kautschuk.de\/de\/wp-json\/wp\/v2\/media?parent=11288"}],"curies":[{"name":"wp","href":"https:\/\/api.w.org\/{rel}","templated":true}]}}