{"id":11491,"date":"2024-05-30T10:15:05","date_gmt":"2024-05-30T09:15:05","guid":{"rendered":"https:\/\/artemis-kautschuk.de\/?page_id=11491"},"modified":"2025-01-16T14:13:48","modified_gmt":"2025-01-16T13:13:48","slug":"statoren","status":"publish","type":"page","link":"https:\/\/artemis-kautschuk.de\/de\/produkte\/statoren\/","title":{"rendered":"Statoren"},"content":{"rendered":"\t\t<div data-elementor-type=\"wp-page\" data-elementor-id=\"11491\" class=\"elementor elementor-11491\" data-elementor-post-type=\"page\">\n\t\t\t\t<div class=\"elementor-element elementor-element-3595a49 e-con-full e-flex e-con e-parent\" data-id=\"3595a49\" data-element_type=\"container\" data-e-type=\"container\" data-settings=\"{&quot;background_background&quot;:&quot;classic&quot;,&quot;animation&quot;:&quot;none&quot;,&quot;shape_divider_bottom&quot;:&quot;opacity-tilt&quot;}\">\n\t\t\t\t<div class=\"elementor-shape elementor-shape-bottom\" aria-hidden=\"true\" data-negative=\"false\">\n\t\t\t<svg xmlns=\"http:\/\/www.w3.org\/2000\/svg\" viewBox=\"0 0 2600 131.1\" preserveAspectRatio=\"none\">\n\t<path class=\"elementor-shape-fill\" d=\"M0 0L2600 0 2600 69.1 0 0z\"\/>\n\t<path class=\"elementor-shape-fill\" style=\"opacity:0.5\" d=\"M0 0L2600 0 2600 69.1 0 69.1z\"\/>\n\t<path class=\"elementor-shape-fill\" style=\"opacity:0.25\" d=\"M2600 0L0 0 0 130.1 2600 69.1z\"\/>\n<\/svg>\t\t<\/div>\n\t\t<div class=\"elementor-element elementor-element-1cb3b49 e-con-full e-flex e-con e-child\" data-id=\"1cb3b49\" data-element_type=\"container\" data-e-type=\"container\">\n\t\t\t\t<\/div>\n\t\t\t\t<\/div>\n\t\t<div class=\"elementor-element elementor-element-f178538 e-flex e-con-boxed e-con e-parent\" data-id=\"f178538\" data-element_type=\"container\" data-e-type=\"container\">\n\t\t\t\t\t<div class=\"e-con-inner\">\n\t\t<div class=\"elementor-element elementor-element-70bc627 e-con-full e-flex e-con e-child\" data-id=\"70bc627\" data-element_type=\"container\" data-e-type=\"container\">\n\t\t\t\t<div class=\"elementor-element elementor-element-888ae18 elementor-widget elementor-widget-heading\" data-id=\"888ae18\" data-element_type=\"widget\" data-e-type=\"widget\" data-widget_type=\"heading.default\">\n\t\t\t\t<div class=\"elementor-widget-container\">\n\t\t\t\t\t<h1 class=\"elementor-heading-title elementor-size-default\">Statoren f\u00fcr Exzenterschneckenpumpen<\/h1>\t\t\t\t<\/div>\n\t\t\t\t<\/div>\n\t\t\t\t<div class=\"elementor-element elementor-element-08ff8c2 headlineGreen elementor-widget elementor-widget-heading\" data-id=\"08ff8c2\" data-element_type=\"widget\" data-e-type=\"widget\" data-widget_type=\"heading.default\">\n\t\t\t\t<div class=\"elementor-widget-container\">\n\t\t\t\t\t<p class=\"elementor-heading-title elementor-size-default\">Die passende L\u00f6sung f\u00fcr Pumpentechnik<\/p>\t\t\t\t<\/div>\n\t\t\t\t<\/div>\n\t\t\t\t<div class=\"elementor-element elementor-element-ee8bd8d elementor-widget elementor-widget-text-editor\" data-id=\"ee8bd8d\" data-element_type=\"widget\" data-e-type=\"widget\" data-widget_type=\"text-editor.default\">\n\t\t\t\t<div class=\"elementor-widget-container\">\n\t\t\t\t\t\t\t\t\tUnsere Statoren bestehen aus einem mit Gummi ausgekleideten \nStahlmantel. Die Eigenschaften der Gummimischung im Stator sind auf die verschiedensten Anwendungsf\u00e4lle von  \nExzenterschneckenpumpen und Mediumseigenschaften abgestimmt. Artemis stellt die Gummimischung \nin der eigenen Mischerei nach Ihren Bedarfen zusammen, unsere Expert:innen beraten Sie bei der \nMaterialauswahl umfassend.\t\t\t\t\t\t\t\t<\/div>\n\t\t\t\t<\/div>\n\t\t\t\t<\/div>\n\t\t\t\t<div class=\"elementor-element elementor-element-4759c92 elementor-widget__width-initial elementor-widget-tablet__width-inherit elementor-widget elementor-widget-image\" data-id=\"4759c92\" data-element_type=\"widget\" data-e-type=\"widget\" data-widget_type=\"image.default\">\n\t\t\t\t<div class=\"elementor-widget-container\">\n\t\t\t\t\t\t\t\t\t\t\t\t\t\t\t<img fetchpriority=\"high\" decoding=\"async\" width=\"1920\" height=\"1280\" src=\"https:\/\/artemis-kautschuk.de\/wp-content\/uploads\/produkt\/FDA-Stator-mit-Querschnitt.jpg\" class=\"attachment-large size-large wp-image-11494\" alt=\"\" \/>\t\t\t\t\t\t\t\t\t\t\t\t\t\t\t<\/div>\n\t\t\t\t<\/div>\n\t\t\t\t\t<\/div>\n\t\t\t\t<\/div>\n\t\t<div class=\"elementor-element elementor-element-9e72a02 e-con-full e-flex e-con e-parent\" data-id=\"9e72a02\" data-element_type=\"container\" data-e-type=\"container\">\n\t\t\t\t<div class=\"elementor-element elementor-element-389972d elementor-widget-divider--view-line elementor-invisible elementor-widget elementor-widget-divider\" data-id=\"389972d\" data-element_type=\"widget\" data-e-type=\"widget\" data-settings=\"{&quot;_animation&quot;:&quot;slideInLeft&quot;}\" data-widget_type=\"divider.default\">\n\t\t\t\t<div class=\"elementor-widget-container\">\n\t\t\t\t\t\t\t<div class=\"elementor-divider\">\n\t\t\t<span class=\"elementor-divider-separator\">\n\t\t\t\t\t\t<\/span>\n\t\t<\/div>\n\t\t\t\t\t\t<\/div>\n\t\t\t\t<\/div>\n\t\t\t\t<\/div>\n\t\t<div class=\"elementor-element elementor-element-c68758e e-flex e-con-boxed e-con e-parent\" data-id=\"c68758e\" data-element_type=\"container\" data-e-type=\"container\">\n\t\t\t\t\t<div class=\"e-con-inner\">\n\t\t<div class=\"elementor-element elementor-element-af4c26e e-con-full e-flex e-con e-child\" data-id=\"af4c26e\" data-element_type=\"container\" data-e-type=\"container\">\n\t\t\t\t<div class=\"elementor-element elementor-element-15334ef elementor-widget__width-initial e-transform elementor-widget elementor-widget-image\" data-id=\"15334ef\" data-element_type=\"widget\" data-e-type=\"widget\" data-settings=\"{&quot;_transform_flipX_effect&quot;:&quot;transform&quot;}\" data-widget_type=\"image.default\">\n\t\t\t\t<div class=\"elementor-widget-container\">\n\t\t\t\t\t\t\t\t\t\t\t\t\t\t\t<img decoding=\"async\" width=\"768\" height=\"512\" src=\"https:\/\/artemis-kautschuk.de\/wp-content\/uploads\/produkt\/SPIRA\u00ae-Statoren.jpg\" class=\"attachment-medium_large size-medium_large wp-image-11519\" alt=\"\" \/>\t\t\t\t\t\t\t\t\t\t\t\t\t\t\t<\/div>\n\t\t\t\t<\/div>\n\t\t\t\t<div class=\"elementor-element elementor-element-a2f1947 elementor-widget__width-initial elementor-widget elementor-widget-image\" data-id=\"a2f1947\" data-element_type=\"widget\" data-e-type=\"widget\" data-widget_type=\"image.default\">\n\t\t\t\t<div class=\"elementor-widget-container\">\n\t\t\t\t\t\t\t\t\t\t\t\t\t\t\t<img decoding=\"async\" width=\"768\" height=\"1024\" src=\"https:\/\/artemis-kautschuk.de\/wp-content\/uploads\/produkt\/Statoren-von-innen.jpg\" class=\"attachment-medium_large size-medium_large wp-image-11701\" alt=\"Statoren von innen\" \/>\t\t\t\t\t\t\t\t\t\t\t\t\t\t\t<\/div>\n\t\t\t\t<\/div>\n\t\t\t\t<div class=\"elementor-element elementor-element-a97d40f elementor-widget__width-initial e-transform elementor-widget elementor-widget-image\" data-id=\"a97d40f\" data-element_type=\"widget\" data-e-type=\"widget\" data-settings=\"{&quot;_transform_flipX_effect&quot;:&quot;transform&quot;}\" data-widget_type=\"image.default\">\n\t\t\t\t<div class=\"elementor-widget-container\">\n\t\t\t\t\t\t\t\t\t\t\t\t\t\t\t<img loading=\"lazy\" decoding=\"async\" width=\"768\" height=\"1024\" src=\"https:\/\/artemis-kautschuk.de\/wp-content\/uploads\/produkt\/Statoren-aufgeschnitten.jpg\" class=\"attachment-medium_large size-medium_large wp-image-11703\" alt=\"Statoren aufgeschnitten\" \/>\t\t\t\t\t\t\t\t\t\t\t\t\t\t\t<\/div>\n\t\t\t\t<\/div>\n\t\t\t\t<div class=\"elementor-element elementor-element-a190aab elementor-widget__width-initial elementor-widget elementor-widget-image\" data-id=\"a190aab\" data-element_type=\"widget\" data-e-type=\"widget\" data-widget_type=\"image.default\">\n\t\t\t\t<div class=\"elementor-widget-container\">\n\t\t\t\t\t\t\t\t\t\t\t\t\t\t\t<img loading=\"lazy\" decoding=\"async\" width=\"600\" height=\"800\" src=\"https:\/\/artemis-kautschuk.de\/wp-content\/uploads\/produkt\/Stator.jpg\" class=\"attachment-medium_large size-medium_large wp-image-10317\" alt=\"\" \/>\t\t\t\t\t\t\t\t\t\t\t\t\t\t\t<\/div>\n\t\t\t\t<\/div>\n\t\t\t\t<\/div>\n\t\t<div class=\"elementor-element elementor-element-4b0c15e e-con-full e-flex e-con e-child\" data-id=\"4b0c15e\" data-element_type=\"container\" data-e-type=\"container\">\n\t\t\t\t<div class=\"elementor-element elementor-element-bf9117c elementor-widget elementor-widget-heading\" data-id=\"bf9117c\" data-element_type=\"widget\" data-e-type=\"widget\" data-widget_type=\"heading.default\">\n\t\t\t\t<div class=\"elementor-widget-container\">\n\t\t\t\t\t<h2 class=\"elementor-heading-title elementor-size-default\">Minimierter Materialverschlei\u00df und ma\u00dfgeschneiderte L\u00f6sungen f\u00fcr maximale Effizienz<\/h2>\t\t\t\t<\/div>\n\t\t\t\t<\/div>\n\t\t\t\t<div class=\"elementor-element elementor-element-3a69099 elementor-widget elementor-widget-text-editor\" data-id=\"3a69099\" data-element_type=\"widget\" data-e-type=\"widget\" data-widget_type=\"text-editor.default\">\n\t\t\t\t<div class=\"elementor-widget-container\">\n\t\t\t\t\t\t\t\t\t<p>Auf diese Weise halten wir den Materialverschlei\u00df des Stators so gering wie m\u00f6glich. Dadurch profitieren Sie von hohen Standzeiten. In der Folge daraus sinken Ihre Wartungskosten und die Total Costs of Ownership der Anlage.<\/p><p>Ebenso stimmen wir die Auslegung der Produktgeometrien auf die jeweiligen Kundenanforderungen ab. Neuentwicklungen, die Erstellung von Prototypen sowie s\u00e4mtliche Bearbeitungsschritte der sp\u00e4teren Serienfertigung k\u00f6nnen v\u00f6llig unabh\u00e4ngig von externen Lieferanten im eigenen Haus durchgef\u00fchrt werden. Damit bieten wir eine gr\u00f6\u00dftm\u00f6gliche Sicherheit, auch f\u00fcr die Innovationen unserer Kunden.<\/p>\t\t\t\t\t\t\t\t<\/div>\n\t\t\t\t<\/div>\n\t\t\t\t<\/div>\n\t\t\t\t\t<\/div>\n\t\t\t\t<\/div>\n\t\t<div class=\"elementor-element elementor-element-d5d10f5 e-con-full e-flex e-con e-parent\" data-id=\"d5d10f5\" data-element_type=\"container\" data-e-type=\"container\">\n\t\t\t\t<div class=\"elementor-element elementor-element-5d7dc38 elementor-widget-divider--view-line elementor-invisible elementor-widget elementor-widget-divider\" data-id=\"5d7dc38\" data-element_type=\"widget\" data-e-type=\"widget\" data-settings=\"{&quot;_animation&quot;:&quot;slideInRight&quot;}\" data-widget_type=\"divider.default\">\n\t\t\t\t<div class=\"elementor-widget-container\">\n\t\t\t\t\t\t\t<div class=\"elementor-divider\">\n\t\t\t<span class=\"elementor-divider-separator\">\n\t\t\t\t\t\t<\/span>\n\t\t<\/div>\n\t\t\t\t\t\t<\/div>\n\t\t\t\t<\/div>\n\t\t\t\t<\/div>\n\t\t<div class=\"elementor-element elementor-element-3302fa2 e-flex e-con-boxed e-con e-parent\" data-id=\"3302fa2\" data-element_type=\"container\" data-e-type=\"container\">\n\t\t\t\t\t<div class=\"e-con-inner\">\n\t\t<div class=\"elementor-element elementor-element-a7d7a52 e-con-full e-flex e-con e-child\" data-id=\"a7d7a52\" data-element_type=\"container\" data-e-type=\"container\" data-settings=\"{&quot;background_background&quot;:&quot;classic&quot;}\">\n\t\t\t\t<div class=\"elementor-element elementor-element-199640e elementor-widget__width-inherit elementor-widget elementor-widget-heading\" data-id=\"199640e\" data-element_type=\"widget\" data-e-type=\"widget\" data-widget_type=\"heading.default\">\n\t\t\t\t<div class=\"elementor-widget-container\">\n\t\t\t\t\t<h2 class=\"elementor-heading-title elementor-size-default\">Artemis-Statoren: Ihre Vorteile auf einen Blick<\/h2>\t\t\t\t<\/div>\n\t\t\t\t<\/div>\n\t\t\t\t<div class=\"elementor-element elementor-element-758d54f elementor-widget elementor-widget-text-editor\" data-id=\"758d54f\" data-element_type=\"widget\" data-e-type=\"widget\" data-widget_type=\"text-editor.default\">\n\t\t\t\t<div class=\"elementor-widget-container\">\n\t\t\t\t\t\t\t\t\t<p>Die Statoren bieten zahlreiche Vorteile, die sowohl die Effizienz als auch die Langlebigkeit der Produkte sicherstellen. Ein umfangreiches Lieferprogramm sorgt daf\u00fcr, dass Standardabmessungen stets verf\u00fcgbar sind, was eine flexible und schnelle Belieferung erm\u00f6glicht.<\/p><p>Dank der hauseigenen Entwicklung spezieller Gummimischungen k\u00f6nnen ma\u00dfgeschneiderte L\u00f6sungen f\u00fcr immer neue Einsatzbereiche geschaffen werden. Die Qualit\u00e4t der Statoren wird durch ein eigenes physikalisches Pr\u00fcflabor \u00fcberwacht, wo enge Ma\u00dftoleranzen und die Funktionsf\u00e4higkeit genau kontrolliert werden.<\/p><p>Dar\u00fcber hinaus erfolgt die komplette Werkzeugauslegung, Werkzeugfertigung sowie die Kernherstellung im eigenen Betrieb, was das unternehmensinterne Know-how sichert und die Herstellungskosten optimiert. Unterschiedliche Fertigungsverfahren erm\u00f6glichen dabei optimale Teilekosten sowohl f\u00fcr kleine als auch gro\u00dfe Serien.<\/p>\t\t\t\t\t\t\t\t<\/div>\n\t\t\t\t<\/div>\n\t\t\t\t<\/div>\n\t\t<div class=\"elementor-element elementor-element-6345e4d e-con-full e-flex e-con e-child\" data-id=\"6345e4d\" data-element_type=\"container\" data-e-type=\"container\">\n\t\t<div class=\"elementor-element elementor-element-f793d1e e-con-full e-flex e-con e-child\" data-id=\"f793d1e\" data-element_type=\"container\" data-e-type=\"container\" data-settings=\"{&quot;background_background&quot;:&quot;classic&quot;}\">\n\t\t\t\t<div class=\"elementor-element elementor-element-e808d66 elementor-widget elementor-widget-text-editor\" data-id=\"e808d66\" data-element_type=\"widget\" data-e-type=\"widget\" data-widget_type=\"text-editor.default\">\n\t\t\t\t<div class=\"elementor-widget-container\">\n\t\t\t\t\t\t\t\t\t<p>Zwei- und mehrg\u00e4ngige Statoren m\u00f6glich<\/p>\t\t\t\t\t\t\t\t<\/div>\n\t\t\t\t<\/div>\n\t\t\t\t<\/div>\n\t\t<div class=\"elementor-element elementor-element-26678a6 e-con-full e-flex e-con e-child\" data-id=\"26678a6\" data-element_type=\"container\" data-e-type=\"container\" data-settings=\"{&quot;background_background&quot;:&quot;classic&quot;}\">\n\t\t\t\t<div class=\"elementor-element elementor-element-8bec28a elementor-widget elementor-widget-text-editor\" data-id=\"8bec28a\" data-element_type=\"widget\" data-e-type=\"widget\" data-widget_type=\"text-editor.default\">\n\t\t\t\t<div class=\"elementor-widget-container\">\n\t\t\t\t\t\t\t\t\t<p>Lange Lebensdauer dank Standard- und Hochleistungsgummis<\/p>\t\t\t\t\t\t\t\t<\/div>\n\t\t\t\t<\/div>\n\t\t\t\t<\/div>\n\t\t<div class=\"elementor-element elementor-element-7aa9dc7 e-con-full e-flex e-con e-child\" data-id=\"7aa9dc7\" data-element_type=\"container\" data-e-type=\"container\" data-settings=\"{&quot;background_background&quot;:&quot;classic&quot;}\">\n\t\t\t\t<div class=\"elementor-element elementor-element-8f244e7 elementor-widget elementor-widget-text-editor\" data-id=\"8f244e7\" data-element_type=\"widget\" data-e-type=\"widget\" data-widget_type=\"text-editor.default\">\n\t\t\t\t<div class=\"elementor-widget-container\">\n\t\t\t\t\t\t\t\t\t<p>Qualit\u00e4tssicherung durch eigenes Pr\u00fcflabor und enge Ma\u00dftoleranzen<\/p>\t\t\t\t\t\t\t\t<\/div>\n\t\t\t\t<\/div>\n\t\t\t\t<\/div>\n\t\t<div class=\"elementor-element elementor-element-cecae73 e-con-full e-flex e-con e-child\" data-id=\"cecae73\" data-element_type=\"container\" data-e-type=\"container\" data-settings=\"{&quot;background_background&quot;:&quot;classic&quot;}\">\n\t\t\t\t<div class=\"elementor-element elementor-element-9094290 elementor-widget elementor-widget-text-editor\" data-id=\"9094290\" data-element_type=\"widget\" data-e-type=\"widget\" data-widget_type=\"text-editor.default\">\n\t\t\t\t<div class=\"elementor-widget-container\">\n\t\t\t\t\t\t\t\t\t<p>Gewendelte Statoren verbessern Effizienz, W\u00e4rmeableitung und Druckstabilit\u00e4t<\/p>\t\t\t\t\t\t\t\t<\/div>\n\t\t\t\t<\/div>\n\t\t\t\t<\/div>\n\t\t\t\t<\/div>\n\t\t\t\t\t<\/div>\n\t\t\t\t<\/div>\n\t\t<div class=\"elementor-element elementor-element-fcb01f2 e-flex e-con-boxed e-con e-parent\" data-id=\"fcb01f2\" data-element_type=\"container\" data-e-type=\"container\" data-settings=\"{&quot;background_background&quot;:&quot;classic&quot;,&quot;shape_divider_top&quot;:&quot;opacity-tilt&quot;}\">\n\t\t\t\t\t<div class=\"e-con-inner\">\n\t\t\t\t<div class=\"elementor-shape elementor-shape-top\" aria-hidden=\"true\" data-negative=\"false\">\n\t\t\t<svg xmlns=\"http:\/\/www.w3.org\/2000\/svg\" viewBox=\"0 0 2600 131.1\" preserveAspectRatio=\"none\">\n\t<path class=\"elementor-shape-fill\" d=\"M0 0L2600 0 2600 69.1 0 0z\"\/>\n\t<path class=\"elementor-shape-fill\" style=\"opacity:0.5\" d=\"M0 0L2600 0 2600 69.1 0 69.1z\"\/>\n\t<path class=\"elementor-shape-fill\" style=\"opacity:0.25\" d=\"M2600 0L0 0 0 130.1 2600 69.1z\"\/>\n<\/svg>\t\t<\/div>\n\t\t<div class=\"elementor-element elementor-element-b08f340 e-con-full e-flex e-con e-child\" data-id=\"b08f340\" data-element_type=\"container\" data-e-type=\"container\" data-settings=\"{&quot;background_background&quot;:&quot;classic&quot;}\">\n\t\t\t\t<div class=\"elementor-element elementor-element-6efede4 elementor-widget elementor-widget-heading\" data-id=\"6efede4\" data-element_type=\"widget\" data-e-type=\"widget\" data-widget_type=\"heading.default\">\n\t\t\t\t<div class=\"elementor-widget-container\">\n\t\t\t\t\t<h2 class=\"elementor-heading-title elementor-size-default\">Ihre Fragen, unsere Antworten \u2013 Kontaktieren Sie uns!<\/h2>\t\t\t\t<\/div>\n\t\t\t\t<\/div>\n\t\t\t\t<div class=\"elementor-element elementor-element-1400ba9 elementor-widget elementor-widget-formidable\" data-id=\"1400ba9\" data-element_type=\"widget\" data-e-type=\"widget\" data-widget_type=\"formidable.default\">\n\t\t\t\t<div class=\"elementor-widget-container\">\n\t\t\t\t\t<div class=\"frm_forms  with_frm_style frm_style_formidable-style\" id=\"frm_form_22_container\" >\n<form enctype=\"multipart\/form-data\" method=\"post\" class=\"frm-show-form  frm_js_validate  frm_ajax_submit  frm_pro_form \" id=\"form_kontakt_produkte\" >\n<div class=\"frm_form_fields \">\n<fieldset>\n<legend class=\"frm_screen_reader\">Produkte Kontakformular <\/legend>\r\n\r\n<div class=\"frm_fields_container\">\n<input type=\"hidden\" name=\"frm_action\" value=\"create\" \/>\n<input type=\"hidden\" name=\"form_id\" value=\"22\" \/>\n<input type=\"hidden\" name=\"frm_hide_fields_22\" id=\"frm_hide_fields_22\" value=\"\" \/>\n<input type=\"hidden\" name=\"form_key\" value=\"kontakt_produkte\" \/>\n<input type=\"hidden\" name=\"item_meta[0]\" value=\"\" \/>\n<input type=\"hidden\" id=\"frm_submit_entry_22\" name=\"frm_submit_entry_22\" value=\"9fb862a719\" \/><input type=\"hidden\" name=\"_wp_http_referer\" value=\"\/de\/wp-json\/wp\/v2\/pages\/11491\" \/><div id=\"frm_field_416_container\" class=\"frm_form_field frm_section_heading form-field  frm12 frm_first frm_hide_section\">\r\n<h3 class=\"frm_pos_none frm_section_spacing\">Bereich<\/h3>\r\n\r\n\r\n<div id=\"frm_field_417_container\" class=\"frm_form_field form-field  frm_required_field frm_top_container frm4 frm_first\">\r\n    <label for=\"field_vg1g92\" id=\"field_vg1g92_label\" class=\"frm_primary_label\">Anrede\r\n        <span class=\"frm_required\" aria-hidden=\"true\">*<\/span>\r\n    <\/label>\r\n    \t\t<select name=\"item_meta[417]\" id=\"field_vg1g92\"  data-reqmsg=\"Anrede cannot be blank.\" aria-required=\"true\" data-invmsg=\"Anrede ist ung\u00fcltig\" aria-invalid=\"false\"  >\n\t\t<option  value=\"Herr\">Herr<\/option><option  value=\"Frau\">Frau<\/option><option  value=\"Divers\">Divers<\/option>\t<\/select>\n\t\r\n    \r\n    \r\n<\/div>\n<div id=\"frm_field_419_container\" class=\"frm_form_field form-field  frm_required_field frm_top_container frm4\">\r\n    <label for=\"field_hz4mn\" id=\"field_hz4mn_label\" class=\"frm_primary_label\">Nachname\r\n        <span class=\"frm_required\">*<\/span>\r\n    <\/label>\r\n    <input  type=\"text\" id=\"field_hz4mn\" name=\"item_meta[419]\" value=\"\"  data-sectionid=\"416\"  data-reqmsg=\"Nachname cannot be blank.\" aria-required=\"true\" data-invmsg=\"Text ist ung\u00fcltig\" aria-invalid=\"false\"   \/>\r\n    \r\n    \r\n<\/div>\n<div id=\"frm_field_422_container\" class=\"frm_form_field form-field  frm_required_field frm_top_container frm4\">\r\n    <label for=\"field_x977h462\" id=\"field_x977h462_label\" class=\"frm_primary_label\">Unternehmen\r\n        <span class=\"frm_required\">*<\/span>\r\n    <\/label>\r\n    <input  type=\"text\" id=\"field_x977h462\" name=\"item_meta[422]\" value=\"\"  data-sectionid=\"416\"  data-reqmsg=\"Unternehmen cannot be blank.\" aria-required=\"true\" data-invmsg=\"Text ist ung\u00fcltig\" aria-invalid=\"false\"   \/>\r\n    \r\n    \r\n<\/div>\n<div id=\"frm_field_421_container\" class=\"frm_form_field form-field  frm_required_field frm_top_container frm4 frm_first\">\r\n    <label for=\"field_2jt76462\" id=\"field_2jt76462_label\" class=\"frm_primary_label\">E-Mail\r\n        <span class=\"frm_required\">*<\/span>\r\n    <\/label>\r\n    <input type=\"email\" id=\"field_2jt76462\" name=\"item_meta[421]\" value=\"\"  data-sectionid=\"416\"  data-reqmsg=\"E-Mail cannot be blank.\" aria-required=\"true\" data-invmsg=\"E-Mail ist ung\u00fcltig\" aria-invalid=\"false\"  \/>\r\n    \r\n    \r\n<\/div>\n<div id=\"frm_field_420_container\" class=\"frm_form_field form-field  frm_top_container frm4\">\r\n    <label for=\"field_bdfmy362\" id=\"field_bdfmy362_label\" class=\"frm_primary_label\">Telefon\r\n        <span class=\"frm_required\"><\/span>\r\n    <\/label>\r\n    <input  type=\"text\" id=\"field_bdfmy362\" name=\"item_meta[420]\" value=\"\"  data-sectionid=\"416\"  data-invmsg=\"Text ist ung\u00fcltig\" aria-invalid=\"false\"   \/>\r\n    \r\n    \r\n<\/div>\n<div id=\"frm_field_423_container\" class=\"frm_form_field form-field  frm_required_field frm_top_container frm4\">\r\n    <label for=\"field_wqu30\" id=\"field_wqu30_label\" class=\"frm_primary_label\">PLZ\r\n        <span class=\"frm_required\">*<\/span>\r\n    <\/label>\r\n    <input  type=\"text\" id=\"field_wqu30\" name=\"item_meta[423]\" value=\"\"  data-sectionid=\"416\"  placeholder=\"30419\" data-reqmsg=\"PLZ cannot be blank.\" aria-required=\"true\" data-invmsg=\"Text ist ung\u00fcltig\" aria-invalid=\"false\"   \/>\r\n    \r\n    \r\n<\/div>\n<div id=\"frm_field_426_container\" class=\"frm_form_field form-field  frm_required_field frm_top_container\">\r\n    <label for=\"field_kcamo462\" id=\"field_kcamo462_label\" class=\"frm_primary_label\">Ihre Nachricht\r\n        <span class=\"frm_required\">*<\/span>\r\n    <\/label>\r\n    <textarea data-auto-grow=\"1\"  name=\"item_meta[426]\" id=\"field_kcamo462\" rows=\"1\"  data-sectionid=\"416\"  data-reqmsg=\"Ihre Nachricht cannot be blank.\" aria-required=\"true\" data-invmsg=\"Ihre Nachricht ist ung\u00fcltig\" aria-invalid=\"false\"  ><\/textarea>\r\n    \r\n    \r\n<\/div>\n<div id=\"frm_field_427_container\" class=\"frm_form_field form-field  frm_required_field frm_none_container frm_first frm_three_fourths vertical_radio\">\r\n    <div  id=\"field_nckr8462_label\" class=\"frm_primary_label\">Checkboxen\r\n        <span class=\"frm_required\">*<\/span>\r\n    <\/div>\r\n    <div class=\"frm_opt_container\" aria-labelledby=\"field_nckr8462_label\" role=\"group\">\t\t<div class=\"frm_checkbox\" id=\"frm_checkbox_427-416-0\">\t\t\t<label  for=\"field_nckr8462-0\">\n\t\t\t<input type=\"checkbox\" name=\"item_meta[427][]\" id=\"field_nckr8462-0\" value=\"Hiermit akzeptiere ich die &lt;a href=&quot;https:\/\/artemis-kautschuk.de\/de\/&quot;&gt;Datenschutzbestimmungen&lt;\/a&gt;.\"  data-sectionid=\"416\"  data-reqmsg=\"Bitte anw\u00e4hlen.\" data-invmsg=\"Checkboxen ist ung\u00fcltig\"   aria-required=\"true\"  \/> Hiermit akzeptiere ich die <a href=\"https:\/\/artemis-kautschuk.de\/de\/\">Datenschutzbestimmungen<\/a>.<\/label><\/div>\n<\/div>\r\n    \r\n    \r\n<\/div>\n<div id=\"frm_field_428_container\" class=\"frm_form_field  frm_fourth frm_html_container form-field\">\n<div style=\"color: #35ad71; text-align: right;\"><span style=\"color: #35ad71;\">*<\/span> = Pflichtfeld<\/div>\n<\/div>\n<input type=\"hidden\" name=\"item_meta[429]\" id=\"field_99t3x362\" value=\"https:\/\/www.jaegergroup.com\/de\/wp-json\/wp\/v2\/pages\/11491\"  data-sectionid=\"416\"  data-frmval=\"https:\/\/www.jaegergroup.com\/de\/wp-json\/wp\/v2\/pages\/11491\"   \/>\n<\/div>\n<div id=\"frm_field_431_container\" class=\"frm_form_field form-field  frm_none_container\">\r\n    <label for=\"g-recaptcha-response\" id=\"field_lkqpk_label\" class=\"frm_primary_label\">Captcha\r\n        <span class=\"frm_required\"><\/span>\r\n    <\/label>\r\n    <div  id=\"field_lkqpk\" class=\"frm-g-recaptcha\" data-sitekey=\"6LdTkMAqAAAAAAhbp8Nuhq1DJS46nX0mYJ1Dbz3V\" data-size=\"invisible\" data-theme=\"light\"><\/div>\r\n    \r\n    \r\n<\/div>\n<div id=\"frm_field_433_container\" class=\"frm_form_field form-field \">\n\t<div class=\"frm_submit\">\r\n\r\n<button class=\"frm_button_submit frm_final_submit\" type=\"submit\"   formnovalidate=\"formnovalidate\">Senden<\/button>\r\n\r\n<\/div>\n<\/div>\n\t<input type=\"hidden\" name=\"item_key\" value=\"\" \/>\n\t\t\t<div id=\"frm_field_483_container\">\n\t\t\t<label for=\"field_qy3wr\" >\n\t\t\t\tFalls Du menschlich bist, lasse dieses Feld leer.\t\t\t<\/label>\n\t\t\t<input  id=\"field_qy3wr\" type=\"text\" class=\"frm_form_field form-field frm_verify\" name=\"item_meta[483]\" value=\"\"  \/>\n\t\t<\/div>\n\t\t<input name=\"frm_state\" type=\"hidden\" value=\"M4kAo45WGQpmnXQWVMk97uC2EPibTl0uCrd7bOiVVqI6bBITdKsU1kYd3qxjchLd\" \/><\/div>\n<\/fieldset>\n<\/div>\n\n<\/form>\n<\/div>\n\t\t\t\t<\/div>\n\t\t\t\t<\/div>\n\t\t\t\t<\/div>\n\t\t\t\t\t<\/div>\n\t\t\t\t<\/div>\n\t\t\t\t<\/div>\n\t\t","protected":false},"excerpt":{"rendered":"<p>Statoren f\u00fcr Exzenterschneckenpumpen Die passende L\u00f6sung f\u00fcr Pumpentechnik Unsere Statoren bestehen aus einem mit Gummi ausgekleideten Stahlmantel. Die Eigenschaften der Gummimischung im Stator sind auf die verschiedensten Anwendungsf\u00e4lle von Exzenterschneckenpumpen und Mediumseigenschaften abgestimmt. Artemis stellt die Gummimischung in der eigenen Mischerei nach Ihren Bedarfen zusammen, unsere Expert:innen beraten Sie bei der Materialauswahl umfassend. Minimierter Materialverschlei\u00df [&hellip;]<\/p>\n","protected":false},"author":2,"featured_media":0,"parent":12806,"menu_order":0,"comment_status":"closed","ping_status":"closed","template":"elementor_header_footer","meta":{"_acf_changed":false,"inline_featured_image":false,"footnotes":""},"class_list":["post-11491","page","type-page","status-publish","hentry"],"acf":[],"_links":{"self":[{"href":"https:\/\/artemis-kautschuk.de\/de\/wp-json\/wp\/v2\/pages\/11491","targetHints":{"allow":["GET"]}}],"collection":[{"href":"https:\/\/artemis-kautschuk.de\/de\/wp-json\/wp\/v2\/pages"}],"about":[{"href":"https:\/\/artemis-kautschuk.de\/de\/wp-json\/wp\/v2\/types\/page"}],"author":[{"embeddable":true,"href":"https:\/\/artemis-kautschuk.de\/de\/wp-json\/wp\/v2\/users\/2"}],"replies":[{"embeddable":true,"href":"https:\/\/artemis-kautschuk.de\/de\/wp-json\/wp\/v2\/comments?post=11491"}],"version-history":[{"count":57,"href":"https:\/\/artemis-kautschuk.de\/de\/wp-json\/wp\/v2\/pages\/11491\/revisions"}],"predecessor-version":[{"id":13197,"href":"https:\/\/artemis-kautschuk.de\/de\/wp-json\/wp\/v2\/pages\/11491\/revisions\/13197"}],"up":[{"embeddable":true,"href":"https:\/\/artemis-kautschuk.de\/de\/wp-json\/wp\/v2\/pages\/12806"}],"wp:attachment":[{"href":"https:\/\/artemis-kautschuk.de\/de\/wp-json\/wp\/v2\/media?parent=11491"}],"curies":[{"name":"wp","href":"https:\/\/api.w.org\/{rel}","templated":true}]}}