{"id":11515,"date":"2024-05-30T10:36:37","date_gmt":"2024-05-30T09:36:37","guid":{"rendered":"https:\/\/artemis-kautschuk.de\/?page_id=11515"},"modified":"2024-12-04T11:04:35","modified_gmt":"2024-12-04T10:04:35","slug":"spira-power-sections","status":"publish","type":"page","link":"https:\/\/artemis-kautschuk.de\/de\/produkte\/spira-power-sections\/","title":{"rendered":"SPIRA\u00ae Power Sections"},"content":{"rendered":"\t\t<div data-elementor-type=\"wp-page\" data-elementor-id=\"11515\" class=\"elementor elementor-11515\" data-elementor-post-type=\"page\">\n\t\t\t\t<div class=\"elementor-element elementor-element-3595a49 e-con-full e-flex e-con e-parent\" data-id=\"3595a49\" data-element_type=\"container\" data-e-type=\"container\" data-settings=\"{&quot;background_background&quot;:&quot;classic&quot;,&quot;animation&quot;:&quot;none&quot;}\">\n\t\t<div class=\"elementor-element elementor-element-1cb3b49 e-con-full e-flex e-con e-child\" data-id=\"1cb3b49\" data-element_type=\"container\" data-e-type=\"container\" data-settings=\"{&quot;background_background&quot;:&quot;classic&quot;,&quot;shape_divider_bottom&quot;:&quot;opacity-tilt&quot;,&quot;animation&quot;:&quot;none&quot;}\">\n\t\t\t\t<div class=\"elementor-shape elementor-shape-bottom\" aria-hidden=\"true\" data-negative=\"false\">\n\t\t\t<svg xmlns=\"http:\/\/www.w3.org\/2000\/svg\" viewBox=\"0 0 2600 131.1\" preserveAspectRatio=\"none\">\n\t<path class=\"elementor-shape-fill\" d=\"M0 0L2600 0 2600 69.1 0 0z\"\/>\n\t<path class=\"elementor-shape-fill\" style=\"opacity:0.5\" d=\"M0 0L2600 0 2600 69.1 0 69.1z\"\/>\n\t<path class=\"elementor-shape-fill\" style=\"opacity:0.25\" d=\"M2600 0L0 0 0 130.1 2600 69.1z\"\/>\n<\/svg>\t\t<\/div>\n\t\t\t\t<\/div>\n\t\t\t\t<\/div>\n\t\t<div class=\"elementor-element elementor-element-ca744c6 e-flex e-con-boxed e-con e-parent\" data-id=\"ca744c6\" data-element_type=\"container\" data-e-type=\"container\">\n\t\t\t\t\t<div class=\"e-con-inner\">\n\t\t<div class=\"elementor-element elementor-element-db65ccb e-con-full e-flex e-con e-child\" data-id=\"db65ccb\" data-element_type=\"container\" data-e-type=\"container\">\n\t\t\t\t<div class=\"elementor-element elementor-element-049815c elementor-widget elementor-widget-heading\" data-id=\"049815c\" data-element_type=\"widget\" data-e-type=\"widget\" data-widget_type=\"heading.default\">\n\t\t\t\t<div class=\"elementor-widget-container\">\n\t\t\t\t\t<h1 class=\"elementor-heading-title elementor-size-default\">SPIRA\u00ae Power Sections<\/h1>\t\t\t\t<\/div>\n\t\t\t\t<\/div>\n\t\t\t\t<div class=\"elementor-element elementor-element-d792920 headlineGreen elementor-widget elementor-widget-heading\" data-id=\"d792920\" data-element_type=\"widget\" data-e-type=\"widget\" data-widget_type=\"heading.default\">\n\t\t\t\t<div class=\"elementor-widget-container\">\n\t\t\t\t\t<p class=\"elementor-heading-title elementor-size-default\">Statoren f\u00fcr Bohrmotoren im Erd\u00f6lsektor<\/p>\t\t\t\t<\/div>\n\t\t\t\t<\/div>\n\t\t\t\t<div class=\"elementor-element elementor-element-bbd06cd elementor-widget elementor-widget-text-editor\" data-id=\"bbd06cd\" data-element_type=\"widget\" data-e-type=\"widget\" data-widget_type=\"text-editor.default\">\n\t\t\t\t<div class=\"elementor-widget-container\">\n\t\t\t\t\t\t\t\t\t<p>Als Teil der J\u00c4GER Group produziert Artemis neben konventionellen Statoren auch unter dem Markennamen SPIRA\u00ae Power Sections Statoren mit gleichm\u00e4\u00dfiger Gummiwandst\u00e4rke. Diese in Bohrmotoren eingesetzten Statoren werden haupts\u00e4chlich im Erd\u00f6lsektor, aber auch f\u00fcr Geothermie- oder Minenbohrungen eingesetzt.<\/p>\t\t\t\t\t\t\t\t<\/div>\n\t\t\t\t<\/div>\n\t\t\t\t<\/div>\n\t\t\t\t<div class=\"elementor-element elementor-element-d389e27 elementor-widget__width-initial elementor-widget-tablet__width-inherit elementor-widget elementor-widget-image\" data-id=\"d389e27\" data-element_type=\"widget\" data-e-type=\"widget\" data-widget_type=\"image.default\">\n\t\t\t\t<div class=\"elementor-widget-container\">\n\t\t\t\t\t\t\t\t\t\t\t\t\t\t\t<img fetchpriority=\"high\" decoding=\"async\" width=\"1920\" height=\"1281\" src=\"https:\/\/artemis-kautschuk.de\/wp-content\/uploads\/bilder\/Erdoelraffinerie.jpg\" class=\"attachment-large size-large wp-image-11064\" alt=\"\" \/>\t\t\t\t\t\t\t\t\t\t\t\t\t\t\t<\/div>\n\t\t\t\t<\/div>\n\t\t\t\t\t<\/div>\n\t\t\t\t<\/div>\n\t\t<div class=\"elementor-element elementor-element-4f3cf5c e-con-full e-flex e-con e-parent\" data-id=\"4f3cf5c\" data-element_type=\"container\" data-e-type=\"container\">\n\t\t\t\t<div class=\"elementor-element elementor-element-afdf050 elementor-widget-divider--view-line elementor-invisible elementor-widget elementor-widget-divider\" data-id=\"afdf050\" data-element_type=\"widget\" data-e-type=\"widget\" data-settings=\"{&quot;_animation&quot;:&quot;slideInLeft&quot;}\" data-widget_type=\"divider.default\">\n\t\t\t\t<div class=\"elementor-widget-container\">\n\t\t\t\t\t\t\t<div class=\"elementor-divider\">\n\t\t\t<span class=\"elementor-divider-separator\">\n\t\t\t\t\t\t<\/span>\n\t\t<\/div>\n\t\t\t\t\t\t<\/div>\n\t\t\t\t<\/div>\n\t\t\t\t<\/div>\n\t\t<div class=\"elementor-element elementor-element-0cb1072 e-flex e-con-boxed e-con e-parent\" data-id=\"0cb1072\" data-element_type=\"container\" data-e-type=\"container\">\n\t\t\t\t\t<div class=\"e-con-inner\">\n\t\t\t\t<div class=\"elementor-element elementor-element-ad373e1 elementor-widget__width-initial elementor-widget-tablet__width-inherit elementor-widget elementor-widget-image\" data-id=\"ad373e1\" data-element_type=\"widget\" data-e-type=\"widget\" data-widget_type=\"image.default\">\n\t\t\t\t<div class=\"elementor-widget-container\">\n\t\t\t\t\t\t\t\t\t\t\t\t\t\t\t<img decoding=\"async\" width=\"768\" height=\"516\" src=\"https:\/\/artemis-kautschuk.de\/wp-content\/uploads\/bilder\/Roter-Bohrkopf-Schwarz.jpg\" class=\"attachment-medium_large size-medium_large wp-image-12833\" alt=\"Roter Bohrkopf Schwarz\" \/>\t\t\t\t\t\t\t\t\t\t\t\t\t\t\t<\/div>\n\t\t\t\t<\/div>\n\t\t<div class=\"elementor-element elementor-element-6f6dcf9 e-con-full e-flex e-con e-child\" data-id=\"6f6dcf9\" data-element_type=\"container\" data-e-type=\"container\">\n\t\t\t\t<div class=\"elementor-element elementor-element-79e5c4a elementor-widget elementor-widget-heading\" data-id=\"79e5c4a\" data-element_type=\"widget\" data-e-type=\"widget\" data-widget_type=\"heading.default\">\n\t\t\t\t<div class=\"elementor-widget-container\">\n\t\t\t\t\t<h2 class=\"elementor-heading-title elementor-size-default\">Vielseitige Elastomere und verbesserte Leistung<\/h2>\t\t\t\t<\/div>\n\t\t\t\t<\/div>\n\t\t\t\t<div class=\"elementor-element elementor-element-c50610c elementor-widget elementor-widget-text-editor\" data-id=\"c50610c\" data-element_type=\"widget\" data-e-type=\"widget\" data-widget_type=\"text-editor.default\">\n\t\t\t\t<div class=\"elementor-widget-container\">\n\t\t\t\t\t\t\t\t\tSpira\u00ae Power Sections Statoren bieten viele Vorteile gegen\u00fcber konventionellen Statoren. Insbesondere das h\u00f6here Drehmoment bei gleicher Statorl\u00e4nge, die gleichm\u00e4\u00dfige Quellung bei aggressiven Bohrsp\u00fclmedien und die gleichm\u00e4\u00dfige W\u00e4rmeausdehnung sorgen f\u00fcr einen deutlich h\u00f6heren Wirkungsgrad und eine l\u00e4ngere Haltbarkeit. \n\nSpira\u00ae Power Sections Statoren bohren somit selbst in schwierigen Einsatzf\u00e4llen bis zur erforderlichen Tiefe ohne zwischendurch ausgetauscht werden zu m\u00fcssen und sparen somit viel Zeit und Geld. Die Verf\u00fcgbarkeit von verschiedenen Elastomeren wie u.a. NBR, NBR-HR, HNBR und FKM f\u00fcr unsere Statoren bietet f\u00fcr Ihre Anwendungsf\u00e4lle optimale Anpassungsm\u00f6glichkeiten.\t\t\t\t\t\t\t\t<\/div>\n\t\t\t\t<\/div>\n\t\t\t\t<\/div>\n\t\t\t\t\t<\/div>\n\t\t\t\t<\/div>\n\t\t<div class=\"elementor-element elementor-element-d5d10f5 e-con-full e-flex e-con e-parent\" data-id=\"d5d10f5\" data-element_type=\"container\" data-e-type=\"container\">\n\t\t\t\t<div class=\"elementor-element elementor-element-5d7dc38 elementor-widget-divider--view-line elementor-invisible elementor-widget elementor-widget-divider\" data-id=\"5d7dc38\" data-element_type=\"widget\" data-e-type=\"widget\" data-settings=\"{&quot;_animation&quot;:&quot;slideInRight&quot;}\" data-widget_type=\"divider.default\">\n\t\t\t\t<div class=\"elementor-widget-container\">\n\t\t\t\t\t\t\t<div class=\"elementor-divider\">\n\t\t\t<span class=\"elementor-divider-separator\">\n\t\t\t\t\t\t<\/span>\n\t\t<\/div>\n\t\t\t\t\t\t<\/div>\n\t\t\t\t<\/div>\n\t\t\t\t<\/div>\n\t\t<div class=\"elementor-element elementor-element-e537ce6 e-flex e-con-boxed e-con e-parent\" data-id=\"e537ce6\" data-element_type=\"container\" data-e-type=\"container\">\n\t\t\t\t\t<div class=\"e-con-inner\">\n\t\t<div class=\"elementor-element elementor-element-6d9cd06 e-con-full e-flex e-con e-child\" data-id=\"6d9cd06\" data-element_type=\"container\" data-e-type=\"container\" data-settings=\"{&quot;background_background&quot;:&quot;classic&quot;}\">\n\t\t\t\t<div class=\"elementor-element elementor-element-1a8d392 elementor-widget__width-inherit elementor-widget elementor-widget-heading\" data-id=\"1a8d392\" data-element_type=\"widget\" data-e-type=\"widget\" data-widget_type=\"heading.default\">\n\t\t\t\t<div class=\"elementor-widget-container\">\n\t\t\t\t\t<h2 class=\"elementor-heading-title elementor-size-default\">Vorteile der SPIRA\u00ae Power Section Statoren<\/h2>\t\t\t\t<\/div>\n\t\t\t\t<\/div>\n\t\t\t\t<div class=\"elementor-element elementor-element-e61237c elementor-widget elementor-widget-text-editor\" data-id=\"e61237c\" data-element_type=\"widget\" data-e-type=\"widget\" data-widget_type=\"text-editor.default\">\n\t\t\t\t<div class=\"elementor-widget-container\">\n\t\t\t\t\t\t\t\t\t<p>Die speziellen Statoren sorgen durch ihren erh\u00f6hten Motordifferenzdruck f\u00fcr einen deutlich h\u00f6heren Wirkungsgrad und erm\u00f6glichen eine verbesserte W\u00e4rmeabfuhr w\u00e4hrend des Betriebs.<\/p><p>Hochleistungsf\u00e4hige und hochtemperaturbest\u00e4ndige NBR- und HNBR-Gummimischungen gew\u00e4hrleisten eine erh\u00f6hte Langlebigkeit, die sich besonders in tiefen Bohrungen und anspruchsvollen Anwendungen auszahlt.<\/p><p>Diese Statoren sind optimal f\u00fcr Motoren mit niedriger Drehzahl und hohem Drehmoment geeignet und bieten ein h\u00f6heres Drehmoment bei gleicher L\u00e4nge im Vergleich zu herk\u00f6mmlichen Statoren. Zudem zeigen sie eine geringere Quellung und Verformung des Statorprofils, selbst bei aggressiven Bohrsp\u00fclungen, was zu einer verbesserten Leistung und einer gleichm\u00e4\u00dfigen W\u00e4rmeausdehnung f\u00fchrt.<\/p>\t\t\t\t\t\t\t\t<\/div>\n\t\t\t\t<\/div>\n\t\t\t\t<\/div>\n\t\t<div class=\"elementor-element elementor-element-f01d58b e-con-full e-flex e-con e-child\" data-id=\"f01d58b\" data-element_type=\"container\" data-e-type=\"container\">\n\t\t<div class=\"elementor-element elementor-element-036d522 e-con-full e-flex e-con e-child\" data-id=\"036d522\" data-element_type=\"container\" data-e-type=\"container\" data-settings=\"{&quot;background_background&quot;:&quot;classic&quot;}\">\n\t\t\t\t<div class=\"elementor-element elementor-element-0d3711f elementor-widget elementor-widget-text-editor\" data-id=\"0d3711f\" data-element_type=\"widget\" data-e-type=\"widget\" data-widget_type=\"text-editor.default\">\n\t\t\t\t<div class=\"elementor-widget-container\">\n\t\t\t\t\t\t\t\t\t<p>K\u00fcrzere Leistungsabschnitte bei gleichem Drehmoment im Vergleich zu konventionellen Statoren<\/p>\t\t\t\t\t\t\t\t<\/div>\n\t\t\t\t<\/div>\n\t\t\t\t<\/div>\n\t\t<div class=\"elementor-element elementor-element-37640c7 e-con-full e-flex e-con e-child\" data-id=\"37640c7\" data-element_type=\"container\" data-e-type=\"container\" data-settings=\"{&quot;background_background&quot;:&quot;classic&quot;}\">\n\t\t\t\t<div class=\"elementor-element elementor-element-d26e41d elementor-widget elementor-widget-text-editor\" data-id=\"d26e41d\" data-element_type=\"widget\" data-e-type=\"widget\" data-widget_type=\"text-editor.default\">\n\t\t\t\t<div class=\"elementor-widget-container\">\n\t\t\t\t\t\t\t\t\tMinimale interne Erw\u00e4rmung und keine Hysterese\t\t\t\t\t\t\t\t<\/div>\n\t\t\t\t<\/div>\n\t\t\t\t<\/div>\n\t\t<div class=\"elementor-element elementor-element-f9c9fa3 e-con-full e-flex e-con e-child\" data-id=\"f9c9fa3\" data-element_type=\"container\" data-e-type=\"container\" data-settings=\"{&quot;background_background&quot;:&quot;classic&quot;}\">\n\t\t\t\t<div class=\"elementor-element elementor-element-2977540 elementor-widget elementor-widget-text-editor\" data-id=\"2977540\" data-element_type=\"widget\" data-e-type=\"widget\" data-widget_type=\"text-editor.default\">\n\t\t\t\t<div class=\"elementor-widget-container\">\n\t\t\t\t\t\t\t\t\t<p>Gleichm\u00e4\u00dfige Quellung und W\u00e4rmeausdehnung um den Stator<\/p>\t\t\t\t\t\t\t\t<\/div>\n\t\t\t\t<\/div>\n\t\t\t\t<\/div>\n\t\t<div class=\"elementor-element elementor-element-1285498 e-con-full e-flex e-con e-child\" data-id=\"1285498\" data-element_type=\"container\" data-e-type=\"container\" data-settings=\"{&quot;background_background&quot;:&quot;classic&quot;}\">\n\t\t\t\t<div class=\"elementor-element elementor-element-e53543b elementor-widget elementor-widget-text-editor\" data-id=\"e53543b\" data-element_type=\"widget\" data-e-type=\"widget\" data-widget_type=\"text-editor.default\">\n\t\t\t\t<div class=\"elementor-widget-container\">\n\t\t\t\t\t\t\t\t\t<p>Pr\u00e4zise, hochwertige Statoren und Rotoren aus Deutschland<\/p>\t\t\t\t\t\t\t\t<\/div>\n\t\t\t\t<\/div>\n\t\t\t\t<\/div>\n\t\t\t\t<\/div>\n\t\t\t\t\t<\/div>\n\t\t\t\t<\/div>\n\t\t<div class=\"elementor-element elementor-element-227cd20 e-flex e-con-boxed e-con e-parent\" data-id=\"227cd20\" data-element_type=\"container\" data-e-type=\"container\" data-settings=\"{&quot;background_background&quot;:&quot;classic&quot;,&quot;shape_divider_top&quot;:&quot;opacity-tilt&quot;}\">\n\t\t\t\t\t<div class=\"e-con-inner\">\n\t\t\t\t<div class=\"elementor-shape elementor-shape-top\" aria-hidden=\"true\" data-negative=\"false\">\n\t\t\t<svg xmlns=\"http:\/\/www.w3.org\/2000\/svg\" viewBox=\"0 0 2600 131.1\" preserveAspectRatio=\"none\">\n\t<path class=\"elementor-shape-fill\" d=\"M0 0L2600 0 2600 69.1 0 0z\"\/>\n\t<path class=\"elementor-shape-fill\" style=\"opacity:0.5\" d=\"M0 0L2600 0 2600 69.1 0 69.1z\"\/>\n\t<path class=\"elementor-shape-fill\" style=\"opacity:0.25\" d=\"M2600 0L0 0 0 130.1 2600 69.1z\"\/>\n<\/svg>\t\t<\/div>\n\t\t<div class=\"elementor-element elementor-element-d28d0ab e-con-full e-flex e-con e-child\" data-id=\"d28d0ab\" data-element_type=\"container\" data-e-type=\"container\" data-settings=\"{&quot;background_background&quot;:&quot;classic&quot;}\">\n\t\t\t\t<div class=\"elementor-element elementor-element-c295334 elementor-widget elementor-widget-heading\" data-id=\"c295334\" data-element_type=\"widget\" data-e-type=\"widget\" data-widget_type=\"heading.default\">\n\t\t\t\t<div class=\"elementor-widget-container\">\n\t\t\t\t\t<h2 class=\"elementor-heading-title elementor-size-default\">Ihre Fragen, unsere Antworten \u2013 Kontaktieren Sie uns!<\/h2>\t\t\t\t<\/div>\n\t\t\t\t<\/div>\n\t\t\t\t<div class=\"elementor-element elementor-element-72181a0 elementor-widget elementor-widget-formidable\" data-id=\"72181a0\" data-element_type=\"widget\" data-e-type=\"widget\" data-widget_type=\"formidable.default\">\n\t\t\t\t<div class=\"elementor-widget-container\">\n\t\t\t\t\t<div class=\"frm_forms  with_frm_style frm_style_formidable-style\" id=\"frm_form_22_container\" >\n<form enctype=\"multipart\/form-data\" method=\"post\" class=\"frm-show-form  frm_js_validate  frm_ajax_submit  frm_pro_form \" id=\"form_kontakt_produkte\" >\n<div class=\"frm_form_fields \">\n<fieldset>\n<legend class=\"frm_screen_reader\">Produkte Kontakformular <\/legend>\r\n\r\n<div class=\"frm_fields_container\">\n<input type=\"hidden\" name=\"frm_action\" value=\"create\" \/>\n<input type=\"hidden\" name=\"form_id\" value=\"22\" \/>\n<input type=\"hidden\" name=\"frm_hide_fields_22\" id=\"frm_hide_fields_22\" value=\"\" \/>\n<input type=\"hidden\" name=\"form_key\" value=\"kontakt_produkte\" \/>\n<input type=\"hidden\" name=\"item_meta[0]\" value=\"\" \/>\n<input type=\"hidden\" id=\"frm_submit_entry_22\" name=\"frm_submit_entry_22\" value=\"fc8ff5ae14\" \/><input type=\"hidden\" name=\"_wp_http_referer\" value=\"\/de\/wp-json\/wp\/v2\/pages\/11515\" \/><div id=\"frm_field_416_container\" class=\"frm_form_field frm_section_heading form-field  frm12 frm_first frm_hide_section\">\r\n<h3 class=\"frm_pos_none frm_section_spacing\">Bereich<\/h3>\r\n\r\n\r\n<div id=\"frm_field_417_container\" class=\"frm_form_field form-field  frm_required_field frm_top_container frm4 frm_first\">\r\n    <label for=\"field_vg1g92\" id=\"field_vg1g92_label\" class=\"frm_primary_label\">Anrede\r\n        <span class=\"frm_required\" aria-hidden=\"true\">*<\/span>\r\n    <\/label>\r\n    \t\t<select name=\"item_meta[417]\" id=\"field_vg1g92\"  data-reqmsg=\"Anrede cannot be blank.\" aria-required=\"true\" data-invmsg=\"Anrede ist ung\u00fcltig\" aria-invalid=\"false\"  >\n\t\t<option  value=\"Herr\">Herr<\/option><option  value=\"Frau\">Frau<\/option><option  value=\"Divers\">Divers<\/option>\t<\/select>\n\t\r\n    \r\n    \r\n<\/div>\n<div id=\"frm_field_419_container\" class=\"frm_form_field form-field  frm_required_field frm_top_container frm4\">\r\n    <label for=\"field_hz4mn\" id=\"field_hz4mn_label\" class=\"frm_primary_label\">Nachname\r\n        <span class=\"frm_required\">*<\/span>\r\n    <\/label>\r\n    <input  type=\"text\" id=\"field_hz4mn\" name=\"item_meta[419]\" value=\"\"  data-sectionid=\"416\"  data-reqmsg=\"Nachname cannot be blank.\" aria-required=\"true\" data-invmsg=\"Text ist ung\u00fcltig\" aria-invalid=\"false\"   \/>\r\n    \r\n    \r\n<\/div>\n<div id=\"frm_field_422_container\" class=\"frm_form_field form-field  frm_required_field frm_top_container frm4\">\r\n    <label for=\"field_x977h462\" id=\"field_x977h462_label\" class=\"frm_primary_label\">Unternehmen\r\n        <span class=\"frm_required\">*<\/span>\r\n    <\/label>\r\n    <input  type=\"text\" id=\"field_x977h462\" name=\"item_meta[422]\" value=\"\"  data-sectionid=\"416\"  data-reqmsg=\"Unternehmen cannot be blank.\" aria-required=\"true\" data-invmsg=\"Text ist ung\u00fcltig\" aria-invalid=\"false\"   \/>\r\n    \r\n    \r\n<\/div>\n<div id=\"frm_field_421_container\" class=\"frm_form_field form-field  frm_required_field frm_top_container frm4 frm_first\">\r\n    <label for=\"field_2jt76462\" id=\"field_2jt76462_label\" class=\"frm_primary_label\">E-Mail\r\n        <span class=\"frm_required\">*<\/span>\r\n    <\/label>\r\n    <input type=\"email\" id=\"field_2jt76462\" name=\"item_meta[421]\" value=\"\"  data-sectionid=\"416\"  data-reqmsg=\"E-Mail cannot be blank.\" aria-required=\"true\" data-invmsg=\"E-Mail ist ung\u00fcltig\" aria-invalid=\"false\"  \/>\r\n    \r\n    \r\n<\/div>\n<div id=\"frm_field_420_container\" class=\"frm_form_field form-field  frm_top_container frm4\">\r\n    <label for=\"field_bdfmy362\" id=\"field_bdfmy362_label\" class=\"frm_primary_label\">Telefon\r\n        <span class=\"frm_required\"><\/span>\r\n    <\/label>\r\n    <input  type=\"text\" id=\"field_bdfmy362\" name=\"item_meta[420]\" value=\"\"  data-sectionid=\"416\"  data-invmsg=\"Text ist ung\u00fcltig\" aria-invalid=\"false\"   \/>\r\n    \r\n    \r\n<\/div>\n<div id=\"frm_field_423_container\" class=\"frm_form_field form-field  frm_required_field frm_top_container frm4\">\r\n    <label for=\"field_wqu30\" id=\"field_wqu30_label\" class=\"frm_primary_label\">PLZ\r\n        <span class=\"frm_required\">*<\/span>\r\n    <\/label>\r\n    <input  type=\"text\" id=\"field_wqu30\" name=\"item_meta[423]\" value=\"\"  data-sectionid=\"416\"  placeholder=\"30419\" data-reqmsg=\"PLZ cannot be blank.\" aria-required=\"true\" data-invmsg=\"Text ist ung\u00fcltig\" aria-invalid=\"false\"   \/>\r\n    \r\n    \r\n<\/div>\n<div id=\"frm_field_426_container\" class=\"frm_form_field form-field  frm_required_field frm_top_container\">\r\n    <label for=\"field_kcamo462\" id=\"field_kcamo462_label\" class=\"frm_primary_label\">Ihre Nachricht\r\n        <span class=\"frm_required\">*<\/span>\r\n    <\/label>\r\n    <textarea data-auto-grow=\"1\"  name=\"item_meta[426]\" id=\"field_kcamo462\" rows=\"1\"  data-sectionid=\"416\"  data-reqmsg=\"Ihre Nachricht cannot be blank.\" aria-required=\"true\" data-invmsg=\"Ihre Nachricht ist ung\u00fcltig\" aria-invalid=\"false\"  ><\/textarea>\r\n    \r\n    \r\n<\/div>\n<div id=\"frm_field_427_container\" class=\"frm_form_field form-field  frm_required_field frm_none_container frm_first frm_three_fourths vertical_radio\">\r\n    <div  id=\"field_nckr8462_label\" class=\"frm_primary_label\">Checkboxen\r\n        <span class=\"frm_required\">*<\/span>\r\n    <\/div>\r\n    <div class=\"frm_opt_container\" aria-labelledby=\"field_nckr8462_label\" role=\"group\">\t\t<div class=\"frm_checkbox\" id=\"frm_checkbox_427-416-0\">\t\t\t<label  for=\"field_nckr8462-0\">\n\t\t\t<input type=\"checkbox\" name=\"item_meta[427][]\" id=\"field_nckr8462-0\" value=\"Hiermit akzeptiere ich die &lt;a href=&quot;https:\/\/artemis-kautschuk.de\/de\/&quot;&gt;Datenschutzbestimmungen&lt;\/a&gt;.\"  data-sectionid=\"416\"  data-reqmsg=\"Bitte anw\u00e4hlen.\" data-invmsg=\"Checkboxen ist ung\u00fcltig\"   aria-required=\"true\"  \/> Hiermit akzeptiere ich die <a href=\"https:\/\/artemis-kautschuk.de\/de\/\">Datenschutzbestimmungen<\/a>.<\/label><\/div>\n<\/div>\r\n    \r\n    \r\n<\/div>\n<div id=\"frm_field_428_container\" class=\"frm_form_field  frm_fourth frm_html_container form-field\">\n<div style=\"color: #35ad71; text-align: right;\"><span style=\"color: #35ad71;\">*<\/span> = Pflichtfeld<\/div>\n<\/div>\n<input type=\"hidden\" name=\"item_meta[429]\" id=\"field_99t3x362\" value=\"https:\/\/www.jaegergroup.com\/de\/wp-json\/wp\/v2\/pages\/11515\"  data-sectionid=\"416\"  data-frmval=\"https:\/\/www.jaegergroup.com\/de\/wp-json\/wp\/v2\/pages\/11515\"   \/>\n<\/div>\n<div id=\"frm_field_431_container\" class=\"frm_form_field form-field  frm_none_container\">\r\n    <label for=\"g-recaptcha-response\" id=\"field_lkqpk_label\" class=\"frm_primary_label\">Captcha\r\n        <span class=\"frm_required\"><\/span>\r\n    <\/label>\r\n    <div  id=\"field_lkqpk\" class=\"frm-g-recaptcha\" data-sitekey=\"6LdTkMAqAAAAAAhbp8Nuhq1DJS46nX0mYJ1Dbz3V\" data-size=\"invisible\" data-theme=\"light\"><\/div>\r\n    \r\n    \r\n<\/div>\n<div id=\"frm_field_433_container\" class=\"frm_form_field form-field \">\n\t<div class=\"frm_submit\">\r\n\r\n<button class=\"frm_button_submit frm_final_submit\" type=\"submit\"   formnovalidate=\"formnovalidate\">Senden<\/button>\r\n\r\n<\/div>\n<\/div>\n\t<input type=\"hidden\" name=\"item_key\" value=\"\" \/>\n\t\t\t<div id=\"frm_field_483_container\">\n\t\t\t<label for=\"field_63uc2\" >\n\t\t\t\tFalls Du menschlich bist, lasse dieses Feld leer.\t\t\t<\/label>\n\t\t\t<input  id=\"field_63uc2\" type=\"text\" class=\"frm_form_field form-field frm_verify\" name=\"item_meta[483]\" value=\"\"  \/>\n\t\t<\/div>\n\t\t<input name=\"frm_state\" type=\"hidden\" value=\"M4kAo45WGQpmnXQWVMk97loyxnEJolHyG2zX99xGe6c6bBITdKsU1kYd3qxjchLd\" \/><\/div>\n<\/fieldset>\n<\/div>\n\n<\/form>\n<\/div>\n\t\t\t\t<\/div>\n\t\t\t\t<\/div>\n\t\t\t\t<\/div>\n\t\t\t\t\t<\/div>\n\t\t\t\t<\/div>\n\t\t\t\t<\/div>\n\t\t","protected":false},"excerpt":{"rendered":"<p>SPIRA\u00ae Power Sections Statoren f\u00fcr Bohrmotoren im Erd\u00f6lsektor Als Teil der J\u00c4GER Group produziert Artemis neben konventionellen Statoren auch unter dem Markennamen SPIRA\u00ae Power Sections Statoren mit gleichm\u00e4\u00dfiger Gummiwandst\u00e4rke. Diese in Bohrmotoren eingesetzten Statoren werden haupts\u00e4chlich im Erd\u00f6lsektor, aber auch f\u00fcr Geothermie- oder Minenbohrungen eingesetzt. Vielseitige Elastomere und verbesserte Leistung Spira\u00ae Power Sections Statoren bieten [&hellip;]<\/p>\n","protected":false},"author":2,"featured_media":0,"parent":12806,"menu_order":0,"comment_status":"closed","ping_status":"closed","template":"elementor_header_footer","meta":{"_acf_changed":false,"inline_featured_image":false,"footnotes":""},"class_list":["post-11515","page","type-page","status-publish","hentry"],"acf":[],"_links":{"self":[{"href":"https:\/\/artemis-kautschuk.de\/de\/wp-json\/wp\/v2\/pages\/11515","targetHints":{"allow":["GET"]}}],"collection":[{"href":"https:\/\/artemis-kautschuk.de\/de\/wp-json\/wp\/v2\/pages"}],"about":[{"href":"https:\/\/artemis-kautschuk.de\/de\/wp-json\/wp\/v2\/types\/page"}],"author":[{"embeddable":true,"href":"https:\/\/artemis-kautschuk.de\/de\/wp-json\/wp\/v2\/users\/2"}],"replies":[{"embeddable":true,"href":"https:\/\/artemis-kautschuk.de\/de\/wp-json\/wp\/v2\/comments?post=11515"}],"version-history":[{"count":45,"href":"https:\/\/artemis-kautschuk.de\/de\/wp-json\/wp\/v2\/pages\/11515\/revisions"}],"predecessor-version":[{"id":13031,"href":"https:\/\/artemis-kautschuk.de\/de\/wp-json\/wp\/v2\/pages\/11515\/revisions\/13031"}],"up":[{"embeddable":true,"href":"https:\/\/artemis-kautschuk.de\/de\/wp-json\/wp\/v2\/pages\/12806"}],"wp:attachment":[{"href":"https:\/\/artemis-kautschuk.de\/de\/wp-json\/wp\/v2\/media?parent=11515"}],"curies":[{"name":"wp","href":"https:\/\/api.w.org\/{rel}","templated":true}]}}