{"id":344,"date":"2023-02-06T09:55:07","date_gmt":"2023-02-06T09:55:07","guid":{"rendered":"https:\/\/artemis-kautschuk.de\/?page_id=344"},"modified":"2025-03-31T07:19:36","modified_gmt":"2025-03-31T06:19:36","slug":"impressum","status":"publish","type":"page","link":"https:\/\/artemis-kautschuk.de\/de\/impressum\/","title":{"rendered":"Impressum"},"content":{"rendered":"\t\t<div data-elementor-type=\"wp-page\" data-elementor-id=\"344\" class=\"elementor elementor-344\" data-elementor-post-type=\"page\">\n\t\t\t\t\t\t<section class=\"elementor-section elementor-top-section elementor-element elementor-element-fc0279c elementor-section-full_width elementor-section-height-default elementor-section-height-default\" data-id=\"fc0279c\" data-element_type=\"section\" data-e-type=\"section\">\n\t\t\t\t\t\t<div class=\"elementor-container elementor-column-gap-default\">\n\t\t\t\t\t<div class=\"elementor-column elementor-col-100 elementor-top-column elementor-element elementor-element-a38033e\" data-id=\"a38033e\" data-element_type=\"column\" data-e-type=\"column\">\n\t\t\t<div class=\"elementor-widget-wrap elementor-element-populated\">\n\t\t\t\t\t\t<div class=\"elementor-element elementor-element-66479ff elementor-widget elementor-widget-text-editor\" data-id=\"66479ff\" data-element_type=\"widget\" data-e-type=\"widget\" data-widget_type=\"text-editor.default\">\n\t\t\t\t<div class=\"elementor-widget-container\">\n\t\t\t\t\t\t\t\t\t<section class=\"has_eae_slider elementor-section elementor-top-section elementor-element elementor-element-f40b089 elementor-section-full_width page-start elementor-section-height-default elementor-section-height-default\" data-id=\"f40b089\" data-element_type=\"section\" data-settings=\"{&quot;premium_particles_zindex&quot;:0,&quot;premium_particles_responsive&quot;:[&quot;desktop&quot;,&quot;tablet&quot;,&quot;mobile&quot;]}\"><div class=\"elementor-container elementor-column-gap-default\"><div class=\"has_eae_slider elementor-column elementor-col-100 elementor-top-column elementor-element elementor-element-6a39884\" data-id=\"6a39884\" data-element_type=\"column\" data-settings=\"{&quot;premium_particles_zindex&quot;:0,&quot;premium_particles_responsive&quot;:[&quot;desktop&quot;,&quot;tablet&quot;,&quot;mobile&quot;]}\"><div class=\"elementor-widget-wrap elementor-element-populated\"><div class=\"elementor-element elementor-element-c88b6ea headlineGreen elementor-widget elementor-widget-heading\" data-id=\"c88b6ea\" data-element_type=\"widget\" data-widget_type=\"heading.default\"><div class=\"elementor-widget-container\"><h1 class=\"elementor-heading-title elementor-size-default\">Impressum der ARTEMIS Kautschuk- und Kunststoff-Technik\u00a0GmbH\u00a0<\/h1><\/div><\/div><div class=\"elementor-element elementor-element-5ef3e5f elementor-widget elementor-widget-text-editor\" data-id=\"5ef3e5f\" data-element_type=\"widget\" data-widget_type=\"text-editor.default\"><div class=\"elementor-widget-container\"><p><strong>Angaben nach \u00a7 5 Telemediengesetz (TMG)<br \/><\/strong>ARTEMIS Kautschuk- und Kunststoff- Technik GmbH<br \/>Rothwiese 4<br \/>30559 Hannover<br \/>Tel.\u00a0<a href=\"tel:0511 - 95928 0\">0511 \u2013 95928 0<\/a><br \/>Fax 0511 \u2013 95928 55<br \/><a href=\"mailto:info@artemis-kautschuk.de\">info@artemis-kautschuk.de<\/a><\/p><p><strong>Vertretungsberechtigt gem\u00e4\u00df \u00a7 5 Nr. 1\u00a0TMG:<\/strong><\/p><p>Gesch\u00e4ftsf\u00fchrer: Dipl.-Ing. Sebastian J\u00e4ger, <br \/>Wirtschaftsing. (M.Sc.) Rebecca Goetze<br \/>Umsatzsteuer-Identnummer: DE 813341217<br \/>Handelsregister: Registergericht Hannover HRB 59971<br \/>Rechtsform: GmbH<br \/>Sitz: Hannover<\/p><\/div><\/div><\/div><\/div><\/div><\/section><section class=\"has_eae_slider elementor-section elementor-top-section elementor-element elementor-element-9940fd3 elementor-section-full_width page-start elementor-section-height-default elementor-section-height-default\" data-id=\"9940fd3\" data-element_type=\"section\" data-settings=\"{&quot;premium_particles_zindex&quot;:0,&quot;premium_particles_responsive&quot;:[&quot;desktop&quot;,&quot;tablet&quot;,&quot;mobile&quot;]}\"><div class=\"elementor-container elementor-column-gap-default\"><div class=\"has_eae_slider elementor-column elementor-col-100 elementor-top-column elementor-element elementor-element-58160b0\" data-id=\"58160b0\" data-element_type=\"column\" data-settings=\"{&quot;premium_particles_zindex&quot;:0,&quot;premium_particles_responsive&quot;:[&quot;desktop&quot;,&quot;tablet&quot;,&quot;mobile&quot;]}\"><div class=\"elementor-widget-wrap elementor-element-populated\"><div class=\"elementor-element elementor-element-5ad8f6e elementor-widget elementor-widget-heading\" data-id=\"5ad8f6e\" data-element_type=\"widget\" data-widget_type=\"heading.default\"><div class=\"elementor-widget-container\"><h2 class=\"elementor-heading-title elementor-size-default\">Impressum der Artemis Metall GmbH &amp; Co.\u00a0KG<\/h2><\/div><\/div><div class=\"elementor-element elementor-element-05b8579 elementor-widget elementor-widget-text-editor\" data-id=\"05b8579\" data-element_type=\"widget\" data-widget_type=\"text-editor.default\"><div class=\"elementor-widget-container\"><p><strong>Angaben nach \u00a7 5 Telemediengesetz (TMG)<br \/><\/strong>Artemis Metall GmbH &amp; Co. KG<br \/>An der Bahn 161,<br \/>37520 Osterode am Harz,<br \/>Germany<br \/>Tel.\u00a0<a href=\"tel:0511 - 95928 0\">0511 \u2013 95928 0<\/a><br \/>Fax 0511 \u2013 95928 55<br \/><a href=\"mailto:info@artemis-metall.de\">info@artemis-metall.de<\/a><\/p><p><strong>Vertretungsberechtigt gem\u00e4\u00df \u00a7 5 Nr. 1\u00a0TMG:<\/strong><\/p><p>Gesch\u00e4ftsf\u00fchrer: Dipl.-Kfm. Marius J\u00e4ger, Maik Sauer<br \/>Umsatzsteuer-Identnummer: DE 280762767<br \/>Handelsregister: Registergericht Hannover HRA 202223<\/p><\/div><\/div><\/div><\/div><\/div><\/section>\t\t\t\t\t\t\t\t<\/div>\n\t\t\t\t<\/div>\n\t\t\t\t\t<\/div>\n\t\t<\/div>\n\t\t\t\t\t<\/div>\n\t\t<\/section>\n\t\t\t\t<\/div>\n\t\t","protected":false},"excerpt":{"rendered":"<p>Impressum der ARTEMIS Kautschuk- und Kunststoff-Technik\u00a0GmbH\u00a0 Angaben nach \u00a7 5 Telemediengesetz (TMG)ARTEMIS Kautschuk- und Kunststoff- Technik GmbHRothwiese 430559 HannoverTel.\u00a00511 \u2013 95928 0Fax 0511 \u2013 95928 55info@artemis-kautschuk.de Vertretungsberechtigt gem\u00e4\u00df \u00a7 5 Nr. 1\u00a0TMG: Gesch\u00e4ftsf\u00fchrer: Dipl.-Ing. Sebastian J\u00e4ger, Wirtschaftsing. (M.Sc.) Rebecca GoetzeUmsatzsteuer-Identnummer: DE 813341217Handelsregister: Registergericht Hannover HRB 59971Rechtsform: GmbHSitz: Hannover Impressum der Artemis Metall GmbH &amp; Co.\u00a0KG [&hellip;]<\/p>\n","protected":false},"author":2,"featured_media":0,"parent":0,"menu_order":0,"comment_status":"closed","ping_status":"closed","template":"elementor_header_footer","meta":{"_acf_changed":false,"inline_featured_image":false,"footnotes":""},"class_list":["post-344","page","type-page","status-publish","hentry"],"acf":[],"_links":{"self":[{"href":"https:\/\/artemis-kautschuk.de\/de\/wp-json\/wp\/v2\/pages\/344","targetHints":{"allow":["GET"]}}],"collection":[{"href":"https:\/\/artemis-kautschuk.de\/de\/wp-json\/wp\/v2\/pages"}],"about":[{"href":"https:\/\/artemis-kautschuk.de\/de\/wp-json\/wp\/v2\/types\/page"}],"author":[{"embeddable":true,"href":"https:\/\/artemis-kautschuk.de\/de\/wp-json\/wp\/v2\/users\/2"}],"replies":[{"embeddable":true,"href":"https:\/\/artemis-kautschuk.de\/de\/wp-json\/wp\/v2\/comments?post=344"}],"version-history":[{"count":12,"href":"https:\/\/artemis-kautschuk.de\/de\/wp-json\/wp\/v2\/pages\/344\/revisions"}],"predecessor-version":[{"id":13702,"href":"https:\/\/artemis-kautschuk.de\/de\/wp-json\/wp\/v2\/pages\/344\/revisions\/13702"}],"wp:attachment":[{"href":"https:\/\/artemis-kautschuk.de\/de\/wp-json\/wp\/v2\/media?parent=344"}],"curies":[{"name":"wp","href":"https:\/\/api.w.org\/{rel}","templated":true}]}}