{"id":5806,"date":"2023-09-20T12:25:17","date_gmt":"2023-09-20T12:25:17","guid":{"rendered":"https:\/\/artemis-kautschuk.de\/?page_id=5806"},"modified":"2025-08-14T07:46:39","modified_gmt":"2025-08-14T06:46:39","slug":"ueber-uns","status":"publish","type":"page","link":"https:\/\/artemis-kautschuk.de\/de\/ueber-uns\/","title":{"rendered":"\u00dcber uns"},"content":{"rendered":"\t\t<div data-elementor-type=\"wp-page\" data-elementor-id=\"5806\" class=\"elementor elementor-5806\" data-elementor-post-type=\"page\">\n\t\t\t\t<div class=\"elementor-element elementor-element-a1500aa e-con-full e-flex e-con e-parent\" data-id=\"a1500aa\" data-element_type=\"container\" data-e-type=\"container\" data-settings=\"{&quot;background_background&quot;:&quot;classic&quot;,&quot;animation&quot;:&quot;none&quot;,&quot;shape_divider_bottom&quot;:&quot;opacity-tilt&quot;}\">\n\t\t\t\t<div class=\"elementor-shape elementor-shape-bottom\" aria-hidden=\"true\" data-negative=\"false\">\n\t\t\t<svg xmlns=\"http:\/\/www.w3.org\/2000\/svg\" viewBox=\"0 0 2600 131.1\" preserveAspectRatio=\"none\">\n\t<path class=\"elementor-shape-fill\" d=\"M0 0L2600 0 2600 69.1 0 0z\"\/>\n\t<path class=\"elementor-shape-fill\" style=\"opacity:0.5\" d=\"M0 0L2600 0 2600 69.1 0 69.1z\"\/>\n\t<path class=\"elementor-shape-fill\" style=\"opacity:0.25\" d=\"M2600 0L0 0 0 130.1 2600 69.1z\"\/>\n<\/svg>\t\t<\/div>\n\t\t<div class=\"elementor-element elementor-element-16fac3d e-con-full e-flex e-con e-child\" data-id=\"16fac3d\" data-element_type=\"container\" data-e-type=\"container\">\n\t\t\t\t<\/div>\n\t\t\t\t<\/div>\n\t\t<div class=\"elementor-element elementor-element-151666b e-flex e-con-boxed e-con e-parent\" data-id=\"151666b\" data-element_type=\"container\" data-e-type=\"container\">\n\t\t\t\t\t<div class=\"e-con-inner\">\n\t\t<div class=\"elementor-element elementor-element-cde9559 e-con-full e-flex e-con e-child\" data-id=\"cde9559\" data-element_type=\"container\" data-e-type=\"container\">\n\t\t\t\t<div class=\"elementor-element elementor-element-c317ec6 elementor-widget elementor-widget-heading\" data-id=\"c317ec6\" data-element_type=\"widget\" data-e-type=\"widget\" data-widget_type=\"heading.default\">\n\t\t\t\t<div class=\"elementor-widget-container\">\n\t\t\t\t\t<h1 class=\"elementor-heading-title elementor-size-default\">\u00dcber Uns<\/h1>\t\t\t\t<\/div>\n\t\t\t\t<\/div>\n\t\t\t\t<div class=\"elementor-element elementor-element-d514e66 headlineGreen elementor-widget elementor-widget-heading\" data-id=\"d514e66\" data-element_type=\"widget\" data-e-type=\"widget\" data-widget_type=\"heading.default\">\n\t\t\t\t<div class=\"elementor-widget-container\">\n\t\t\t\t\t<p class=\"elementor-heading-title elementor-size-default\">Innovative L\u00f6sungen und Qualit\u00e4tsprodukte seit 1975<\/p>\t\t\t\t<\/div>\n\t\t\t\t<\/div>\n\t\t\t\t<div class=\"elementor-element elementor-element-a5c5776 elementor-widget elementor-widget-text-editor\" data-id=\"a5c5776\" data-element_type=\"widget\" data-e-type=\"widget\" data-widget_type=\"text-editor.default\">\n\t\t\t\t<div class=\"elementor-widget-container\">\n\t\t\t\t\t\t\t\t\t<p>Seit unserer Firmengr\u00fcndung im Jahr 1975 entwickeln, produzieren und vertreiben wir Komponenten und Systeme aus Gummi, Kunststoff und Metall f\u00fcr die erstausr\u00fcstende Industrie und den Fachhandel.<\/p><p>Als Teil der international agierenden J\u00c4GER Group sind wir spezialisiert auf innovative Sieb- und F\u00f6rdertechnik im Bereich Agrartechnik sowie auf die Fertigung von Formteilen und Vorschubb\u00e4ndern f\u00fcr Schleifmaschinen. Zudem liefern wir Statoren und Rotoren f\u00fcr Exzenterschneckenpumpen.<\/p><p>Unsere Mission und Vision ist es, innovative L\u00f6sungen auf Polymerbasis zu entwickeln, um eine wachsende Weltbev\u00f6lkerung zu ern\u00e4hren, mit Energie zu versorgen und nachhaltige Technologien zu f\u00f6rdern.<\/p>\t\t\t\t\t\t\t\t<\/div>\n\t\t\t\t<\/div>\n\t\t\t\t<\/div>\n\t\t\t\t<div class=\"elementor-element elementor-element-c1784fa elementor-widget__width-initial elementor-widget-tablet__width-inherit elementor-widget elementor-widget-image\" data-id=\"c1784fa\" data-element_type=\"widget\" data-e-type=\"widget\" data-widget_type=\"image.default\">\n\t\t\t\t<div class=\"elementor-widget-container\">\n\t\t\t\t\t\t\t\t\t\t\t\t\t\t\t<img fetchpriority=\"high\" decoding=\"async\" width=\"800\" height=\"600\" src=\"https:\/\/artemis-kautschuk.de\/wp-content\/uploads\/bilder\/Artemis-Luftaufnahme.jpg\" class=\"attachment-large size-large wp-image-10473\" alt=\"\" \/>\t\t\t\t\t\t\t\t\t\t\t\t\t\t\t<\/div>\n\t\t\t\t<\/div>\n\t\t\t\t\t<\/div>\n\t\t\t\t<\/div>\n\t\t<div class=\"elementor-element elementor-element-60ccf7b e-flex e-con-boxed e-con e-parent\" data-id=\"60ccf7b\" data-element_type=\"container\" data-e-type=\"container\" data-settings=\"{&quot;background_background&quot;:&quot;classic&quot;}\">\n\t\t\t\t\t<div class=\"e-con-inner\">\n\t\t<div class=\"elementor-element elementor-element-ba8fc42 e-con-full e-flex e-con e-child\" data-id=\"ba8fc42\" data-element_type=\"container\" data-e-type=\"container\">\n\t\t\t\t<div class=\"elementor-element elementor-element-f1c98e4 elementor-widget elementor-widget-heading\" data-id=\"f1c98e4\" data-element_type=\"widget\" data-e-type=\"widget\" data-widget_type=\"heading.default\">\n\t\t\t\t<div class=\"elementor-widget-container\">\n\t\t\t\t\t<h2 class=\"elementor-heading-title elementor-size-default\">Qualit\u00e4t und Effizienz<\/h2>\t\t\t\t<\/div>\n\t\t\t\t<\/div>\n\t\t\t\t<div class=\"elementor-element elementor-element-7255663 elementor-widget elementor-widget-text-editor\" data-id=\"7255663\" data-element_type=\"widget\" data-e-type=\"widget\" data-widget_type=\"text-editor.default\">\n\t\t\t\t<div class=\"elementor-widget-container\">\n\t\t\t\t\t\t\t\t\t<p>Qualit\u00e4t hat f\u00fcr uns oberste Priorit\u00e4t. Unsere modernen Produktionstechnologien sowie bereichs\u00fcbergreifende Projektteams erm\u00f6glichen kurze Entwicklungszeiten f\u00fcr technisch anspruchsvolle Produkte. Die Flexibilit\u00e4t und gute Ausbildung unserer 200 Mitarbeiter:innen sowie ein umfassendes Qualit\u00e4tsmanagementsystem nach DIN EN ISO 9001:2015 stellt sicher, dass Ihre Auftr\u00e4ge termingerecht und in der geforderten Qualit\u00e4t geliefert werden.<\/p>\t\t\t\t\t\t\t\t<\/div>\n\t\t\t\t<\/div>\n\t\t\t\t<\/div>\n\t\t\t\t\t<\/div>\n\t\t\t\t<\/div>\n\t\t<div class=\"elementor-element elementor-element-18dea7c e-flex e-con-boxed e-con e-parent\" data-id=\"18dea7c\" data-element_type=\"container\" data-e-type=\"container\">\n\t\t\t\t\t<div class=\"e-con-inner\">\n\t\t<div class=\"elementor-element elementor-element-44e7c5d e-con-full e-flex e-con e-child\" data-id=\"44e7c5d\" data-element_type=\"container\" data-e-type=\"container\">\n\t\t\t\t<div class=\"elementor-element elementor-element-0c9121b elementor-widget elementor-widget-heading\" data-id=\"0c9121b\" data-element_type=\"widget\" data-e-type=\"widget\" data-widget_type=\"heading.default\">\n\t\t\t\t<div class=\"elementor-widget-container\">\n\t\t\t\t\t<h2 class=\"elementor-heading-title elementor-size-default\">Unsere St\u00e4rken<\/h2>\t\t\t\t<\/div>\n\t\t\t\t<\/div>\n\t\t\t\t<div class=\"elementor-element elementor-element-25411c1 elementor-widget elementor-widget-text-editor\" data-id=\"25411c1\" data-element_type=\"widget\" data-e-type=\"widget\" data-widget_type=\"text-editor.default\">\n\t\t\t\t<div class=\"elementor-widget-container\">\n\t\t\t\t\t\t\t\t\t<p>Langj\u00e4hrige Erfahrung: \u00dcber 50 Jahre Expertise in der Entwicklung und Produktion.<br \/>Innovative Technologien: Einsatz modernster Produktionstechnologien und kontinuierliche Investition in Forschung und Entwicklung. \u00dcber 100 Patente konnten wir bereits erfolgreich anmelden.<\/p>\t\t\t\t\t\t\t\t<\/div>\n\t\t\t\t<\/div>\n\t\t\t\t<\/div>\n\t\t<div class=\"elementor-element elementor-element-2751d1e e-con-full e-flex e-con e-child\" data-id=\"2751d1e\" data-element_type=\"container\" data-e-type=\"container\" data-settings=\"{&quot;background_background&quot;:&quot;classic&quot;}\">\n\t\t\t\t<div class=\"elementor-element elementor-element-88f103a elementor-flip-box--effect-slide elementor-widget__width-initial elementor-widget-tablet__width-initial elementor-widget-mobile__width-inherit elementor-flip-box--direction-up elementor-widget elementor-widget-flip-box\" data-id=\"88f103a\" data-element_type=\"widget\" data-e-type=\"widget\" data-widget_type=\"flip-box.default\">\n\t\t\t\t<div class=\"elementor-widget-container\">\n\t\t\t\t\t\t\t<div class=\"elementor-flip-box\" tabindex=\"0\">\n\t\t\t<div class=\"elementor-flip-box__layer elementor-flip-box__front\">\n\t\t\t\t<div class=\"elementor-flip-box__layer__overlay\">\n\t\t\t\t\t<div class=\"elementor-flip-box__layer__inner\">\n\t\t\t\t\t\t\n\t\t\t\t\t\t\t\t\t\t\t\t\t<div class=\"elementor-flip-box__layer__title\">\n\t\t\t\t\t\t\t\tZertifizierte Qualit\u00e4t\t\t\t\t\t\t\t<\/div>\n\t\t\t\t\t\t\n\t\t\t\t\t\t\t\t\t\t\t<\/div>\n\t\t\t\t<\/div>\n\t\t\t<\/div>\n\t\t\t<div class=\"elementor-flip-box__layer elementor-flip-box__back\">\n\t\t\t<div class=\"elementor-flip-box__layer__overlay\">\n\t\t\t\t<div class=\"elementor-flip-box__layer__inner\">\n\t\t\t\t\t\n\t\t\t\t\t\t\t\t\t\t\t<div class=\"elementor-flip-box__layer__description\">\n\t\t\t\t\t\t\tUnser Qualit\u00e4tsmanagementsystem ist nach DIN EN ISO 9001:2015 zertifiziert\t\t\t\t\t\t<\/div>\n\t\t\t\t\t\n\t\t\t\t\t\t\t\t<\/div>\n\t\t<\/div>\n\t\t<\/div>\n\t\t<\/div>\n\t\t\t\t\t\t<\/div>\n\t\t\t\t<\/div>\n\t\t\t\t<div class=\"elementor-element elementor-element-120f51d elementor-flip-box--effect-slide elementor-widget__width-initial elementor-widget-tablet__width-initial elementor-widget-mobile__width-inherit elementor-flip-box--direction-up elementor-widget elementor-widget-flip-box\" data-id=\"120f51d\" data-element_type=\"widget\" data-e-type=\"widget\" data-widget_type=\"flip-box.default\">\n\t\t\t\t<div class=\"elementor-widget-container\">\n\t\t\t\t\t\t\t<div class=\"elementor-flip-box\" tabindex=\"0\">\n\t\t\t<div class=\"elementor-flip-box__layer elementor-flip-box__front\">\n\t\t\t\t<div class=\"elementor-flip-box__layer__overlay\">\n\t\t\t\t\t<div class=\"elementor-flip-box__layer__inner\">\n\t\t\t\t\t\t\n\t\t\t\t\t\t\t\t\t\t\t\t\t<div class=\"elementor-flip-box__layer__title\">\n\t\t\t\t\t\t\t\tZertifizierte Qualit\u00e4t\t\t\t\t\t\t\t<\/div>\n\t\t\t\t\t\t\n\t\t\t\t\t\t\t\t\t\t\t<\/div>\n\t\t\t\t<\/div>\n\t\t\t<\/div>\n\t\t\t<div class=\"elementor-flip-box__layer elementor-flip-box__back\">\n\t\t\t<div class=\"elementor-flip-box__layer__overlay\">\n\t\t\t\t<div class=\"elementor-flip-box__layer__inner\">\n\t\t\t\t\t\n\t\t\t\t\t\t\t\t\t\t\t<div class=\"elementor-flip-box__layer__description\">\n\t\t\t\t\t\t\tUnser Qualit\u00e4tsmanagementsystem ist nach DIN EN ISO 9001:2015 zertifiziert\t\t\t\t\t\t<\/div>\n\t\t\t\t\t\n\t\t\t\t\t\t\t\t<\/div>\n\t\t<\/div>\n\t\t<\/div>\n\t\t<\/div>\n\t\t\t\t\t\t<\/div>\n\t\t\t\t<\/div>\n\t\t\t\t<div class=\"elementor-element elementor-element-5047e7b elementor-widget__width-initial elementor-widget elementor-widget-image\" data-id=\"5047e7b\" data-element_type=\"widget\" data-e-type=\"widget\" data-widget_type=\"image.default\">\n\t\t\t\t<div class=\"elementor-widget-container\">\n\t\t\t\t\t\t\t\t\t\t\t\t\t\t\t<img decoding=\"async\" width=\"1920\" height=\"559\" src=\"https:\/\/artemis-kautschuk.de\/wp-content\/uploads\/Artemis-Jubilaeums-Logo-50-Jahre.png\" class=\"attachment-large size-large wp-image-13733\" alt=\"\" srcset=\"https:\/\/artemis-kautschuk.de\/wp-content\/uploads\/Artemis-Jubilaeums-Logo-50-Jahre.png 1920w, https:\/\/artemis-kautschuk.de\/wp-content\/uploads\/Artemis-Jubilaeums-Logo-50-Jahre-768x224.png 768w, https:\/\/artemis-kautschuk.de\/wp-content\/uploads\/Artemis-Jubilaeums-Logo-50-Jahre-1536x447.png 1536w\" sizes=\"(max-width: 1920px) 100vw, 1920px\" \/>\t\t\t\t\t\t\t\t\t\t\t\t\t\t\t<\/div>\n\t\t\t\t<\/div>\n\t\t\t\t<div class=\"elementor-element elementor-element-4622d80 elementor-flip-box--effect-slide elementor-widget__width-initial elementor-widget-tablet__width-initial elementor-widget-mobile__width-inherit elementor-flip-box--direction-up elementor-widget elementor-widget-flip-box\" data-id=\"4622d80\" data-element_type=\"widget\" data-e-type=\"widget\" data-widget_type=\"flip-box.default\">\n\t\t\t\t<div class=\"elementor-widget-container\">\n\t\t\t\t\t\t\t<div class=\"elementor-flip-box\" tabindex=\"0\">\n\t\t\t<div class=\"elementor-flip-box__layer elementor-flip-box__front\">\n\t\t\t\t<div class=\"elementor-flip-box__layer__overlay\">\n\t\t\t\t\t<div class=\"elementor-flip-box__layer__inner\">\n\t\t\t\t\t\t\n\t\t\t\t\t\t\t\t\t\t\t\t\t<h3 class=\"elementor-flip-box__layer__title\">\n\t\t\t\t\t\t\t\tFlexibilit\u00e4t\t\t\t\t\t\t\t<\/h3>\n\t\t\t\t\t\t\n\t\t\t\t\t\t\t\t\t\t\t<\/div>\n\t\t\t\t<\/div>\n\t\t\t<\/div>\n\t\t\t<div class=\"elementor-flip-box__layer elementor-flip-box__back\">\n\t\t\t<div class=\"elementor-flip-box__layer__overlay\">\n\t\t\t\t<div class=\"elementor-flip-box__layer__inner\">\n\t\t\t\t\t\n\t\t\t\t\t\t\t\t\t\t\t<div class=\"elementor-flip-box__layer__description\">\n\t\t\t\t\t\t\tAnpassungsf\u00e4hige und gut ausgebildete Mitarbeiter:innen erm\u00f6glichen individuelle L\u00f6sungen\t\t\t\t\t\t<\/div>\n\t\t\t\t\t\n\t\t\t\t\t\t\t\t<\/div>\n\t\t<\/div>\n\t\t<\/div>\n\t\t<\/div>\n\t\t\t\t\t\t<\/div>\n\t\t\t\t<\/div>\n\t\t\t\t<\/div>\n\t\t\t\t\t<\/div>\n\t\t\t\t<\/div>\n\t\t\t\t<\/div>\n\t\t","protected":false},"excerpt":{"rendered":"<p>\u00dcber Uns Innovative L\u00f6sungen und Qualit\u00e4tsprodukte seit 1975 Seit unserer Firmengr\u00fcndung im Jahr 1975 entwickeln, produzieren und vertreiben wir Komponenten und Systeme aus Gummi, Kunststoff und Metall f\u00fcr die erstausr\u00fcstende Industrie und den Fachhandel. Als Teil der international agierenden J\u00c4GER Group sind wir spezialisiert auf innovative Sieb- und F\u00f6rdertechnik im Bereich Agrartechnik sowie auf die [&hellip;]<\/p>\n","protected":false},"author":2,"featured_media":0,"parent":0,"menu_order":0,"comment_status":"closed","ping_status":"closed","template":"elementor_header_footer","meta":{"_acf_changed":false,"inline_featured_image":false,"footnotes":""},"class_list":["post-5806","page","type-page","status-publish","hentry"],"acf":[],"_links":{"self":[{"href":"https:\/\/artemis-kautschuk.de\/de\/wp-json\/wp\/v2\/pages\/5806","targetHints":{"allow":["GET"]}}],"collection":[{"href":"https:\/\/artemis-kautschuk.de\/de\/wp-json\/wp\/v2\/pages"}],"about":[{"href":"https:\/\/artemis-kautschuk.de\/de\/wp-json\/wp\/v2\/types\/page"}],"author":[{"embeddable":true,"href":"https:\/\/artemis-kautschuk.de\/de\/wp-json\/wp\/v2\/users\/2"}],"replies":[{"embeddable":true,"href":"https:\/\/artemis-kautschuk.de\/de\/wp-json\/wp\/v2\/comments?post=5806"}],"version-history":[{"count":95,"href":"https:\/\/artemis-kautschuk.de\/de\/wp-json\/wp\/v2\/pages\/5806\/revisions"}],"predecessor-version":[{"id":13737,"href":"https:\/\/artemis-kautschuk.de\/de\/wp-json\/wp\/v2\/pages\/5806\/revisions\/13737"}],"wp:attachment":[{"href":"https:\/\/artemis-kautschuk.de\/de\/wp-json\/wp\/v2\/media?parent=5806"}],"curies":[{"name":"wp","href":"https:\/\/api.w.org\/{rel}","templated":true}]}}