{"id":13498,"date":"2024-03-28T09:58:47","date_gmt":"2024-03-28T08:58:47","guid":{"rendered":"https:\/\/artemis-kautschuk.de\/kundenumfrage\/"},"modified":"2025-01-21T10:41:53","modified_gmt":"2025-01-21T09:41:53","slug":"customer-survey","status":"publish","type":"page","link":"https:\/\/artemis-kautschuk.de\/en\/customer-survey\/","title":{"rendered":"Kundenumfrage"},"content":{"rendered":"\t\t<div data-elementor-type=\"wp-page\" data-elementor-id=\"13498\" class=\"elementor elementor-13498 elementor-10788\" data-elementor-post-type=\"page\">\n\t\t\t\t<div class=\"elementor-element elementor-element-f7af332 e-con-full e-flex e-con e-parent\" data-id=\"f7af332\" data-element_type=\"container\" data-e-type=\"container\" data-settings=\"{&quot;background_background&quot;:&quot;classic&quot;,&quot;animation&quot;:&quot;none&quot;}\">\n\t\t<div class=\"elementor-element elementor-element-ad0962b e-con-full e-flex e-con e-child\" data-id=\"ad0962b\" data-element_type=\"container\" data-e-type=\"container\">\n\t\t\t\t<\/div>\n\t\t\t\t<\/div>\n\t\t<div class=\"elementor-element elementor-element-66c2297 e-con-full e-flex e-con e-parent\" data-id=\"66c2297\" data-element_type=\"container\" data-e-type=\"container\">\n\t\t<div class=\"elementor-element elementor-element-21dbd86 e-con-full e-flex e-con e-child\" data-id=\"21dbd86\" data-element_type=\"container\" data-e-type=\"container\">\n\t\t\t\t<div class=\"elementor-element elementor-element-b23391e elementor-widget elementor-widget-heading\" data-id=\"b23391e\" data-element_type=\"widget\" data-e-type=\"widget\" data-widget_type=\"heading.default\">\n\t\t\t\t<div class=\"elementor-widget-container\">\n\t\t\t\t\t<h1 class=\"elementor-heading-title elementor-size-default\">Customer Survey<\/h1>\t\t\t\t<\/div>\n\t\t\t\t<\/div>\n\t\t\t\t<div class=\"elementor-element elementor-element-9fdc801 headlineGreen elementor-widget elementor-widget-heading\" data-id=\"9fdc801\" data-element_type=\"widget\" data-e-type=\"widget\" data-widget_type=\"heading.default\">\n\t\t\t\t<div class=\"elementor-widget-container\">\n\t\t\t\t\t<p class=\"elementor-heading-title elementor-size-default\">Your opinion counts<\/p>\t\t\t\t<\/div>\n\t\t\t\t<\/div>\n\t\t\t\t<\/div>\n\t\t\t\t<\/div>\n\t\t<div class=\"elementor-element elementor-element-0b9ab75 e-con-full e-flex e-con e-parent\" data-id=\"0b9ab75\" data-element_type=\"container\" data-e-type=\"container\">\n\t\t\t\t<div class=\"elementor-element elementor-element-8a312b1 elementor-widget elementor-widget-formidable\" data-id=\"8a312b1\" data-element_type=\"widget\" data-e-type=\"widget\" data-widget_type=\"formidable.default\">\n\t\t\t\t<div class=\"elementor-widget-container\">\n\t\t\t\t\t<div class=\"frm_forms  with_frm_style frm_style_umfrage\" id=\"frm_form_20_container\" >\n<form enctype=\"multipart\/form-data\" method=\"post\" class=\"frm-show-form  frm_js_validate  frm_ajax_submit  frm_pro_form \" id=\"form_kundenumfrage283e9c7058\" >\n<div class=\"frm_form_fields  frm_page_num_1\">\n<fieldset>\n<legend class=\"frm_screen_reader\">Kundenumfrage ART<\/legend>\r\n\r\n<div class=\"frm_fields_container\">\n<div class=\"frm_rootline_group\" role=\"group\" tabindex=\"0\" aria-label=\"Page 1 of 5\" ><ul class=\"frm_page_bar frm_rootline_5 frm_rootline frm_rootline_line  frm_show_lines frm_show_titles\"><li class=\"frm_rootline_single frm_current_page\"><input type=\"button\" value=\"1\" data-page=\"\" class=\" frm_page_1\" aria-disabled=\"true\" data-field=\"0\" aria-label=\"Info\"  \/><span class=\"frm_rootline_title\">Info<\/span><\/li><li class=\"frm_rootline_single\"><input type=\"button\" value=\"2\" data-page=\"7\" class=\"frm_page_skip frm_page_2\" data-field=\"346\" aria-label=\"General questions\"  \/><span class=\"frm_rootline_title\">General questions<\/span><\/li><li class=\"frm_rootline_single\"><input type=\"button\" value=\"3\" data-page=\"35\" class=\"frm_page_skip frm_page_3\" data-field=\"363\" aria-label=\"How satisfied are you?\"  \/><span class=\"frm_rootline_title\">How satisfied are you?<\/span><\/li><li class=\"frm_rootline_single\"><input type=\"button\" value=\"4\" data-page=\"95\" class=\"frm_page_skip frm_page_4\" data-field=\"398\" aria-label=\"Your feedback\"  \/><span class=\"frm_rootline_title\">Your feedback<\/span><\/li>\t\t<li class=\"frm_rootline_single frm_rootline_show_hidden_steps_btn frm_hidden\">\n\t\t\t<input type=\"button\" class=\"frm_rootline_show_more_btn\" value=\"\u00b7\u00b7\u00b7\" \/>\n\t\t\t<ul class=\"frm_rootline_hidden_steps frm_hidden\"><\/ul>\n\t\t<\/li>\n\t\t<li class=\"frm_rootline_single\"><input type=\"button\" value=\"5\" data-page=\"105\" class=\"frm_page_skip frm_page_5\" data-field=\"403\" aria-label=\"Contact details\"  \/><span class=\"frm_rootline_title\">Contact details<\/span><\/li><\/ul><div class=\"frm_clearfix\"><\/div><\/div><input type=\"hidden\" name=\"frm_action\" value=\"create\" \/>\n<input type=\"hidden\" name=\"form_id\" value=\"20\" \/>\n<input type=\"hidden\" name=\"frm_hide_fields_20\" id=\"frm_hide_fields_20\" value=\"\" \/>\n<input type=\"hidden\" name=\"form_key\" value=\"kundenumfrage283e9c7058\" \/>\n<input type=\"hidden\" name=\"item_meta[0]\" value=\"\" \/>\n<input type=\"hidden\" id=\"frm_submit_entry_20\" name=\"frm_submit_entry_20\" value=\"bb5ad40530\" \/><input type=\"hidden\" name=\"_wp_http_referer\" value=\"\/en\/wp-json\/wp\/v2\/pages\/13498\" \/><div id=\"frm_field_343_container\" class=\"frm_form_field  frm_half frm_html_container form-field\">Continuously improving our processes is part of our daily work. By taking part in our customer survey, you can help shape our future development in just five minutes. We look forward to receiving your feedback and will be happy to get in touch with you if you wish.<\/div>\n<div id=\"frm_field_344_container\" class=\"frm_form_field  frm_half frm_html_container form-field\"><img decoding=\"async\" class=\"aligncenter wp-image-104793\" src=\"https:\/\/www.jaegergroup.com\/wp-content\/uploads\/2022\/04\/Icon-5-min.png\" alt=\"\" width=\"200\" height=\"214\" \/><\/div>\n<div id=\"frm_field_345_container\" class=\"frm_form_field  frm12 frm_html_container form-field\">\n<div><span>The answers you provide will be used for internal purposes to improve our customer satisfaction. If selected answers are published as part of our general company presentation, they will be anonymized.<\/span><\/div>\n<\/div>\n<input type=\"hidden\" name=\"frm_page_order_20\" id=\"frm_page_order_20\" value=\"7\" \/><input type=\"hidden\" name=\"item_meta[348]\" id=\"field_7uwvh02ff534216-0\" value=\"\"     \/>\n<input type=\"hidden\" name=\"item_meta[349]\" id=\"field_aqj7b05cac6cde6-0\" value=\"\"     \/>\n<input type=\"hidden\" name=\"item_meta[350]\" id=\"field_t3vrr-0\" value=\"\"     \/>\n<input type=\"hidden\" name=\"item_meta[351]\" id=\"field_sr5ik350c9c7450-0\" value=\"\"     \/>\n<input type=\"hidden\" name=\"item_meta[352]\" id=\"field_bxyex\" value=\"\"     \/>\n<input type=\"hidden\" name=\"item_meta[354]\" id=\"field_aqfbr\" value=\"0\"  data-sectionid=\"352\"  data-frmval=\"0\"   \/>\n<input type=\"hidden\" name=\"item_meta[355]\" id=\"field_gm338\" value=\"0\"  data-sectionid=\"352\"  data-frmval=\"0\"   \/>\n<input type=\"hidden\" name=\"item_meta[356]\" id=\"field_lc25x\" value=\"0\"  data-sectionid=\"352\"  data-frmval=\"0\"   \/>\n<input type=\"hidden\" name=\"item_meta[357]\" id=\"field_qm88r\" value=\"0\"  data-sectionid=\"352\"  data-frmval=\"0\"   \/>\n<input type=\"hidden\" name=\"item_meta[358]\" id=\"field_vlvtw\" value=\"0\"  data-sectionid=\"352\"  data-frmval=\"0\"   \/>\n<input type=\"hidden\" name=\"item_meta[359]\" id=\"field_nlk9i\" value=\"0\"  data-sectionid=\"352\"  data-frmval=\"0\"   \/>\n<input type=\"hidden\" name=\"item_meta[360]\" id=\"field_97nfa\" value=\"\"     \/>\n<input type=\"hidden\" name=\"item_meta[361]\" id=\"field_slpjo4510213d26\" value=\"\"     \/>\n<input type=\"hidden\" name=\"item_meta[363]\" id=\"field_3ltqqb9f57bf228\" value=\"\"     \/>\n<input type=\"hidden\" name=\"item_meta[365]\" id=\"field_taffz\" value=\"\"     \/>\n<input type=\"hidden\" name=\"item_meta[366]\" id=\"field_evmzx362e739b16-0\" value=\"\"  data-sectionid=\"365\"     \/>\n<input type=\"hidden\" name=\"item_meta[367]\" id=\"field_3rfu9c0693ce2f2-0\" value=\"\"  data-sectionid=\"365\"     \/>\n<input type=\"hidden\" name=\"item_meta[368]\" id=\"field_z3pen52f56faec6-0\" value=\"\"  data-sectionid=\"365\"     \/>\n<input type=\"hidden\" name=\"item_meta[369]\" id=\"field_a7k0z-0\" value=\"\"  data-sectionid=\"365\"     \/>\n<input type=\"hidden\" name=\"item_meta[370]\" id=\"field_maxx9\" value=\"\"     \/>\n<input type=\"hidden\" name=\"item_meta[371]\" id=\"field_9nxh5\" value=\"\"     \/>\n<input type=\"hidden\" name=\"item_meta[372]\" id=\"field_9zi9g-0\" value=\"\"  data-sectionid=\"371\"     \/>\n<input type=\"hidden\" name=\"item_meta[373]\" id=\"field_a0uexc4372c83fb-0\" value=\"\"  data-sectionid=\"371\"     \/>\n<input type=\"hidden\" name=\"item_meta[374]\" id=\"field_3a2hf-0\" value=\"\"  data-sectionid=\"371\"     \/>\n<input type=\"hidden\" name=\"item_meta[375]\" id=\"field_wvdx\" value=\"\"     \/>\n<input type=\"hidden\" name=\"item_meta[376]\" id=\"field_rld63\" value=\"\"     \/>\n<input type=\"hidden\" name=\"item_meta[377]\" id=\"field_4cnfk-0\" value=\"\"  data-sectionid=\"376\"     \/>\n<input type=\"hidden\" name=\"item_meta[378]\" id=\"field_zzs5r-0\" value=\"\"  data-sectionid=\"376\"     \/>\n<input type=\"hidden\" name=\"item_meta[379]\" id=\"field_i29wz-0\" value=\"\"  data-sectionid=\"376\"     \/>\n<input type=\"hidden\" name=\"item_meta[380]\" id=\"field_50jrn\" value=\"\"     \/>\n<input type=\"hidden\" name=\"item_meta[381]\" id=\"field_i55cl\" value=\"\"     \/>\n<input type=\"hidden\" name=\"item_meta[382]\" id=\"field_5286k-0\" value=\"\"  data-sectionid=\"381\"     \/>\n<input type=\"hidden\" name=\"item_meta[383]\" id=\"field_f4to0-0\" value=\"\"  data-sectionid=\"381\"     \/>\n<input type=\"hidden\" name=\"item_meta[384]\" id=\"field_eszu3-0\" value=\"\"  data-sectionid=\"381\"     \/>\n<input type=\"hidden\" name=\"item_meta[385]\" id=\"field_11p4s\" value=\"\"     \/>\n<input type=\"hidden\" name=\"item_meta[386]\" id=\"field_sfxss\" value=\"\"     \/>\n<input type=\"hidden\" name=\"item_meta[387]\" id=\"field_avs9r-0\" value=\"\"  data-sectionid=\"381\"     \/>\n<input type=\"hidden\" name=\"item_meta[388]\" id=\"field_r51lb-0\" value=\"\"  data-sectionid=\"381\"     \/>\n<input type=\"hidden\" name=\"item_meta[389]\" id=\"field_4vd7f-0\" value=\"\"  data-sectionid=\"386\"     \/>\n<input type=\"hidden\" name=\"item_meta[390]\" id=\"field_j53qz\" value=\"\"     \/>\n<input type=\"hidden\" name=\"item_meta[391]\" id=\"field_fqm3o\" value=\"\"     \/>\n<input type=\"hidden\" name=\"item_meta[392]\" id=\"field_nx3im-0\" value=\"\"  data-sectionid=\"391\"     \/>\n<input type=\"hidden\" name=\"item_meta[393]\" id=\"field_ri1qn-0\" value=\"\"  data-sectionid=\"391\"     \/>\n<input type=\"hidden\" name=\"item_meta[394]\" id=\"field_jyq2v-0\" value=\"\"  data-sectionid=\"391\"     \/>\n<input type=\"hidden\" name=\"item_meta[395]\" id=\"field_ue8zj\" value=\"\"     \/>\n<input type=\"hidden\" name=\"item_meta[396]\" id=\"field_qu8x3\" value=\"\"     \/>\n<input type=\"hidden\" name=\"item_meta[398]\" id=\"field_hn1sv\" value=\"\"     \/>\n<input type=\"hidden\" name=\"item_meta[400]\" id=\"field_3mt59-0\" value=\"\"     \/>\n<input type=\"hidden\" name=\"item_meta[401]\" id=\"field_xoa04\" value=\"\"     \/>\n<input type=\"hidden\" name=\"item_meta[402]\" id=\"field_yifh8-0\" value=\"\"     \/>\n<input type=\"hidden\" name=\"item_meta[403]\" id=\"field_cg02l5c99c52d5a\" value=\"\"     \/>\n<input type=\"hidden\" name=\"item_meta[406]\" id=\"field_upvsj2b49c9f503\" value=\"\"     \/>\n<input type=\"hidden\" name=\"item_meta[407]\" id=\"field_tz6nt378d9156d5\" value=\"\"     \/>\n<input type=\"hidden\" name=\"item_meta[408]\" id=\"field_hmjr0\" value=\"\"     \/>\n<input type=\"hidden\" name=\"item_meta[409]\" id=\"field_951df\" value=\"\"     \/>\n<input type=\"hidden\" name=\"item_meta[410]\" id=\"field_xdi4sd123039f20\" value=\"\"     \/>\n<input type=\"hidden\" name=\"item_meta[411]\" id=\"field_w5us371b86ffa23\" value=\"\"     \/>\n<input type=\"hidden\" name=\"item_meta[412]\" id=\"field_3trqr\" value=\"\"  data-placeholder=\"Bitte ausw\u00e4hlen\"     \/>\n<input type=\"hidden\" name=\"item_meta[413]\" id=\"field_ksdbo14708be801\" value=\"\"     \/>\n<input type=\"hidden\" name=\"item_meta[414]\" id=\"field_npr907e1c3000d2-0\" value=\"\"     \/>\n<input type=\"hidden\" name=\"item_meta[432]\" id=\"field_s5j04\" value=\"\"     \/>\n\t<input type=\"hidden\" name=\"item_key\" value=\"\" \/>\n\t\t\t<div id=\"frm_field_483_container\">\n\t\t\t<label for=\"field_sti5n\" >\n\t\t\t\tIf you are human, leave this field blank.\t\t\t<\/label>\n\t\t\t<input  id=\"field_sti5n\" type=\"text\" class=\"frm_form_field form-field frm_verify\" name=\"item_meta[483]\" value=\"\"  \/>\n\t\t<\/div>\n\t\t<input name=\"frm_state\" type=\"hidden\" value=\"M4kAo45WGQpmnXQWVMk97liHPKuvYM5gL4cmnXGfcNY6bBITdKsU1kYd3qxjchLd\" \/><div class=\"frm_submit\">\r\n\r\n<button class=\"frm_button_submit\" type=\"submit\"  >Start survey<\/button>\r\n\r\n<\/div><\/div>\n<\/fieldset>\n<\/div>\n\n<\/form>\n<\/div>\n\t\t\t\t<\/div>\n\t\t\t\t<\/div>\n\t\t\t\t<\/div>\n\t\t\t\t<\/div>\n\t\t","protected":false},"excerpt":{"rendered":"<p>Customer Survey Your opinion counts Kundenumfrage ART Info Allgemeine Fragen Wie zufrieden sind Sie? Ihr Feedback Kontaktdetails Die st\u00e4ndige Verbesserung unserer Prozesse ist Teil unserer t\u00e4glichen Arbeit. Mit der Teilnahme an unserer Kundenumfrage k\u00f6nnen Sie in nur 5 Minuten auf unsere zuk\u00fcnftige Entwicklung einwirken. Wir freuen uns auf Ihr Feedback und treten im Anschluss gerne [&hellip;]<\/p>\n","protected":false},"author":2,"featured_media":0,"parent":0,"menu_order":0,"comment_status":"closed","ping_status":"closed","template":"elementor_header_footer","meta":{"_acf_changed":false,"inline_featured_image":false,"footnotes":""},"class_list":["post-13498","page","type-page","status-publish","hentry"],"acf":[],"_links":{"self":[{"href":"https:\/\/artemis-kautschuk.de\/en\/wp-json\/wp\/v2\/pages\/13498","targetHints":{"allow":["GET"]}}],"collection":[{"href":"https:\/\/artemis-kautschuk.de\/en\/wp-json\/wp\/v2\/pages"}],"about":[{"href":"https:\/\/artemis-kautschuk.de\/en\/wp-json\/wp\/v2\/types\/page"}],"author":[{"embeddable":true,"href":"https:\/\/artemis-kautschuk.de\/en\/wp-json\/wp\/v2\/users\/2"}],"replies":[{"embeddable":true,"href":"https:\/\/artemis-kautschuk.de\/en\/wp-json\/wp\/v2\/comments?post=13498"}],"version-history":[{"count":5,"href":"https:\/\/artemis-kautschuk.de\/en\/wp-json\/wp\/v2\/pages\/13498\/revisions"}],"predecessor-version":[{"id":13503,"href":"https:\/\/artemis-kautschuk.de\/en\/wp-json\/wp\/v2\/pages\/13498\/revisions\/13503"}],"wp:attachment":[{"href":"https:\/\/artemis-kautschuk.de\/en\/wp-json\/wp\/v2\/media?parent=13498"}],"curies":[{"name":"wp","href":"https:\/\/api.w.org\/{rel}","templated":true}]}}